{"id":64,"date":"2015-06-09T10:49:40","date_gmt":"2015-06-09T08:49:40","guid":{"rendered":"http:\/\/elbaby.de\/magazin\/?page_id=64"},"modified":"2021-05-26T05:40:03","modified_gmt":"2021-05-26T05:40:03","slug":"kindergeld","status":"publish","type":"page","link":"https:\/\/alleinerziehende-singles.de\/magazin\/kindergeld\/","title":{"rendered":"Rund ums Kindergeld"},"content":{"rendered":"<p>In unserer Kategorie Kindergeld findet Ihr Neuigkeiten und Tipps rund um das Thema Kindergeld.<\/p>\n<h3>Themen:<\/h3>\n<ul>\n<li><a href=\"#K1\">Wann wird mein Kindergeld \u00fcberwiesen.<\/a><\/li>\n<li><a href=\"#K2\">Wonach richtet sich der Auszahlungstermin.<\/a><\/li>\n<li><a href=\"#K3\">Wie beantrage ich Kindergeld.<\/a><\/li>\n<li><a href=\"#K4\">Wie hoch ist das Kindergeld aktuell.<\/a><\/li>\n<li><a href=\"#K5\">Wem steht Kindergeld zu<\/a><\/li>\n<li><a href=\"#K6\">Kindergeld im Ausland<\/a><\/li>\n<\/ul>\n<h2 id=\"K1\">Wann wird mein Kindergeld \u00fcberwiesen.<\/h2>\n<p>Der Tag der \u00dcberweisung des Kindergeldes richtet sich nach der Endziffer der Kindergeldnummer.<br \/>\nDie Kindergeldnummer findet man auf dem Kontoauszug oder auf dem Schreiben der Familienkasse.<br \/>\n<strong>Beispiel:<\/strong> Kindergeldnummer 129FK12476<strong>2<\/strong>. Hier ist die Endziffer die <strong>2.<br \/>\n<\/strong>In unserer monatlichen Grafik muss man nur die Farbe der Endziffer (<strong>2<\/strong>) mit der Farbe des Datums (<strong>10.08.<\/strong>) vergleichen und hat so den Auszahlungstermin: 10.08.2015.<\/p>\n<p>Siehe Grafik:<\/p>\n<p><img loading=\"lazy\" decoding=\"async\" class=\"alignleft wp-image-264\" src=\"http:\/\/elbaby.de\/magazin\/wp-content\/uploads\/Kindergeld-Auszahlungstermine-August-2015-1024x475.jpg\" alt=\"\" width=\"854\" height=\"396\" \/><\/p>\n<p>Einen Rechtsanspruch auf die Zahlung an einem bestimmten Tag gibt es nicht.<\/p>\n<h2 id=\"K2\">Wonach richtet sich der Auszahlungstermin.<\/h2>\n<p>Auf dem Schreiben der Familienkasse befindet sich die Kindergeldnummer und der Auszahlungstermin richtet sich nach der Endziffer.<br \/>\nSiehe Beispiel: Wann wird mein Kindergeld \u00fcberwiesen.<\/p>\n<p><a href=\"https:\/\/alleinerziehende-singles.de\/magazin\/stichwort\/auszahlungstermine\/\">Eine \u00dcbersicht aller Auszahlungstermine findest du hier.<\/a><\/p>\n<h2 id=\"K3\">Wie beantrage ich Kindergeld.<\/h2>\n<p>Bei der Agentur f\u00fcr Arbeit kann man das Kindergeld bei der Familienkasse beantragen.<br \/>\nIm \u00f6ffentlichen Dienst ist f\u00fcr die Auszahlung die Verg\u00fctungsstelle des Arbeitgebers oder Dienstherrn zust\u00e4ndig.<br \/>\nDer Antrag auf Zahlung von Kindergeld muss schriftlich gestellt werden und mit der Unterschrift des Erziehungsberechtigten oder eines Bevollm\u00e4chtigten versehen sein.<br \/>\nDie Formulare f\u00fcr die Beantragung von Kindergeld sind bei der Familienkasse und als PDF-Dokument auf der Internetseite der Bundesagentur f\u00fcr Arbeit erh\u00e4ltlich.<br \/>\nEs steht auch ein Online-Dienst beider Bundesagentur zur Verf\u00fcgung.<\/p>\n<h2 id=\"K4\">Wie hoch ist das Kindergeld aktuell.<\/h2>\n<p>Das Kindergeld wird einkommensunabh\u00e4ngig berechnet und ist nach der Anzahl der zu betreuenden Kinder gestaffelt.<br \/>\nIn 2018 betr\u00e4gt das monatliche Kindergeld:<br \/>\n194 Euro f\u00fcr das erste und zweite Kind.<br \/>\n200 Euro f\u00fcr das dritte und vierte Kind.<br \/>\n225 Euro f\u00fcr jedes weitere Kind.<\/p>\n<p><img loading=\"lazy\" decoding=\"async\" class=\"aligncenter wp-image-2574\" src=\"https:\/\/alleinerziehende-singles.de\/magazin\/wp-content\/uploads\/2021\/05\/Statistik-Kindergeld-300x214.jpeg\" alt=\"Kindergeld Statistik\" width=\"500\" height=\"356\" srcset=\"https:\/\/alleinerziehende-singles.de\/magazin\/wp-content\/uploads\/2021\/05\/Statistik-Kindergeld-300x214.jpeg 300w, https:\/\/alleinerziehende-singles.de\/magazin\/wp-content\/uploads\/2021\/05\/Statistik-Kindergeld-768x547.jpeg 768w, https:\/\/alleinerziehende-singles.de\/magazin\/wp-content\/uploads\/2021\/05\/Statistik-Kindergeld.jpeg 960w\" sizes=\"auto, (max-width: 500px) 100vw, 500px\" \/><\/p>\n<h2 id=\"K5\">Wem steht Kindergeld zu.<\/h2>\n<p>Anspruch auf Kindergeld haben die Erziehungsberechtigten, die f\u00fcr die Betreuung und Versorgung des Kindes aufkommen.<\/p>\n<p>Der Anspruch besteht nicht f\u00fcr das Kind selbst.<br \/>\nDas Kindergeld kann neben den leiblichen Eltern auch von den Adoptiveltern, <a href=\"https:\/\/alleinerziehende-singles.de\/magazin\/pflegekind-aufnehmen\/\">Pflegeeltern<\/a> oder Gro\u00dfeltern beantragt werden.<br \/>\nHierzu muss das Kind dauerhaft mit dem Antragsteller in einem Haushalt leben und betreut werden.<br \/>\nAlle Erziehungsberechtigten deutscher Staatsangeh\u00f6rigkeit deren Wohnsitz in Deutschland ist, haben Anspruch auf Kindergeld.<\/p>\n<h2>Kindergeld im Ausland.<\/h2>\n<p>Deutsche, die im Ausland leben und in Deutschland unbeschr\u00e4nkt einkommenssteuerpflichtig sind, haben Anspruch auf Kindergeld.<br \/>\nDie Familienkasse vor Ort erteilt im Einzelfall Ausk\u00fcnfte zu den jeweiligen Anspr\u00fcchen.<br \/>\n[socialring]<\/p>\n","protected":false},"excerpt":{"rendered":"<p>In unserer Kategorie Kindergeld findet Ihr Neuigkeiten und Tipps rund um das Thema Kindergeld. Themen: Wann wird mein Kindergeld \u00fcberwiesen.<\/p>\n","protected":false},"author":2,"featured_media":43,"parent":0,"menu_order":0,"comment_status":"closed","ping_status":"open","template":"","meta":{"footnotes":""},"class_list":["post-64","page","type-page","status-publish","has-post-thumbnail","hentry","comments-off"],"aioseo_notices":[],"_links":{"self":[{"href":"https:\/\/alleinerziehende-singles.de\/magazin\/wp-json\/wp\/v2\/pages\/64","targetHints":{"allow":["GET"]}}],"collection":[{"href":"https:\/\/alleinerziehende-singles.de\/magazin\/wp-json\/wp\/v2\/pages"}],"about":[{"href":"https:\/\/alleinerziehende-singles.de\/magazin\/wp-json\/wp\/v2\/types\/page"}],"author":[{"embeddable":true,"href":"https:\/\/alleinerziehende-singles.de\/magazin\/wp-json\/wp\/v2\/users\/2"}],"replies":[{"embeddable":true,"href":"https:\/\/alleinerziehende-singles.de\/magazin\/wp-json\/wp\/v2\/comments?post=64"}],"version-history":[{"count":3,"href":"https:\/\/alleinerziehende-singles.de\/magazin\/wp-json\/wp\/v2\/pages\/64\/revisions"}],"predecessor-version":[{"id":2577,"href":"https:\/\/alleinerziehende-singles.de\/magazin\/wp-json\/wp\/v2\/pages\/64\/revisions\/2577"}],"wp:featuredmedia":[{"embeddable":true,"href":"https:\/\/alleinerziehende-singles.de\/magazin\/wp-json\/"}],"wp:attachment":[{"href":"https:\/\/alleinerziehende-singles.de\/magazin\/wp-json\/wp\/v2\/media?parent=64"}],"curies":[{"name":"wp","href":"https:\/\/api.w.org\/{rel}","templated":true}]}}