{"id":3100,"date":"2024-10-10T12:40:59","date_gmt":"2024-10-10T12:40:59","guid":{"rendered":"https:\/\/alleinerziehende-singles.de\/magazin\/?page_id=3100"},"modified":"2025-03-20T13:42:54","modified_gmt":"2025-03-20T13:42:54","slug":"singleboersen-fuer-alleinerziehende","status":"publish","type":"page","link":"https:\/\/alleinerziehende-singles.de\/magazin\/","title":{"rendered":"Singleb\u00f6rsen f\u00fcr Alleinerziehende"},"content":{"rendered":"<h2>Alleinerziehende-Singles.de\u00a0<a class=\"more-link\" href=\"\/?AID=magazin\">Jetzt registrieren<\/a><\/h2>\n<p><a href=\"\/?AID=magazin\"><img decoding=\"async\" src=\"\/magazin\/wp-content\/uploads\/2024\/10\/singleboerese-alleinerziehende-singles.jpg\" alt=\"Flirt Moms\" \/><\/a><br \/>\nAlleinerziehende-Singles.de \u2013 Finde deine zweite H\u00e4lfte! Bei uns triffst du auf Menschen, die deinen Alltag und deine Herausforderungen als alleinerziehender Elternteil verstehen. Entdecke eine Community, die dich unterst\u00fctzt, inspiriert und echtes Verst\u00e4ndnis bietet. Ob neue Freundschaften, gemeinsame Aktivit\u00e4ten oder die gro\u00dfe Liebe \u2013 melde dich jetzt an und erlebe, wie sch\u00f6n es sein kann, das Leben gemeinsam neu zu gestalten. Verpasse nicht die Chance auf einen Neuanfang \u2013 deine Reise beginnt hier!<\/p>\n<hr \/>\n<h2>FlirtMoms <a class=\"more-link\" href=\"\/magazin\/flirtmoms-com\/\">zum Bericht<\/a><\/h2>\n<p><a href=\"\/magazin\/flirtmoms-com\/\"><img decoding=\"async\" src=\"\/magazin\/wp-content\/uploads\/2021\/08\/flirtmoms.jpg\" alt=\"Flirt Moms\" \/><\/a><br \/>\nDie Singleb\u00f6rse f\u00fcr alleinerziehende M\u00fctter &#8211; Finde hier Gleichgesinnte, die dein Leben verstehen und teilen. Ob f\u00fcr Freundschaft, gemeinsame Aktivit\u00e4ten oder die gro\u00dfe Liebe \u2013 Flirt Moms bringt dich mit anderen alleinerziehenden Eltern zusammen, die die gleichen Herausforderungen und W\u00fcnsche haben. Entdecke ein Netzwerk, das deine Bed\u00fcrfnisse versteht und dir dabei hilft, wieder Liebe und N\u00e4he zu erleben. Jetzt kostenlos anmelden und die Chancen auf einen Neustart nutzen!<\/p>\n<hr \/>\n<h2>Single mit Kind <a class=\"more-link\" href=\"\/magazin\/singlemitkind-at\/\">zum Bericht<\/a><\/h2>\n<p><a href=\"\/magazin\/singlemitkind-at\/\"><img decoding=\"async\" src=\"\/magazin\/wp-content\/uploads\/2021\/08\/singlesmitkind.jpg\" alt=\"Single mit Kind\" \/><\/a><br \/>\nDie Singleb\u00f6rse f\u00fcr alleinerziehende Eltern! Hier triffst du Menschen, die das Leben als Single mit Kind aus eigener Erfahrung kennen und auf der Suche nach neuen Kontakten sind. Ob du Freundschaften kn\u00fcpfen, dich austauschen oder die Liebe deines Lebens finden m\u00f6chtest \u2013 Single-mit-Kind.de bietet dir eine Plattform, auf der Verst\u00e4ndnis und Gemeinsamkeit im Vordergrund stehen. Entdecke, wie sch\u00f6n es sein kann, das Leben zu zweit oder als Patchwork-Familie neu zu gestalten!<\/p>\n<hr \/>\n<h2>Match-Patch.de <a class=\"more-link\" href=\"\/magazin\/match-patch-de\/\">zum Bericht<\/a><\/h2>\n<p><img loading=\"lazy\" decoding=\"async\" class=\"size-full wp-image-2654 alignnone\" src=\"https:\/\/alleinerziehende-singles.de\/magazin\/wp-content\/uploads\/2021\/07\/alleinerziehende-singles-matchpatch.jpg\" alt=\"match-patch\" width=\"800\" height=\"445\" srcset=\"https:\/\/alleinerziehende-singles.de\/magazin\/wp-content\/uploads\/2021\/07\/alleinerziehende-singles-matchpatch.jpg 800w, https:\/\/alleinerziehende-singles.de\/magazin\/wp-content\/uploads\/2021\/07\/alleinerziehende-singles-matchpatch-300x167.jpg 300w, https:\/\/alleinerziehende-singles.de\/magazin\/wp-content\/uploads\/2021\/07\/alleinerziehende-singles-matchpatch-768x427.jpg 768w\" sizes=\"auto, (max-width: 800px) 100vw, 800px\" \/><br \/>\nHierbei handelt es sich um eine Singleb\u00f6rse f\u00fcr Singles mit Kind und Familiensinn! Ob m\u00e4nnlich oder weiblich, Du hast alles was man im Leben braucht, eine nette Wohnung, ein h\u00fcbsches Kind, es fehlt nur der richtige Partner\/Partnerin. In diesem Fall war der Weg nicht umsonst. Hier bei Match-Patch finden Teilzeiteltern, Alleinerziehende, sowie Singles mit Kinderwunsch, die auch gerne einen Singlepapa oder eine Singlemama kennenlernen m\u00f6chten, den richtigen Partner.<\/p>\n<hr \/>\n<h2>Patchworkglueck <a class=\"more-link\" href=\"\/magazin\/patchworkglueck\/\">zum Bericht<\/a><\/h2>\n<p><img loading=\"lazy\" decoding=\"async\" class=\"size-full wp-image-2681 alignnone\" src=\"https:\/\/alleinerziehende-singles.de\/magazin\/wp-content\/uploads\/2021\/07\/patchworkglueck.jpg\" alt=\"Patchworkgl\u00fcck - Singleb\u00f6rse\" width=\"800\" height=\"445\" srcset=\"https:\/\/alleinerziehende-singles.de\/magazin\/wp-content\/uploads\/2021\/07\/patchworkglueck.jpg 800w, https:\/\/alleinerziehende-singles.de\/magazin\/wp-content\/uploads\/2021\/07\/patchworkglueck-300x167.jpg 300w, https:\/\/alleinerziehende-singles.de\/magazin\/wp-content\/uploads\/2021\/07\/patchworkglueck-768x427.jpg 768w\" sizes=\"auto, (max-width: 800px) 100vw, 800px\" \/><br \/>\nAuf der B\u00f6rse Patchworkglueck sind Singles angemeldet, die ernste Beziehungsabsichten haben. Zus\u00e4tzlich sind es Alleinstehende, die bereits Kinder haben und mit ihnen zusammen leben. Zudem gibt es auch Singles, die nicht mit ihren Kindern zusammenleben, sondern letztere am Wochenende besuchen. Es k\u00f6nnen sich auch ledige Personen ohne Kind, auf der B\u00f6rse anmelden. Dies setzt selbstverst\u00e4ndlich Akzeptanz und Verst\u00e4ndnis voraus, bzw. die Bereitschaft eine Partnerschaft mit jemanden einzugehen, der bereits Kinder hat.<\/p>\n<hr \/>\n<h2>Moms-Dads-Kids.de <a class=\"more-link\" href=\"\/magazin\/moms-dads-kids-de\/\">zum Bericht<\/a><\/h2>\n<p><img loading=\"lazy\" decoding=\"async\" class=\"size-full wp-image-2610 alignnone\" src=\"https:\/\/alleinerziehende-singles.de\/magazin\/wp-content\/uploads\/2021\/07\/alleinerziehende-singles-momsdadskids.jpg\" alt=\"moms-dads-kids\" width=\"800\" height=\"445\" srcset=\"https:\/\/alleinerziehende-singles.de\/magazin\/wp-content\/uploads\/2021\/07\/alleinerziehende-singles-momsdadskids.jpg 800w, https:\/\/alleinerziehende-singles.de\/magazin\/wp-content\/uploads\/2021\/07\/alleinerziehende-singles-momsdadskids-300x167.jpg 300w, https:\/\/alleinerziehende-singles.de\/magazin\/wp-content\/uploads\/2021\/07\/alleinerziehende-singles-momsdadskids-768x427.jpg 768w\" sizes=\"auto, (max-width: 800px) 100vw, 800px\" \/><br \/>\nDie Seite hat sich Singles mit Kind gewidmet, doch der Vorteil ist, dass es dennoch nicht ausschlie\u00dflich Singles mit Kind vorbehalten ist, sich auf dieser Webpr\u00e4senz anzumelden. Auch Singles, die selbst noch keine Kinder haben, k\u00f6nnen sich hier anmelden. Dies setzt voraus, dass Alleinstehende ohne Kind, sich einen Partner vorstellen k\u00f6nnen, der bereits ein oder mehrere Kinder hat. Auf diese Weisen werden die Erfolgschancen nochmals erh\u00f6ht und es ergibt sich eine bunte Mischung aus Singles mit einem unterschiedlichen Hintergrund.<\/p>\n<hr \/>\n","protected":false},"excerpt":{"rendered":"<p>Alleinerziehende-Singles.de\u00a0Jetzt registrieren Alleinerziehende-Singles.de \u2013 Finde deine zweite H\u00e4lfte! Bei uns triffst du auf Menschen, die deinen Alltag und deine Herausforderungen<\/p>\n","protected":false},"author":2,"featured_media":0,"parent":0,"menu_order":0,"comment_status":"closed","ping_status":"closed","template":"","meta":{"footnotes":""},"class_list":["post-3100","page","type-page","status-publish","hentry","comments-off"],"aioseo_notices":[],"_links":{"self":[{"href":"https:\/\/alleinerziehende-singles.de\/magazin\/wp-json\/wp\/v2\/pages\/3100","targetHints":{"allow":["GET"]}}],"collection":[{"href":"https:\/\/alleinerziehende-singles.de\/magazin\/wp-json\/wp\/v2\/pages"}],"about":[{"href":"https:\/\/alleinerziehende-singles.de\/magazin\/wp-json\/wp\/v2\/types\/page"}],"author":[{"embeddable":true,"href":"https:\/\/alleinerziehende-singles.de\/magazin\/wp-json\/wp\/v2\/users\/2"}],"replies":[{"embeddable":true,"href":"https:\/\/alleinerziehende-singles.de\/magazin\/wp-json\/wp\/v2\/comments?post=3100"}],"version-history":[{"count":5,"href":"https:\/\/alleinerziehende-singles.de\/magazin\/wp-json\/wp\/v2\/pages\/3100\/revisions"}],"predecessor-version":[{"id":3149,"href":"https:\/\/alleinerziehende-singles.de\/magazin\/wp-json\/wp\/v2\/pages\/3100\/revisions\/3149"}],"wp:attachment":[{"href":"https:\/\/alleinerziehende-singles.de\/magazin\/wp-json\/wp\/v2\/media?parent=3100"}],"curies":[{"name":"wp","href":"https:\/\/api.w.org\/{rel}","templated":true}]}}