{"id":2488,"date":"2021-03-17T17:35:23","date_gmt":"2021-03-17T17:35:23","guid":{"rendered":"https:\/\/alleinerziehende-singles.de\/magazin\/?page_id=2488"},"modified":"2021-11-27T16:41:36","modified_gmt":"2021-11-27T16:41:36","slug":"ssw-schwangerschaftswoche-36","status":"publish","type":"page","link":"https:\/\/alleinerziehende-singles.de\/magazin\/ssw-schwangerschaftswoche-36\/","title":{"rendered":"Die Schwangerschaftswoche 36"},"content":{"rendered":"<h2>Entwicklung des Babys<\/h2>\n<p>In der 36. SSW reift die Lunge vollst\u00e4ndig aus und ist komplett funktionsf\u00e4hig. Aktuell wiegt das Baby mehr als 2,2 kg. Es wird in den n\u00e4chsten Wochen aber nochmal ordentlich zulegen. Denn Fettpolster sind f\u00fcr das Baby wichtig f\u00fcr die Geburt und die erste Zeit danach. Die Gr\u00f6\u00dfe liegt im Schnitt ungef\u00e4hr bei 47 cm. Es bereitet sich jetzt auch schon langsam auf die Geburt vor indem es seine endg\u00fcltige Geburtsposition einnimmt. Es \u00fcbt das Atmen, Schlucken und nuckelt am Daumen. Dadurch werden bereits die Muskeln trainiert, die das Kind nach der Geburt f\u00fcr die Nahrungsaufnahme ben\u00f6tigt. In der 36. Schwangerschaftswoche hat sich nun auch die Stirn ausgepr\u00e4gt, da das Gehirn nochmal gewachsen ist.<\/p>\n<p><img loading=\"lazy\" decoding=\"async\" class=\"aligncenter size-large wp-image-2827\" src=\"https:\/\/alleinerziehende-singles.de\/magazin\/wp-content\/uploads\/2021\/11\/SSW-36-1024x592.png\" alt=\"Schwangerschftswoche 36\" width=\"648\" height=\"375\" srcset=\"https:\/\/alleinerziehende-singles.de\/magazin\/wp-content\/uploads\/2021\/11\/SSW-36-1024x592.png 1024w, https:\/\/alleinerziehende-singles.de\/magazin\/wp-content\/uploads\/2021\/11\/SSW-36-300x173.png 300w, https:\/\/alleinerziehende-singles.de\/magazin\/wp-content\/uploads\/2021\/11\/SSW-36-768x444.png 768w, https:\/\/alleinerziehende-singles.de\/magazin\/wp-content\/uploads\/2021\/11\/SSW-36-1536x887.png 1536w, https:\/\/alleinerziehende-singles.de\/magazin\/wp-content\/uploads\/2021\/11\/SSW-36.png 1745w\" sizes=\"auto, (max-width: 648px) 100vw, 648px\" \/><\/p>\n<h2>Das ist auf dem Ultraschall zu sehen<\/h2>\n<p>In der 36. SSW ist das Baby schon so gro\u00df, dass es nicht mehr komplett auf das Ultraschall Bild passt. Es sind nun nur noch einzelne Details zu sehen. Vielleicht ist sogar schon zusehen, dass das Kind langsam weiter ins Becken rutscht.<\/p>\n<p>Wenn das Baby nun auf die Welt kommt, w\u00e4re es zwar eine sp\u00e4te Fr\u00fchgeburt, w\u00fcrde allerdings keinerlei Folgen davon tragen und w\u00e4re problemlos allein lebensf\u00e4hig.<\/p>\n<h2>Die Gesundheit der Mutter<\/h2>\n<p>Die Geb\u00e4rmutter befindet sich in der 36. Schwangerschaftswoche auf der H\u00f6he des Rippenbogens und hat damit ihren h\u00f6chsten Stand erreicht. Senkwehen sind weiterhin vorhanden und machen sich als unregelm\u00e4\u00dfiges Ziehen bemerkbar. In der 36. SSW hat das Kind kaum noch Platz um sich zu bewegen. Daf\u00fcr zeichnen sich die Bewegungen deutlich am Bauch der Mutter ab. Der R\u00fccken der Mutter wird durch die Schwangerschaft weiterhin stark belastet. Einige versp\u00fcren jetzt auch einen vermehrten Harndrang. Denn wenn sich das Baby bereits ins Becken senkt dr\u00fcckt es so auf die Blase. Die fortschreitende Schwangerschaft wirkt sich sp\u00e4testens jetzt auf das komplette Wohlbefinden der Mutter aus. Ersch\u00f6pfung tritt schneller ein, daher sollten regelm\u00e4\u00dfig Pausen gemacht werden. Au\u00dferdem kann es in der 36. Schwangerschaftswoche zu vermehrten Wassereinlagerungen kommen. Daher ist leichte Bewegung und eine aureichende Wasserzufuhr wichtig<\/p>\n<h2>Tipps f\u00fcr die Phase dieser SSW<\/h2>\n<p>Wenn sich das Baby in der 36. SSW noch nicht in der richtigen Lage befindet, kann es jetzt mit einer \u00e4u\u00dferen Wendung durch einen Arzt versucht werden. Da die Geburt nun jederzeit einsetzen kann, ist es f\u00fcr die Mutter sinnvoll die wichtigsten Sachen f\u00fcr die Kliniktasche zu packen. In die Tasche geh\u00f6ren allerdings nicht nur Sachen f\u00fcr die Mutter, sondern Bekleidung f\u00fcr das Baby f\u00fcr die ersten Tage nach der Geburt.<\/p>\n<p>Es ist wissenschaftlich belegt, dass Neugeborene am liebsten die Stimme der Mutter h\u00f6ren. Die 36. Schwangerschaftswoche ist also ein idealer Zeitpunkt, um den Kind eine Geschichte vorzulesen oder ein Lied vorzusingen. Dadurch kann die Bindung nach der Geburt verst\u00e4rkt werden. In diesen letzen Wochen der Schwangerschaft sollten auch alle Vorbereitungen f\u00fcr die Ankunft des Babys getroffen werden. Dazu geh\u00f6rt unter anderem das Kinderzimmer fertig einzurichten. Wenn das Baby nach der Geburt gestillt werden soll, ist es sinnvoll bereits einige Utensilien daf\u00fcr zu besorgen wie zum Beispiel eine Milchpumpe, Still Bh oder Stillkissen. Da der Nachwuchs nun nicht mehr lange auf sich warten l\u00e4sst, sollte die werdende Mutter auch noch ausgiebig die gemeinsame Paarzeit mit dem Vater genie\u00dfen und so viel wie m\u00f6glich schlafen. Falls noch Unklarheiten bez\u00fcglich der Geburt und der Zeit danach bestehen, sollten diese entweder mit dem Arzt oder der Hebamme abschlie\u00dfend gekl\u00e4rt werden.<\/p>\n<p><a href=\"https:\/\/alleinerziehende-singles.de\/magazin\/ssw-schwangerschaftswoche-35\/\">\u21d0 Zur\u00fcck zu SSW 35<\/a><br \/>\n<a href=\"https:\/\/alleinerziehende-singles.de\/magazin\/ssw-schwangerschaftswoche-37\/\">\u21d2 Weiter zu SSW 37<\/a><\/p>\n","protected":false},"excerpt":{"rendered":"<p>Entwicklung des Babys In der 36. SSW reift die Lunge vollst\u00e4ndig aus und ist komplett funktionsf\u00e4hig. Aktuell wiegt das Baby<\/p>\n","protected":false},"author":2,"featured_media":0,"parent":0,"menu_order":0,"comment_status":"closed","ping_status":"closed","template":"","meta":{"footnotes":""},"class_list":["post-2488","page","type-page","status-publish","hentry","comments-off"],"aioseo_notices":[],"_links":{"self":[{"href":"https:\/\/alleinerziehende-singles.de\/magazin\/wp-json\/wp\/v2\/pages\/2488","targetHints":{"allow":["GET"]}}],"collection":[{"href":"https:\/\/alleinerziehende-singles.de\/magazin\/wp-json\/wp\/v2\/pages"}],"about":[{"href":"https:\/\/alleinerziehende-singles.de\/magazin\/wp-json\/wp\/v2\/types\/page"}],"author":[{"embeddable":true,"href":"https:\/\/alleinerziehende-singles.de\/magazin\/wp-json\/wp\/v2\/users\/2"}],"replies":[{"embeddable":true,"href":"https:\/\/alleinerziehende-singles.de\/magazin\/wp-json\/wp\/v2\/comments?post=2488"}],"version-history":[{"count":3,"href":"https:\/\/alleinerziehende-singles.de\/magazin\/wp-json\/wp\/v2\/pages\/2488\/revisions"}],"predecessor-version":[{"id":2828,"href":"https:\/\/alleinerziehende-singles.de\/magazin\/wp-json\/wp\/v2\/pages\/2488\/revisions\/2828"}],"wp:attachment":[{"href":"https:\/\/alleinerziehende-singles.de\/magazin\/wp-json\/wp\/v2\/media?parent=2488"}],"curies":[{"name":"wp","href":"https:\/\/api.w.org\/{rel}","templated":true}]}}