{"id":2485,"date":"2021-03-16T15:34:38","date_gmt":"2021-03-16T15:34:38","guid":{"rendered":"https:\/\/alleinerziehende-singles.de\/magazin\/?page_id=2485"},"modified":"2021-11-27T16:59:10","modified_gmt":"2021-11-27T16:59:10","slug":"ssw-schwangerschaftswoche-40","status":"publish","type":"page","link":"https:\/\/alleinerziehende-singles.de\/magazin\/ssw-schwangerschaftswoche-40\/","title":{"rendered":"Die Schwangerschaftswoche 40"},"content":{"rendered":"<p>Schwangerschaftswoche 40- jetzt haben Sie es fast geschafft<\/p>\n<h2>Entwicklung des Babys<\/h2>\n<p>Ihr Baby ist jetzt so gro\u00df, dass der Platz in Ihrem Bauch sehr begrenzt ist. Es hat jetzt die Arme und Beine so weit angewinkelt, wie es m\u00f6glich ist, damit es \u00fcberhaupt noch reinpasst. Der gr\u00f6\u00dfte K\u00f6rperteil ist jetzt der Kopf, mit einem Umfang von ca. 35 Zentimeter. Die einzelnen Sch\u00e4delknochen sind nicht miteinander verwachsen, so dass das Baby besser durch den Geburtskanal kommt. Es kann durchaus vorkommen, dass sich der Kopf bei der Geburt leicht verschiebt, damit der Umfang etwas verringert wird. Diese leichte Verformung des Kopfes verschwindet in den ersten Tagen nach der Geburt ganz von allein wieder. Bei Ihrem Baby hat sich jetzt zus\u00e4tzlich zu dem schon ausgepr\u00e4gten Saugreflex auch der Suchreflex entwickelt. Es kann jetzt gleich nach der Geburt allein durch den Geruchssinn Ihre Brust finden. Das Baby ist jetzt am Ziel der Entwicklung angekommen und ist bereit f\u00fcr die Welt.<\/p>\n<p><img loading=\"lazy\" decoding=\"async\" class=\"aligncenter size-large wp-image-2839\" src=\"https:\/\/alleinerziehende-singles.de\/magazin\/wp-content\/uploads\/2021\/11\/SSW-40-1024x569.png\" alt=\"Schwangerschaftswoche 40\" width=\"648\" height=\"360\" srcset=\"https:\/\/alleinerziehende-singles.de\/magazin\/wp-content\/uploads\/2021\/11\/SSW-40-1024x569.png 1024w, https:\/\/alleinerziehende-singles.de\/magazin\/wp-content\/uploads\/2021\/11\/SSW-40-300x167.png 300w, https:\/\/alleinerziehende-singles.de\/magazin\/wp-content\/uploads\/2021\/11\/SSW-40-768x427.png 768w, https:\/\/alleinerziehende-singles.de\/magazin\/wp-content\/uploads\/2021\/11\/SSW-40-1536x853.png 1536w, https:\/\/alleinerziehende-singles.de\/magazin\/wp-content\/uploads\/2021\/11\/SSW-40.png 1816w\" sizes=\"auto, (max-width: 648px) 100vw, 648px\" \/><\/p>\n<h2>Das ist auf dem Ultraschall zu sehen<\/h2>\n<p>Ihr Baby ist ab der Schwangerschaftswoche 40 zwischen 48-54 Zentimeter gro\u00df und wiegt 2,8-4,2 Kilogramm. Der Brustkorb ist ab der SSW 40 nach au\u00dfen gew\u00f6lbt und die Brust ragt etwas bevor, unabh\u00e4ngig vom Geschlecht des Babys. Bei den Jungen ist der Hoden jetzt vollst\u00e4ndig mit dem Hodensack verbunden und bei den M\u00e4dchen sind die \u00e4u\u00dferen Schamlippen gr\u00f6\u00dfer als die inneren. Die Fingern\u00e4gel \u00fcberragen deutlich die Fingerkuppen.<\/p>\n<h2>Die Gesundheit der Mutter<\/h2>\n<p>In der Schwangerschaftswoche 40 ist Ihr Bauch auf das Maximum angespannt. Es kann jetzt durchaus vorkommen, dass er etwas juckt, bedingt durch die Dehnung. Es empfiehlt sich daher beim Duschen Seifen und Duschschaum durch \u00d6le zu ersetzten. Es ist m\u00f6glich, dass orangefarbene Vormilchtropfen aus Ihrer Brust kommen, auch blutiger Ausfluss ist in der Schwangerschaftswoche 40 v\u00f6llig normal. Sollten Sie jetzt pl\u00f6tzlich Hei\u00dfhunger auf Ihr Lieblingsgericht versp\u00fcren, so ist dies auch ein Zeichen, dass es bald los gehen kann. Auch wenn Sie ab dieser SSW jeden Moment mit der Geburt rechnen sollten und auf jedes Zucken reagieren, vermeiden Sie auf jeden Fall Stress. Aktive Methoden, um die Geburt einzuleiten, sollten Sie sehr genau mit Ihrem Arzt und\/oder Hebamme absprechen. Aber generell nimmt sich das Baby einfach die Zeit, die es ben\u00f6tigt. Durch leichte Massagen Ihres Bauches oder mit warmen \u00d6lb\u00e4dern k\u00f6nnen sie das Baby etwas auf die Idee bringen, dass es jetzt auf die Welt kommen m\u00f6chte. Generell helfen sanfte, gleichm\u00e4\u00dfige Bewegungen Ihr Kind in die richtige Position zu bringen. Auch Geschlechtsverkehr kann ab der SSW 40 etwas zur baldigen Geburt beitragen.<\/p>\n<h2>Tipps f\u00fcr die Phase dieser SSW<\/h2>\n<p>Versuchen Sie ab der SSW 40 nicht jede Sekunde an die Geburt zu denken, bzw. daran wann es endlich losgeht. Besch\u00e4ftigen Sie sich mit Formalit\u00e4ten, die noch erledigt werden m\u00fcssen und denken Sie daran, die ersten Tage und Wochen werden Sie wahrscheinlich nicht mehr dazu kommen. Steht der Name schon fest? Wenn nicht, dann sollten Sie sich jetzt so langsam festlegen. In der Regel sollte das Neugeborene in den ersten sieben Tagen beim Standesamt angemeldet werden. Sie k\u00f6nnen auch die Anmeldung zum R\u00fcckbildungskurs ausf\u00fcllen und den Antrag f\u00fcr das Elterngeld. Unternehmen Sie jetzt alles, was Sie von der Geburt ablenkt und Ihnen die Nervosit\u00e4t etwas nimmt. Statistisch kommen lediglich vier von Hundert Baby genau zum errechneten Termin. Alle anderen kommen bis zu zehn Tage davor oder danach zur Welt.<\/p>\n<p><a href=\"https:\/\/alleinerziehende-singles.de\/magazin\/ssw-schwangerschaftswoche-39\/\">\u21d0 Zur\u00fcck zu SSW 39<\/a><\/p>\n","protected":false},"excerpt":{"rendered":"<p>Schwangerschaftswoche 40- jetzt haben Sie es fast geschafft Entwicklung des Babys Ihr Baby ist jetzt so gro\u00df, dass der Platz<\/p>\n","protected":false},"author":2,"featured_media":0,"parent":0,"menu_order":0,"comment_status":"closed","ping_status":"closed","template":"","meta":{"footnotes":""},"class_list":["post-2485","page","type-page","status-publish","hentry","comments-off"],"aioseo_notices":[],"_links":{"self":[{"href":"https:\/\/alleinerziehende-singles.de\/magazin\/wp-json\/wp\/v2\/pages\/2485","targetHints":{"allow":["GET"]}}],"collection":[{"href":"https:\/\/alleinerziehende-singles.de\/magazin\/wp-json\/wp\/v2\/pages"}],"about":[{"href":"https:\/\/alleinerziehende-singles.de\/magazin\/wp-json\/wp\/v2\/types\/page"}],"author":[{"embeddable":true,"href":"https:\/\/alleinerziehende-singles.de\/magazin\/wp-json\/wp\/v2\/users\/2"}],"replies":[{"embeddable":true,"href":"https:\/\/alleinerziehende-singles.de\/magazin\/wp-json\/wp\/v2\/comments?post=2485"}],"version-history":[{"count":3,"href":"https:\/\/alleinerziehende-singles.de\/magazin\/wp-json\/wp\/v2\/pages\/2485\/revisions"}],"predecessor-version":[{"id":2840,"href":"https:\/\/alleinerziehende-singles.de\/magazin\/wp-json\/wp\/v2\/pages\/2485\/revisions\/2840"}],"wp:attachment":[{"href":"https:\/\/alleinerziehende-singles.de\/magazin\/wp-json\/wp\/v2\/media?parent=2485"}],"curies":[{"name":"wp","href":"https:\/\/api.w.org\/{rel}","templated":true}]}}