{"id":2475,"date":"2021-03-15T12:38:20","date_gmt":"2021-03-15T12:38:20","guid":{"rendered":"https:\/\/alleinerziehende-singles.de\/magazin\/?page_id=2475"},"modified":"2021-11-27T16:45:08","modified_gmt":"2021-11-27T16:45:08","slug":"ssw-schwangerschaftswoche-37","status":"publish","type":"page","link":"https:\/\/alleinerziehende-singles.de\/magazin\/ssw-schwangerschaftswoche-37\/","title":{"rendered":"Die Schwangerschaftswoche 37"},"content":{"rendered":"<p>In der 37. Schwangerschaftswoche ist es schon fast geschafft. Das Baby gilt nicht mehr als Fr\u00fchchen, sondern als termin-gerecht geboren!<\/p>\n<p>Die Tasche mit den n\u00f6tigsten Dingen f\u00fcr das Krankenhaus sollte schon griffbereit sein, denn jeden Tag kann es so weit sein, dass die Fruchtblase platzt und die Geburt beginnt. Die Spannung steigt.<\/p>\n<h2>Das Baby<\/h2>\n<p>Das Baby verliert in dieser Schwangerschaftswoche das Lanugohaar und es nimmt pro Tag um 20 bis 50 Gramm zu. Die Fettreserven des Babys nehmen mittlerweile 15 Prozent des Gesamtk\u00f6rpergewichtes ein. Ihr Baby setzt Babyspeck an und bildet Hautfalten an den Ellbogen und Knien. Nur so kann ein W\u00e4rmeverlust vermieden werden. Das Baby wiegt bereits circa 3 Kilogramm und misst circa 48 Zentimeter. Es ist so gro\u00df wie eine Ananas! Der Kopfumfang des Bauchzwerges betr\u00e4gt 9 Zentimeter. Die Organe sind voll entwickelt und bereits voll in Funktion. Nur mehr der Kopf und das Gehirn werden weiterwachsen.<\/p>\n<p>Die K\u00e4seschmiere, die das Baby vor dem Fruchtwasser gesch\u00fctzt hat, verschwindet in der 37. SSW.<br \/>\nDie Haare beginnen zu wachsen, so dass Ihr Baby mit bis zu 3 Zentimeter langen Haaren zu Welt kommen kann.<br \/>\nIn der 37. Schwangerschaftswoche schl\u00e4ft das Baby sehr viel &#8211; es bereitet sich bereits f\u00fcr die anstrengende Geburt vor. Der Bewegungsfreiraum ist bereits ziemlich eingeschr\u00e4nkt. Die Tritte werden seltener, daf\u00fcr lutscht das Baby am Daumen, dreht den Kopf oder blinzelt. Das Fruchtwasser umschlie\u00dft das Baby eng. Die Plazenta hat ihre fast vollst\u00e4ndige Gr\u00f6\u00dfe erreicht und wiegt ein F\u00fcnftel des K\u00f6rpergewichts des Babys.<\/p>\n<p>Der Darm des Bauchzwerges ist mit einer dicken Masse gef\u00fcllt bestehend aus Resten von geschlucktem Fruchtwasser, Darmzellen und Gallenfl\u00fcssigkeit und bildet die erste Form des Stuhls &#8211; Kindspech oder Mekonium genannt.<\/p>\n<p><img loading=\"lazy\" decoding=\"async\" class=\"aligncenter size-large wp-image-2829\" src=\"https:\/\/alleinerziehende-singles.de\/magazin\/wp-content\/uploads\/2021\/11\/SSW-37-1024x593.png\" alt=\"Schwangerschaftswoche 37\" width=\"648\" height=\"375\" srcset=\"https:\/\/alleinerziehende-singles.de\/magazin\/wp-content\/uploads\/2021\/11\/SSW-37-1024x593.png 1024w, https:\/\/alleinerziehende-singles.de\/magazin\/wp-content\/uploads\/2021\/11\/SSW-37-300x174.png 300w, https:\/\/alleinerziehende-singles.de\/magazin\/wp-content\/uploads\/2021\/11\/SSW-37-768x445.png 768w, https:\/\/alleinerziehende-singles.de\/magazin\/wp-content\/uploads\/2021\/11\/SSW-37-1536x890.png 1536w, https:\/\/alleinerziehende-singles.de\/magazin\/wp-content\/uploads\/2021\/11\/SSW-37.png 1740w\" sizes=\"auto, (max-width: 648px) 100vw, 648px\" \/><\/p>\n<h2>Die werdende Mama<\/h2>\n<p>Der Schwangerschaftsbauch rutscht nach unten, um dem Baby ein angenehmes Liegen am Beckenknochen zu erm\u00f6glichen. Langsam dreht sich das Baby nach unten &#8211; Senkwehen k\u00f6nnen diesen Vorgang einleiten. Der Druck auf den Beckenboden wird st\u00e4rker. Das Baby bereitet sich bereits auf die Geburt vor! Sollte der Kopf des Babys noch nicht in der richtigen Geburtsposition sein, gibt es durch gezielte Gymnastik\u00fcbungen die M\u00f6glichkeit, das Baby anzuregen, sich auch noch in der 37. SSW zu drehen. Auch der Arzt kann hierbei helfen! Die Lage des Kopfes entscheidet letztendlich \u00fcber die Entbindungsart.<\/p>\n<p>Die Organe der werdenden Mutter sind durch den zuk\u00fcnftigen neuen Erdenb\u00fcrger in der 37. Schwangerschaftswoche noch immer &#8222;gequetscht&#8220;. Das f\u00fchrt in der 37. SSW zu \u00dcbelkeit, Unterleibsschmerzen oder auch Durchfall. Durch die Senklage des Babys l\u00e4sst der Druck im Brustbereich nach und die Atmung wird leichter.<br \/>\nAls werdende Mama bewegen Sie sich langsamer und wirken schwerf\u00e4lliger, da der K\u00f6rperschwerpunkt nun woanders liegt.<\/p>\n<p>Ihr Arzt wird bei jedem Besuch eine vollst\u00e4ndige gyn\u00e4kologische Untersuchung durchf\u00fchren, um das Einsetzen der Wehent\u00e4tigkeit absch\u00e4tzen zu k\u00f6nnen.<\/p>\n<p>Ausfluss in dieser SSW ist normal. Sollte dieser st\u00e4rker werden, handelt es sich um den Schleimpropf, der den Muttermund verschlie\u00dft &#8211; ein sicheres Zeichen, dass die Geburt in K\u00fcrze erfolgen wird.<\/p>\n<p>Weiter Anzeichen, dass die Geburt bevorsteht, sind \u00dcbelkeit, Kopfschmerzen, R\u00fcckenschmerzen und das Platzen der Fruchtblase. Tipp: Sollten die R\u00fcckenschmerzen durch das Auflegen einer W\u00e4rmeflasche verschwinden, handelt es sich noch nicht um geburtseinleitende Wehen! Dann haben Sie noch Zeit!<\/p>\n<h2>Tipps f\u00fcr den Endspurt<\/h2>\n<p>Mit der nahenden Geburt steigt nicht nur die Vorfreude, das Baby bald im Arm halten zu d\u00fcrfen, sondern auch die Aufregung. M\u00f6glicherweise ergeben sich noch Fragen oder \u00c4ngste die Geburt betreffend, die es noch zu kl\u00e4ren gilt. Die Hebamme steht unterst\u00fctzend zur Seite!<\/p>\n<p>Sie wissen noch nicht, wer Sie zur Geburt begleiten soll? Jetzt ist der Zeitpunkt, dies zu kl\u00e4ren und zu organisieren!<br \/>\nEs empfiehlt sich auch, ein wenig \u00fcber die Zeit nach der Geburt nachzudenken. Wer unterst\u00fctzt und hilft, damit Sie die erste Zeit mit Ihrem langersehnten Baby genie\u00dfen k\u00f6nnen?<\/p>\n<p><a href=\"https:\/\/alleinerziehende-singles.de\/magazin\/ssw-schwangerschaftswoche-36\/\">\u21d0 Zur\u00fcck zu SSW 36<\/a><br \/>\n<a href=\"https:\/\/alleinerziehende-singles.de\/magazin\/ssw-schwangerschaftswoche-38\/\">\u21d2 Weiter zu SSW 38<\/a><\/p>\n","protected":false},"excerpt":{"rendered":"<p>In der 37. Schwangerschaftswoche ist es schon fast geschafft. Das Baby gilt nicht mehr als Fr\u00fchchen, sondern als termin-gerecht geboren!<\/p>\n","protected":false},"author":2,"featured_media":0,"parent":0,"menu_order":0,"comment_status":"closed","ping_status":"closed","template":"","meta":{"footnotes":""},"class_list":["post-2475","page","type-page","status-publish","hentry","comments-off"],"aioseo_notices":[],"_links":{"self":[{"href":"https:\/\/alleinerziehende-singles.de\/magazin\/wp-json\/wp\/v2\/pages\/2475","targetHints":{"allow":["GET"]}}],"collection":[{"href":"https:\/\/alleinerziehende-singles.de\/magazin\/wp-json\/wp\/v2\/pages"}],"about":[{"href":"https:\/\/alleinerziehende-singles.de\/magazin\/wp-json\/wp\/v2\/types\/page"}],"author":[{"embeddable":true,"href":"https:\/\/alleinerziehende-singles.de\/magazin\/wp-json\/wp\/v2\/users\/2"}],"replies":[{"embeddable":true,"href":"https:\/\/alleinerziehende-singles.de\/magazin\/wp-json\/wp\/v2\/comments?post=2475"}],"version-history":[{"count":3,"href":"https:\/\/alleinerziehende-singles.de\/magazin\/wp-json\/wp\/v2\/pages\/2475\/revisions"}],"predecessor-version":[{"id":2831,"href":"https:\/\/alleinerziehende-singles.de\/magazin\/wp-json\/wp\/v2\/pages\/2475\/revisions\/2831"}],"wp:attachment":[{"href":"https:\/\/alleinerziehende-singles.de\/magazin\/wp-json\/wp\/v2\/media?parent=2475"}],"curies":[{"name":"wp","href":"https:\/\/api.w.org\/{rel}","templated":true}]}}