{"id":2466,"date":"2021-03-10T16:39:05","date_gmt":"2021-03-10T16:39:05","guid":{"rendered":"https:\/\/alleinerziehende-singles.de\/magazin\/?page_id=2466"},"modified":"2021-11-27T16:50:11","modified_gmt":"2021-11-27T16:50:11","slug":"ssw-schwangerschaftswoche-38","status":"publish","type":"page","link":"https:\/\/alleinerziehende-singles.de\/magazin\/ssw-schwangerschaftswoche-38\/","title":{"rendered":"Die Schwangerschaftswoche 38"},"content":{"rendered":"<p>38 Wochen bist du schon schwanger &#8211; nur noch zwei Wochen bis zum errechneten Geburtstermin. Nicht mehr lange, und du kannst mit deinem Baby kuscheln. Ab jetzt ist es jederzeit m\u00f6glich, dass sich dein Baby auf den Weg macht: 2 Wochen vor dem errechneten Termin und 2 Wochen nachher ist v\u00f6llig normal.<\/p>\n<h2>Entwicklung des Babys in der 38. SSW<\/h2>\n<p>Dein Baby ist bereit f\u00fcr die Geburt! In dieser Schwangerschaftswoche bildet dein Baby nur noch eine Fettschicht, die dazu dient, die Temperatur nach der Geburt besser regulieren und halten zu k\u00f6nnen. Trotzdem wird es dazu in den ersten Wochen noch Hilfe brauchen.<\/p>\n<p>Es sind bereits alle Organe fertig ausgebildet &#8211; auch die Lunge, die sich als letztes Organ vollst\u00e4ndig entwickelt &#8211; n\u00e4mlich dann, wenn dein Baby zum ersten Mal selbst\u00e4ndig atmet. Und auch dann dauert es noch einige Stunden, bevor dein Baby einen Atemrhythmus gefunden hat. Wenn dein Baby jetzt schon geboren wird, braucht es keine Lungenreifespritze mehr, weil der K\u00f6rper selbst\u00e4ndig das Hormon Kortisol produziert und ist auch kein Fr\u00fchchen mehr. Weil dein Baby schon &#8222;fertig&#8220; ist, werden viele Kaiserschnitte auch in diese Zeit gelegt.<\/p>\n<p>Im Durchschnitt wiegen Babys in dieser Schwangerschaftswoche 2,7 &#8211; 4,3 Kilogramm und bis zur Geburt kommt auch nicht mehr viel dazu. Wei\u00dft du denn schon, ob es ein Bub oder ein M\u00e4dchen wird? Das Gewicht k\u00f6nnte ein Hinweis sein, denn Buben sind meist ein wenig schwerer als M\u00e4dchen bei der Geburt.<\/p>\n<p>Im Darm deines Babys hat sich das Kindspech gebildet &#8211; der erste Stuhlgang, der normalerweise einige Stunden nach der Geburt ausgeschieden wird und eine Mischung aus Fruchtwasser, K\u00e4seschmiere und der ausgegangenen Behaarung ist.<\/p>\n<p><img loading=\"lazy\" decoding=\"async\" class=\"aligncenter size-large wp-image-2832\" src=\"https:\/\/alleinerziehende-singles.de\/magazin\/wp-content\/uploads\/2021\/11\/SSW-38-1024x594.png\" alt=\"Schwangerschaftswoche 38\" width=\"648\" height=\"376\" srcset=\"https:\/\/alleinerziehende-singles.de\/magazin\/wp-content\/uploads\/2021\/11\/SSW-38-1024x594.png 1024w, https:\/\/alleinerziehende-singles.de\/magazin\/wp-content\/uploads\/2021\/11\/SSW-38-300x174.png 300w, https:\/\/alleinerziehende-singles.de\/magazin\/wp-content\/uploads\/2021\/11\/SSW-38-768x445.png 768w, https:\/\/alleinerziehende-singles.de\/magazin\/wp-content\/uploads\/2021\/11\/SSW-38-1536x891.png 1536w, https:\/\/alleinerziehende-singles.de\/magazin\/wp-content\/uploads\/2021\/11\/SSW-38.png 1724w\" sizes=\"auto, (max-width: 648px) 100vw, 648px\" \/><\/p>\n<h2>Das ist in der 38. SSW auf dem Ultraschall zu sehen<\/h2>\n<p>In der 38. Schwangerschaftswoche ist dein Baby ungef\u00e4hr 48 Zentimeter gro\u00df und wiegt etwa 3.100 Gramm. Dein Baby ist bereit f\u00fcr die Welt da drau\u00dfen!<\/p>\n<p>Im Idealfall hat dein Baby die Geburtsposition eingenommen und liegt mit dem K\u00f6pfchen nach unten &#8211; wenn nicht, wird der Platz im Bauch immer enger und die Chancen, dass sich dein Baby noch dreht, geringer.<\/p>\n<h2>Die Gesundheit der Mutter in der 38. SSW<\/h2>\n<p>Die letzten Wochen vor der Geburt sind anstrengend und intensiv &#8211; der richtige Moment, diese Zeit zu genie\u00dfen, denn mit den ruhigen Momenten ist es dann erstmals vorbei. Schau dir eine Serie an, lies ein Buch und lass es dir gut gehen. Du kannst auch nochmals zum Friseur gehen, zur Manik\u00fcre oder du genie\u00dft die Zweisamkeit mit deinem Partner. Alles, was dir Freude macht und dich nicht zu sehr anstrengt, ist erlaubt!<\/p>\n<p>Dein K\u00f6rper \u00fcbt f\u00fcr die Geburt und du wirst immer wieder leichte Wehen wahrnehmen &#8211; keine Sorge, damit bereitest du dich und dein Baby auf den neuen Lebensabschnitt vor.<\/p>\n<p>Wenn du allerdings merkst, dass du Fruchtwasser verlierst oder der Schleimtropf abgeht, dann nimm mit deiner Hebamme oder deinem Gyn\u00e4kologen Kontakt auf &#8211; auch dann, wenn die Wehen st\u00e4rker und regelm\u00e4\u00dfiger werden. Zur \u00dcberpr\u00fcfung kannst du dich in die Badewanne legen &#8211; wenn die Wehen bleiben oder st\u00e4rker werden, ist es ein Zeichen, dass es losgehen k\u00f6nnte!<\/p>\n<p>Aber noch ein eindeutiges Zeichen f\u00fcr den Geburtsbeginn gibt es: Durchfall! Durchfall wird durch das Zusammenziehen der Geb\u00e4rmutter ausgel\u00f6st und kann das erste Anzeichen sein, dass es nicht mehr lange dauert.<br \/>\nDu wirst auch merken, dass dein Bauch tiefer sinkt und dir das Atmen dadurch leichter f\u00e4llt &#8211; ein eindeutiges Anzeichen, dass sich dein Baby langsam in Richtung Geburtskanal bewegt. Der Nachteil: Der Druck auf Darm und Harnblase steigen dadurch&#8230;.<\/p>\n<h2>Tipps f\u00fcr die Phase dieser SSW<\/h2>\n<p>Der gro\u00dfe Bauch behindert dich in deiner Beweglichkeit, die bevorstehende Geburt l\u00f6st Freude, \u00c4ngste und Unbehagen gleichzeitig aus, das Schlafen wird immer beschwerlicher, dazu kommen h\u00e4ufiger Harndrang, eventuell Juckreiz am Bauch durch die gespannte Haut, die Milch rinnt langsam aus und die M\u00fcdigkeit nimmt zu.<br \/>\nWas in dieser Phase hilft? Einen Gang zur\u00fcckschalten, auf sich achten und schauen, was gut tut. Die Geburt ist schon ganz nahe, es gilt nicht mehr lange durchzuhalten!<\/p>\n<p>Du kannst auch geburtsvorbereitende Ma\u00dfnahmen in deinen Alltag integrieren &#8211; aber bitte sprich dar\u00fcber mit deiner Hebamme und deinem Gyn\u00e4kologen:<\/p>\n<ul>\n<li>Himbeerbl\u00e4ttertee trinken zur Lockerung der Beckenbodenmuskulatur<\/li>\n<li>1 EL Leinsamen ins M\u00fcsli oder ins Joghurt, um Verstopfungen vorzubeugen<\/li>\n<li>Eine t\u00e4gliche Dammmassage unterst\u00fctzt das sensible Gewebe zwischen Scheide und After<\/li>\n<li>Frag eine Hebamme bez\u00fcglich geburtsvorbereitender Akupunktur zur Geburtserleichterung<\/li>\n<li>Nimm t\u00e4glich ein Heublumendampfbad zur Muskelentspannung<\/li>\n<li>Trainiere z.B. mit dem Epi-No f\u00fcr die bevorstehende Geburt<\/li>\n<\/ul>\n<p>Zudem kannst du langsam Kraftsuppen einkochen und einfrieren, damit du nach der Geburt mit allen N\u00e4hrstoffen versorgt wirst, die du brauchst.<\/p>\n<p><a href=\"https:\/\/alleinerziehende-singles.de\/magazin\/ssw-schwangerschaftswoche-37\/\">\u21d0 Zur\u00fcck zu SSW 37<\/a><br \/>\n<a href=\"https:\/\/alleinerziehende-singles.de\/magazin\/ssw-schwangerschaftswoche-39\/\">\u21d2 Weiter zu SSW 39<\/a><\/p>\n","protected":false},"excerpt":{"rendered":"<p>38 Wochen bist du schon schwanger &#8211; nur noch zwei Wochen bis zum errechneten Geburtstermin. Nicht mehr lange, und du<\/p>\n","protected":false},"author":2,"featured_media":0,"parent":0,"menu_order":0,"comment_status":"closed","ping_status":"closed","template":"","meta":{"footnotes":""},"class_list":["post-2466","page","type-page","status-publish","hentry","comments-off"],"aioseo_notices":[],"_links":{"self":[{"href":"https:\/\/alleinerziehende-singles.de\/magazin\/wp-json\/wp\/v2\/pages\/2466","targetHints":{"allow":["GET"]}}],"collection":[{"href":"https:\/\/alleinerziehende-singles.de\/magazin\/wp-json\/wp\/v2\/pages"}],"about":[{"href":"https:\/\/alleinerziehende-singles.de\/magazin\/wp-json\/wp\/v2\/types\/page"}],"author":[{"embeddable":true,"href":"https:\/\/alleinerziehende-singles.de\/magazin\/wp-json\/wp\/v2\/users\/2"}],"replies":[{"embeddable":true,"href":"https:\/\/alleinerziehende-singles.de\/magazin\/wp-json\/wp\/v2\/comments?post=2466"}],"version-history":[{"count":3,"href":"https:\/\/alleinerziehende-singles.de\/magazin\/wp-json\/wp\/v2\/pages\/2466\/revisions"}],"predecessor-version":[{"id":2834,"href":"https:\/\/alleinerziehende-singles.de\/magazin\/wp-json\/wp\/v2\/pages\/2466\/revisions\/2834"}],"wp:attachment":[{"href":"https:\/\/alleinerziehende-singles.de\/magazin\/wp-json\/wp\/v2\/media?parent=2466"}],"curies":[{"name":"wp","href":"https:\/\/api.w.org\/{rel}","templated":true}]}}