{"id":2463,"date":"2021-03-05T17:07:08","date_gmt":"2021-03-05T17:07:08","guid":{"rendered":"https:\/\/alleinerziehende-singles.de\/magazin\/?page_id=2463"},"modified":"2021-11-27T16:34:25","modified_gmt":"2021-11-27T16:34:25","slug":"ssw-schwangerschaftswoche-34","status":"publish","type":"page","link":"https:\/\/alleinerziehende-singles.de\/magazin\/ssw-schwangerschaftswoche-34\/","title":{"rendered":"Die Schwangerschaftswoche 34"},"content":{"rendered":"<h2>Entwicklung des Babys<\/h2>\n<p>Das Baby ben\u00f6tigt ab der SSW 34 immer mehr Platz im Bauch, da jetzt alles so gut wie ausgepr\u00e4gt ist und es lediglich noch an Gr\u00f6\u00dfe und Gewicht zulegt. Dadurch wird Ihr Kind jetzt immer gr\u00f6\u00dfer. Auch ist das Baby nun in der Lage zu treten, was es auch macht, wenn ihm danach ist. R\u00fccksicht auf Sie oder darauf, welche Tageszeit ist, nimmt es dabei nicht. Durch die langen Fingern\u00e4gel, die es jetzt hat, kann es Sie auch kratzen. Diese wachsen ab dieser Schwangerschaftswoche schneller, bis \u00fcber die Fingerkuppen hinaus. Sie sollten aber nicht gleich nach der Geburt geschnitten werden, da das Nagelbett verletzt werden k\u00f6nnte. Die N\u00e4gel sind noch sehr weich. W\u00fcrde Ihr Baby in der SSW 34 zur Welt kommen, w\u00e4re es schon komplett lebensf\u00e4hig, da die Organe fast vollst\u00e4ndig funktionsf\u00e4hig sind. Durch das Schlucken von Fruchtwasser in den letzten Wochen, ist es auch schon in der Lage, selbst\u00e4ndig zu trinken. Der Saug- und Schluckreflex ist gut ausgebildet.<\/p>\n<p><img loading=\"lazy\" decoding=\"async\" class=\"aligncenter size-large wp-image-2820\" src=\"https:\/\/alleinerziehende-singles.de\/magazin\/wp-content\/uploads\/2021\/11\/SSW-34-1024x573.png\" alt=\"Schwangerschaftswoche 34\" width=\"648\" height=\"363\" srcset=\"https:\/\/alleinerziehende-singles.de\/magazin\/wp-content\/uploads\/2021\/11\/SSW-34-1024x573.png 1024w, https:\/\/alleinerziehende-singles.de\/magazin\/wp-content\/uploads\/2021\/11\/SSW-34-300x168.png 300w, https:\/\/alleinerziehende-singles.de\/magazin\/wp-content\/uploads\/2021\/11\/SSW-34-768x430.png 768w, https:\/\/alleinerziehende-singles.de\/magazin\/wp-content\/uploads\/2021\/11\/SSW-34-1536x859.png 1536w, https:\/\/alleinerziehende-singles.de\/magazin\/wp-content\/uploads\/2021\/11\/SSW-34.png 1798w\" sizes=\"auto, (max-width: 648px) 100vw, 648px\" \/><\/p>\n<h2>Das ist auf dem Ultraschall zu sehen<\/h2>\n<p>Auf dem Ultraschal ist in der SSW 34 deutlich erkennbar, wie gro\u00df Ihr Baby mittlerweile ist und wie viel es wiegt. In der Regel ist es jetzt 44-45 Zentimeter gro\u00df und wiegt 2.200 Gramm. Durch die immer d\u00fcnner werdende Bauchdecke, dringt auch mehr Licht zum Kind und es reagiert mit dem \u00d6ffnen uns Schlie\u00dfen der Augen darauf. Die Augenfarbe ist in diese Schwangerschaftswoche und auch noch einige Zeit nach der Geburt blau. Sobald die Pigmentierung der Iris abgeschlossen ist, ver\u00e4ndert es sich eventuell noch. Ab der SSW 34 f\u00e4ngt das Baby auch an Daumen zu lutschen. F\u00fcr die Geburt ist es jetzt noch 6 Wochen zu fr\u00fch, aber die \u00dcberlebenschance, w\u00fcrde Ihr Kind jetzt schon kommen, liegt bei 90 %.<\/p>\n<h2>Die Gesundheit der Mutter<\/h2>\n<p>Ab der SSW 34 dehnt sich die Geb\u00e4rmutter immer weiter und reicht schon bis unter das Brustbein. Dadurch werden Ihre Organe zusammenger\u00fcckt und Sie k\u00f6nnen unter Kurzatmigkeit leiden. Dies l\u00e4sst aber bis zur Geburt wieder nach, da das Baby weiter nach unten rutscht. Die Bauchform \u00e4ndert sich jetzt auch, weil sich Ihr Kind manchmal dreht, dies ist auch von au\u00dfen erkennbar. Es wird jetzt auch die Linea Negra sichtbar. Dabei handelt es sich um eine dunkle, ungef\u00e4hrliche Pigmentierung senkrecht vom Bauchnabel bis zum Schambein. Ihr Nabel wird jetzt flacher und w\u00f6lbt sich nach au\u00dfen, dies ist eventuell schmerzhaft. Ihr Kind dr\u00fcckt auf ihren Magen-Darm-Trakt, da es im Bauch immer enger wird. Es kann auch zu leichter \u00dcbelkeit kommen. Sie sollten ab der SSW 34 unbedingt darauf achten nur noch kleine Mahlzeiten zu sich zu nehmen, um damit Ihren Verdauungsmechanismus zu entlasten. Da Ihr Baby jetzt viel Kalzium ben\u00f6tigt, f\u00fcr den Skelettaufbau, sollten Sie Ihre Ern\u00e4hrung entsprechend anpassen. Essen Sie viel Milchprodukte, N\u00fcsse, Mandeln, Petersilie, Weizen, Hafer und Trockenfr\u00fcchte. Sie sollten auch darauf achten leberst\u00e4rkenden Lebensmittel zu sich zu nehmen, wie zum Beispiel L\u00f6wenzahnkraut oder Vollkorngetreide. Ihr Baby f\u00e4ngt ab SSW 34 auch an Fettreserven anzubauen.<br \/>\nFalls die immer d\u00fcnner werdende Bauchdecke jucken sollte, kratzen Sie bitte auf keinen Fall, da diese sonst verletzt werden k\u00f6nnte und meistens dadurch der Juckreiz nur noch verst\u00e4rkt wird. Nehmen Sie stattdessen ein Entspannungsbad in Meersalz. Daf\u00fcr sollte das Wasser aber nicht zu hei\u00df sein und ruhen Sie sich danach auf jeden Fall einige Zeit aus und legen Sie sich hin.<\/p>\n<h2>Tipps f\u00fcr die Phase dieser SSW<\/h2>\n<p>Nach der Schwangerschaftswoche 34 beginnt der Mutterschutz. Sie sollten sich unbedingt an die Vorgaben des Mutterschutzgesetzes (MuSchuG) halten. Dies schreibt vor, dass Sie ab 6 Wochen vor dem errechneten Termin und 8 Wochen nach der Geburt nicht arbeiten sollten. Wenn Sie Zwillinge zur Welt bringen, dann wird die arbeitsfreie Zeit nach der Entbindung auf 12 Wochen erh\u00f6ht.<\/p>\n<p>Sie erhalten in dieser Zeit das sogenannte Mutterschaftsgeld von Ihrer Krankenkasse, wenn Sie einen entsprechenden Versicherungsschutz haben. Die Differenz zu Ihrem bisherigen Gehalt stockt ihr Arbeitgeber bis zum Nettolohn auf. Sollten Sie bis zur SSW 34 in keinem Arbeitsverh\u00e4ltnis gewesen sein, so haben Sie darauf auch leider keinen Anspruch. F\u00fcr das <a href=\"https:\/\/alleinerziehende-singles.de\/magazin\/elterngeld-elterngeld-plus\/\">Elterngeld<\/a> nach der Geburt spielt das allerdings keine Rolle, dies bekommen alle M\u00fctter. Informieren Sie sich diesbez\u00fcglich rechtzeitig, damit Sie finanziell abgesichert sind. Bei Freiberuflern sieht die Sache etwas komplizierter aus, auch da sollten Sie auf jeden Fall, so fr\u00fch als m\u00f6glich alle Information einholen.<br \/>\nAuf Sex m\u00fcssen Sie keinesfalls auch weiterhin nicht verzichten, es ist absolut nicht sch\u00e4dlich und die Angst, es k\u00f6nnte dadurch die Geburt eingeleitet werden, ist unn\u00f6tig. Zum einen freut sich das Baby immer \u00fcber positive Impulse der Mutter. Wenn Sie gl\u00fccklich sind, ist auch Ihr Baby zufrieden. Zum anderen entscheidet immer noch das Kind, wann es losgehen soll. Unter normalen Voraussetzungen besteht in der Schwangerschaftswoche 34 noch keine Gefahr.<\/p>\n<p>Die letzten Wochen sollten Sie auf jeden fall genie\u00dfen, dies ist nicht nur f\u00fcr das Baby, sondern auch f\u00fcr Sie wichtig.<\/p>\n<p><a href=\"https:\/\/alleinerziehende-singles.de\/magazin\/ssw-schwangerschaftswoche-33\/\">\u21d0 Zur\u00fcck zu SSW 33<\/a><br \/>\n<a href=\"https:\/\/alleinerziehende-singles.de\/magazin\/ssw-schwangerschaftswoche-35\/\">\u21d2 Weiter zu SSW 35<\/a><\/p>\n","protected":false},"excerpt":{"rendered":"<p>Entwicklung des Babys Das Baby ben\u00f6tigt ab der SSW 34 immer mehr Platz im Bauch, da jetzt alles so gut<\/p>\n","protected":false},"author":2,"featured_media":0,"parent":0,"menu_order":0,"comment_status":"closed","ping_status":"closed","template":"","meta":{"footnotes":""},"class_list":["post-2463","page","type-page","status-publish","hentry","comments-off"],"aioseo_notices":[],"_links":{"self":[{"href":"https:\/\/alleinerziehende-singles.de\/magazin\/wp-json\/wp\/v2\/pages\/2463","targetHints":{"allow":["GET"]}}],"collection":[{"href":"https:\/\/alleinerziehende-singles.de\/magazin\/wp-json\/wp\/v2\/pages"}],"about":[{"href":"https:\/\/alleinerziehende-singles.de\/magazin\/wp-json\/wp\/v2\/types\/page"}],"author":[{"embeddable":true,"href":"https:\/\/alleinerziehende-singles.de\/magazin\/wp-json\/wp\/v2\/users\/2"}],"replies":[{"embeddable":true,"href":"https:\/\/alleinerziehende-singles.de\/magazin\/wp-json\/wp\/v2\/comments?post=2463"}],"version-history":[{"count":5,"href":"https:\/\/alleinerziehende-singles.de\/magazin\/wp-json\/wp\/v2\/pages\/2463\/revisions"}],"predecessor-version":[{"id":2822,"href":"https:\/\/alleinerziehende-singles.de\/magazin\/wp-json\/wp\/v2\/pages\/2463\/revisions\/2822"}],"wp:attachment":[{"href":"https:\/\/alleinerziehende-singles.de\/magazin\/wp-json\/wp\/v2\/media?parent=2463"}],"curies":[{"name":"wp","href":"https:\/\/api.w.org\/{rel}","templated":true}]}}