{"id":2454,"date":"2021-03-03T15:18:09","date_gmt":"2021-03-03T15:18:09","guid":{"rendered":"https:\/\/alleinerziehende-singles.de\/magazin\/?page_id=2454"},"modified":"2021-11-27T16:29:42","modified_gmt":"2021-11-27T16:29:42","slug":"ssw-schwangerschaftswoche-33","status":"publish","type":"page","link":"https:\/\/alleinerziehende-singles.de\/magazin\/ssw-schwangerschaftswoche-33\/","title":{"rendered":"Die Schwangerschaftswoche 33"},"content":{"rendered":"<p>Die Schwangerschaftswoche 33 f\u00e4llt in das dritte Drittel einer Schwangerschaft und markiert demnach das letzte Schwangerschaftsdrittel bzw. Trimeneon. Die Phase geht mit speziellen Entwicklungen im Gesamtorganismus von Mutter und Kind einher und endet grunds\u00e4tzlich mit der Geburt. Das dritte Trimeneon gilt als das vergleichsweise beschwerlichste f\u00fcr die werdende Mutter.<\/p>\n<h2>Entwicklung des Babys<\/h2>\n<h3>Entwicklung des Fetus ist vollst\u00e4ndig abgeschlossen<\/h3>\n<p>Das letzte Schwangerschaftsdrittel erstreckt sich jeweils zwischen der 28. sowie der 40. SSW. In der Schwangerschaftswoche 33 ist die Entwicklung des Fetus vollst\u00e4ndig abgeschlossen. Der Embryo verf\u00fcgt \u00fcber menschliche Gesichtsmerkmale, Zahnleisten, Kopfhaare, ausgebildete Organe und ein funktionierendes Innenohr, weshalb das Ungeborene in SSW 33 h\u00f6ren und dynamisch auf Ger\u00e4usche von au\u00dfen reagieren kann. Der Fetus besitzt K\u00f6rperproportionen, die nahezu identisch mit dem eines Neugeborenen sind.<\/p>\n<p>Generell sind Ungeborene in SSW 33 vergleichsweise mager und weisen einen geringen K\u00f6rperfettanteil auf. F\u00fcr eine bestm\u00f6gliche k\u00f6rpereigene Temperaturregulation im Nachgang an die Entbindung, lagert der Embryo w\u00e4hrend dieser Phase verst\u00e4rkt Fett in die Fettdepots des Unterhautfettgewebes ein. Im Rahmen der SSW 33 zeigen sich in einen regelm\u00e4\u00dfigen Turnus individuelle Kindsbewegungen. Werdende M\u00fctter registrieren w\u00e4hrend dieser Schwangerschaftswoche zunehmend individuelle Bewegungsmuster des Ungeborenen. In der Regel nimmt der Fetus w\u00e4hrend dieses Zeitfensters die typische Embryonalstellung ein, die unmittelbar die Geburtsphase beeinflusst. Ab SSW 33 k\u00f6nnen bereits erste Senkwehen in Erscheinung treten, die an ein Absenken des m\u00fctterlichen Bauchs gebunden sind und die letzten vier Wochen bis zur Entbindung einleiten. Indikatoren f\u00fcr Senkwehen sind Vormilch, Wassereinlagerungen im m\u00fctterlichen Organismus und Vorwehen.<\/p>\n<p><img loading=\"lazy\" decoding=\"async\" class=\"aligncenter size-large wp-image-2817\" src=\"https:\/\/alleinerziehende-singles.de\/magazin\/wp-content\/uploads\/2021\/11\/SSW-33-1024x584.png\" alt=\"Schwangerschaftswoche 33\" width=\"648\" height=\"370\" srcset=\"https:\/\/alleinerziehende-singles.de\/magazin\/wp-content\/uploads\/2021\/11\/SSW-33-1024x584.png 1024w, https:\/\/alleinerziehende-singles.de\/magazin\/wp-content\/uploads\/2021\/11\/SSW-33-300x171.png 300w, https:\/\/alleinerziehende-singles.de\/magazin\/wp-content\/uploads\/2021\/11\/SSW-33-768x438.png 768w, https:\/\/alleinerziehende-singles.de\/magazin\/wp-content\/uploads\/2021\/11\/SSW-33-1536x876.png 1536w, https:\/\/alleinerziehende-singles.de\/magazin\/wp-content\/uploads\/2021\/11\/SSW-33.png 1782w\" sizes=\"auto, (max-width: 648px) 100vw, 648px\" \/><\/p>\n<h2>Das ist auf dem Ultraschall zu sehen<\/h2>\n<p>Drei Basis- Ultraschall- Screenings fallen in die Phase einer Schwangerschaft. Im Rahmen der dritten Untersuchung, die prinzipiell zwischen <a href=\"https:\/\/alleinerziehende-singles.de\/magazin\/ssw-schwangerschaftswoche-29\/\">Woche 29<\/a> und <a href=\"https:\/\/alleinerziehende-singles.de\/magazin\/ssw-schwangerschaftswoche-32\/\">32<\/a> durchzuf\u00fchren ist, findet die Vermessung von Kopfdurchmesser, Kopfumfang, Bauchumfang, L\u00e4ngsdurchmesser des Bauchs und L\u00e4nge des Oberschenkelknochens statt. Parallel dazu erfolgt die Messung des Bauch- Brustkrob- quer- Durchmessers. Erg\u00e4nzend dient das Screening dazu, detailliert zu pr\u00fcfen, ob sich der Fetus zeitgerecht entwickelt. Hinweise f\u00fcr etwaige Entwicklungsst\u00f6rungen des Ungeborenen sind Auff\u00e4lligkeiten hinsichtlich Fruchtwassermenge, Struktur bzw. Lokalisation der Plazenta sowie der k\u00f6rperlichen Entwicklung.<\/p>\n<p>Ein Ultraschall in SSW 33 informiert zus\u00e4tzlich \u00fcber die Embryostellung des Ungeborenen, die der Fetus w\u00e4hrend dieser Phase bereits eingenommen hat. Auf diese Weise gelingt eine pr\u00e4zise Feststellung der Lage des jeweiligen Kindes im Mutterleib. Das Screening informiert zudem \u00fcber die kindliche Herzaktion sowie das jeweilige Geschlecht. Registriert der untersuchende Mediziner Hinweise, die einen Verdacht auf eine etwaige Quer- oder Beckenendlage n\u00e4hren, sind ab der <a href=\"https:\/\/alleinerziehende-singles.de\/magazin\/ssw-schwangerschaftswoche-36\/\">36. Woche<\/a> weitere Ultraschall- Screenings vorgesehen.<\/p>\n<h2>Die Gesundheit der Mutter<\/h2>\n<p>Im Anschluss an die <a href=\"https:\/\/alleinerziehende-singles.de\/magazin\/ssw-schwangerschaftswoche-32\/\">32. Schwangerschaftswoche<\/a> findet eine Blutuntersuchung der Mutter auf Hepatitis B- Antigene statt. Im Falle eines positiven Ergebnisses, ist das Neugeborene unmittelbar im Nachgang an die Entbindung zu immunisieren, um zielgerichtet eine Infektion des Kindes mit dem hochansteckenden Erreger zu verhindern. Die Blutuntersuchung entf\u00e4llt, sofern die Schwangere transparent eine Immunit\u00e4t in Form einer entsprechenden Schutzimpfung nachweisen kann.<\/p>\n<p>Regelm\u00e4\u00dfige Gewichtskontrollen, Blutdruckmessungen, H\u00e4moglobinbestimmungen sowie die Analyse des Mittelstrahlurins und das \u00dcberpr\u00fcfen des Geb\u00e4rmutterstandes bilden essentielle Eckpfeiler f\u00fcr Mutterschafts- Vorsorgeuntersuchungen, die w\u00e4hrend der letzten zwei Schwangerschaftswochen in einem Turnus von jeweils zwei Wochen vorzunehmen sind.<\/p>\n<h2>Das letzte Schwangerschaftdrittel gilt als das vergleichsweise k\u00f6rperlich anstrengendste<\/h2>\n<p>W\u00e4hrend des letzten Schwangerschaftsdrittels w\u00e4chst die Geb\u00e4rmutter bis auf ein Maximum an, was die Organe im m\u00fctterlichen Bauchraum einengt und typische Schwangerschaftsbeschwerden hervorruft. Der m\u00fctterliche Organismus reagiert auf das vermehrte Wachstum der Geb\u00e4rmutter mit Kurzatmigkeit, Verstopfung, verst\u00e4rktem Harndrang und Sodbrennen. Die k\u00f6rpereigene Aussch\u00fcttung des Schwangerschaftshormons Progesteron erreicht w\u00e4hrend dieses Intervalls seinen H\u00f6hepunkt. Als Reaktion darauf lockert sich anhaltend der Bandapparat. Dieser Vorgang belastet die Wirbels\u00e4ule der werdenden Mutter und ruft R\u00fcckenschmerzen hervor.<\/p>\n<p>Ab der 33. Woche treten h\u00e4ufig \u00dcbungs- bzw. Senkwehen auf. Derartige Kontraktionen trainieren die Geb\u00e4rmutter und bereiten sie auf die Entbindung vor. Senkwehen sind zudem an einen Reifeprozess von Muttermund sowie Geb\u00e4rmutterhals gekoppelt. In der Spitze treten Senkwehen bis zu viermal in einer Zeitstunde auf. Sie sind von den Er\u00f6ffnungswehen abzugrenzen, die die Entbindung einleiten und mit dem \u00d6ffnen des Muttermundes einhergehen. Als Geburtsanzeichen, die mit einem nahenden Geburtsbeginn gleichzusetzen sind, ist der schwall- oder tr\u00f6pfchenweise Abgang von Fruchtwasser, Blutungen sowie das Abgehen des Schleimpfropfens vom Geb\u00e4rmutterhals zu verstehen. Wehen, die in einen Rhythmus von jeweils 5 bis 10 Minuten in Erscheinung treten, leiten die Er\u00f6ffnungsperiode der Geburt ein, weshalb umgehend die Einrichtung aufzusuchen ist, die die Mutter f\u00fcr die Entbindung vorgesehen hat.<\/p>\n<p>Das detaillierte Wissen rund um die komplexen Prozesse, die sich im Zuge des letzten Trimeneons im m\u00fctterlichen Organismus vollziehen, sensibilisiert Schwangere f\u00fcr die jeweiligen Vorg\u00e4nge und f\u00f6rdert ein anlassgerechtes, durchdachtes Handeln.<\/p>\n<h2>Tipps f\u00fcr die Phase dieser SSW<\/h2>\n<p>Das letzte Schwangerschaftsdrittel geht mit typischen Beschwerden wie etwa Sodbrennen, Verstopfung, Kurzatmigkeit und R\u00fcckenschmerzen einher. Parallel dazu treten im Rahmen dieses Zeitfensters in der Regel \u00dcbungs- bzw. Senkwehen in Erscheinung.<\/p>\n<p>W\u00e4hrend der regelm\u00e4\u00dfige Verzehr von einem Teel\u00f6ffel Flohsamenschalen in Verbindung mit ausreichend Fl\u00fcssigkeit als nat\u00fcrliches Mittel gegen Verstopfung dient, reduziert der t\u00e4gliche Genuss von Haferflocken in Kombination mit Kefir oder Naturjoghurt die Wahrscheinlichkeit f\u00fcr Sodbrennen. Die in den Haferflocken enthaltenen N\u00e4hrstoffe stabilisieren zudem den Blutzuckerspiegel, beugen Hei\u00dfhunger- Attacken vor und s\u00e4ttigen anhaltend. Der moderate Verzehr von Trockenfr\u00fcchten wie beispielsweise Datteln, Pflaumen und Aprikosen kurbelt ebenfalls wirksam die Verdauung an und lindert die Beschwerden einer gest\u00f6rten Verdauung.<\/p>\n<p>Sanfte Yoga- und Atemtechnik\u00fcbungen f\u00f6rdern die ganzheitliche Entspannung und \u00fcben einen positiven Effekt auf muskul\u00e4re Verspannungen und Kurzatmigkeit aus.<\/p>\n<p><a href=\"https:\/\/alleinerziehende-singles.de\/magazin\/ssw-schwangerschaftswoche-32\/\">\u21d0 Zur\u00fcck zu SSW 32<\/a><br \/>\n<a href=\"https:\/\/alleinerziehende-singles.de\/magazin\/ssw-schwangerschaftswoche-34\/\">\u21d2 Weiter zu SSW 34<\/a><\/p>\n","protected":false},"excerpt":{"rendered":"<p>Die Schwangerschaftswoche 33 f\u00e4llt in das dritte Drittel einer Schwangerschaft und markiert demnach das letzte Schwangerschaftsdrittel bzw. Trimeneon. Die Phase<\/p>\n","protected":false},"author":2,"featured_media":0,"parent":0,"menu_order":0,"comment_status":"closed","ping_status":"closed","template":"","meta":{"footnotes":""},"class_list":["post-2454","page","type-page","status-publish","hentry","comments-off"],"aioseo_notices":[],"_links":{"self":[{"href":"https:\/\/alleinerziehende-singles.de\/magazin\/wp-json\/wp\/v2\/pages\/2454","targetHints":{"allow":["GET"]}}],"collection":[{"href":"https:\/\/alleinerziehende-singles.de\/magazin\/wp-json\/wp\/v2\/pages"}],"about":[{"href":"https:\/\/alleinerziehende-singles.de\/magazin\/wp-json\/wp\/v2\/types\/page"}],"author":[{"embeddable":true,"href":"https:\/\/alleinerziehende-singles.de\/magazin\/wp-json\/wp\/v2\/users\/2"}],"replies":[{"embeddable":true,"href":"https:\/\/alleinerziehende-singles.de\/magazin\/wp-json\/wp\/v2\/comments?post=2454"}],"version-history":[{"count":4,"href":"https:\/\/alleinerziehende-singles.de\/magazin\/wp-json\/wp\/v2\/pages\/2454\/revisions"}],"predecessor-version":[{"id":2818,"href":"https:\/\/alleinerziehende-singles.de\/magazin\/wp-json\/wp\/v2\/pages\/2454\/revisions\/2818"}],"wp:attachment":[{"href":"https:\/\/alleinerziehende-singles.de\/magazin\/wp-json\/wp\/v2\/media?parent=2454"}],"curies":[{"name":"wp","href":"https:\/\/api.w.org\/{rel}","templated":true}]}}