{"id":2444,"date":"2021-02-16T15:48:26","date_gmt":"2021-02-16T15:48:26","guid":{"rendered":"https:\/\/alleinerziehende-singles.de\/magazin\/?page_id=2444"},"modified":"2021-11-27T16:21:14","modified_gmt":"2021-11-27T16:21:14","slug":"ssw-schwangerschaftswoche-31","status":"publish","type":"page","link":"https:\/\/alleinerziehende-singles.de\/magazin\/ssw-schwangerschaftswoche-31\/","title":{"rendered":"Die Schwangerschaftswoche 31"},"content":{"rendered":"<p>In der 31. SSW wird es im Bauch der Mutter so langsam eng f\u00fcr das Baby. Durch die Gewichtszunahme verringert sich vor allem in der 31. SSW der Platz f\u00fcr das Kind so weit, dass es aufh\u00f6rt, sich in dem Fruchtwasser zu bewegen. Somit wird auch f\u00fcr die Mutter eventuell etwas ruhiger, denn die Bewegungen des Kindes, die diese wahrscheinlich tagt\u00e4glich sp\u00fcrt, werden weniger. Die Lage des Babys im Bauch ver\u00e4ndert sich in der 31. Woche. Das Kind schmiegt sich immer mehr an die Wand der Geb\u00e4rmutter an und f\u00e4ngt langsam ab, das K\u00f6pfchen in Richtung des Geburtskanals zu drehen.<\/p>\n<h2>Das Wohlbefinden der Mutter in der 31. Schwangerschaftswoche<\/h2>\n<p>Das Baby w\u00e4chst nun flei\u00dfig und auch die Geb\u00e4rmutter mit diesem. Das Gewicht des Kindes und jenes der Geb\u00e4rmutter dr\u00fccken nun auf die Organe der Mutter. So kann es passieren, dass in der Woche 31 der Magensaft in die Speiser\u00f6hre hochsteigt und die Mutter Sodbrennen hat. Dies ist vielleicht unangenehm, es gibt hierf\u00fcr viele Hausmittel, mit denen dem entgegengewirkt werden kann.<\/p>\n<p>Steht die Mutter pl\u00f6tzlich aus einer liegenden oder sitzenden Position auf, kann es ihr schwindlig werden. Solche Schwindelattacken sind besonders typisch f\u00fcr das Stadium der Schwangerschaft. Vor allem im Sommer ist der Kreislauf durch die W\u00e4rme zus\u00e4tzlich belastet. Schnelle Bewegungen sollten vermieden werden, die Mutter sollte zudem viel trinken, wenn ihr schwindelig ist, um den Stoffwechsel anzukurbeln.<\/p>\n<p>R\u00fcckenschmerzen begleiten viele M\u00fctter durch die Schwangerschaft. So kann sie auch in der 31. Schwangerschaftswoche weiterhin unter solchen R\u00fcckenproblemen leiden. Durch den Bauch macht sie nun eventuell automatisch meistens ein Hohlkreuz, was die R\u00fcckenschmerzen weiter f\u00f6rdert. Ein Bauchband hilft, den R\u00fccken zu entlasten. Ein gutes und zugleich anpassungsf\u00e4higes Stillkissen st\u00fctzt R\u00fccken und Bauch beim Schlafen oder beim Sitzen.<\/p>\n<p>In der 31. SSW haben die M\u00fctter wahrscheinlich Beschwerden, die diese bis dato noch nicht kannten. Sie k\u00f6nnen dann schlechter atmen und kommen schnell aus der Puste, wenn diese Treppen steigen. Eine solche Kurzatmigkeit ist normal f\u00fcr die 31. SSW und den ganzen 8. Monat. Der Uterus und das Kind darin werden immer gr\u00f6\u00dfer und sie dr\u00fccken hierbei vor allem Zwerchfell nach oben in die Richtung der Lunge.<\/p>\n<p>Die werdende Mutter achtet in der 31. Schwangerschaftswoche schlie\u00dflich immer h\u00e4ufiger auf eventuelle Anzeichen vorzeitiger Wehen. In der 31. SSW ist nun die Geburt nicht mehr fern und eventuelle fragen sich die M\u00fctter, wie sich Wehen genau anf\u00fchlen werden. Eventuell sp\u00fcren die M\u00fctter im letzten Schwangerschaftsdrittel schon einige Braxton-Hicks-Kontraktionen. Diese werden auch aus dem Grund \u201e\u00dcbungswehen\u201c genannt, denn hiermit bereitet der K\u00f6rper die Mutter allm\u00e4hlich ungefragt auf den Tag ihrer Geburt vor. Die Kontraktionen unterscheiden sich jedoch von vorzeitigen Wehen und sind kein Zeichen, dass es bereits in der 31. SSW zu einer Fr\u00fchgeburt kommen kann.<\/p>\n<p><img loading=\"lazy\" decoding=\"async\" class=\"aligncenter size-large wp-image-2811\" src=\"https:\/\/alleinerziehende-singles.de\/magazin\/wp-content\/uploads\/2021\/11\/SSW-31-1024x574.png\" alt=\"Schwangerschaftswoche 31\" width=\"648\" height=\"363\" srcset=\"https:\/\/alleinerziehende-singles.de\/magazin\/wp-content\/uploads\/2021\/11\/SSW-31-1024x574.png 1024w, https:\/\/alleinerziehende-singles.de\/magazin\/wp-content\/uploads\/2021\/11\/SSW-31-300x168.png 300w, https:\/\/alleinerziehende-singles.de\/magazin\/wp-content\/uploads\/2021\/11\/SSW-31-768x431.png 768w, https:\/\/alleinerziehende-singles.de\/magazin\/wp-content\/uploads\/2021\/11\/SSW-31-1536x861.png 1536w, https:\/\/alleinerziehende-singles.de\/magazin\/wp-content\/uploads\/2021\/11\/SSW-31.png 1808w\" sizes=\"auto, (max-width: 648px) 100vw, 648px\" \/><\/p>\n<h2>Die Entwicklung des Babys in der 31. Schwangerschaftswoche<\/h2>\n<p>Die M\u00fctter haben in der 31. Woche vielleicht festgestellt, dass das Baby einen festen Schlaf-Wach-Rhythmus hat. Es kann daher sein, dass dies feste Zeiten hat, in welches es schl\u00e4ft. Eventuell ist das Baby aktiver ist, wenn die Mutter etwas gegessen hat. Durch die Nahrungsaufnahme bekommt der F\u00f6tus einen Energieschub. Die Mutter muss sich aber keine Sorgen, wenn das Kind nicht mehr so aktiv ist, wie vor wenigen Wochen. Dies liegt daran, dass es in dem Bauch nicht mehr viel Platz hat.<\/p>\n<p>Zudem reift die Lunge des Babys in der 31. Woche weiter heran. Im Vergleich zu <a href=\"https:\/\/alleinerziehende-singles.de\/magazin\/ssw-schwangerschaftswoche-30\/\">SSW 30<\/a> kann sie sich jetzt g\u00e4nzlich aufbl\u00e4hen. Tenside sorgen daf\u00fcr, dass die Oberfl\u00e4che der beiden Lungenfl\u00fcgel nicht zusammenklebt und zusammenf\u00e4llt. Wenn es zu einer Fr\u00fchgeburt in der 31. SSW kommt, hei\u00dft das noch nicht, dass das Baby ohne fremde Hilfe allein atmen kann. Es wird in diesem Fall von Beatmungsger\u00e4ten im Krankenhaus unterst\u00fctzt, bis die Lunge vollst\u00e4ndig herangereift ist. Ab der <a href=\"https:\/\/alleinerziehende-singles.de\/magazin\/ssw-schwangerschaftswoche-35\/\">35. SSW<\/a> kann das Baby allein atmen, sollte es als Fr\u00fchgeburt zur Welt kommen. In diesem Fall ist die Lungenreifung komplett abgeschlossen.<\/p>\n<p>Auch im Kopf des Kindes geschieht nun Einiges. So entwickelt sich das Gehirn mit der Furchenstruktur, was zu einer hohen Gehirnaktivit\u00e4t f\u00fchrt. Bedient durch diese Struktur gewinnt es an Oberfl\u00e4che, ohne hierbei wachsen zu m\u00fcssen. Daher bleibt der Kopfumfang des Kindes klein genug f\u00fcr eine einfache Geburt.<\/p>\n<p>Vorteilhaft f\u00fcr eine Geburt ist auch, dass sich zwischen den Sch\u00e4delknochen sich noch die Fugen befinden, welche mit Bindegewebe bedeckt sind. Diese Fontanellen k\u00f6nnen sich gegeneinander verschieben, sodass der Kopf des Kindes einfacher durch den Geburtskanal hindurchpasst. Erst nach der Geburt werden dann diese Fontanellen zu Knochen wachsen.<\/p>\n<p>Die Beschaffung der Haut des Kindes \u00e4ndert sich ebenfalls immer mehr. Diese nimmt immer mehr jene Struktur an, die sie sp\u00e4ter haben wird. Die Nerven hierunter sind nun voll entwickelt. Jener Bereich, welcher f\u00fcr die visuelle Wahrnehmung verantwortlich ist, arbeitet in der 31. SSW bereits und der gr\u00f6\u00dfte Teil der Augen ist in dem Monat nun vollst\u00e4ndig entwickelt.<\/p>\n<p><a href=\"https:\/\/alleinerziehende-singles.de\/magazin\/ssw-schwangerschaftswoche-30\/\">\u21d0 Zur\u00fcck zu SSW 30<\/a><br \/>\n<a href=\"https:\/\/alleinerziehende-singles.de\/magazin\/ssw-schwangerschaftswoche-32\/\">\u21d2 Weiter zu SSW 32<\/a><\/p>\n","protected":false},"excerpt":{"rendered":"<p>In der 31. SSW wird es im Bauch der Mutter so langsam eng f\u00fcr das Baby. Durch die Gewichtszunahme verringert<\/p>\n","protected":false},"author":2,"featured_media":0,"parent":0,"menu_order":0,"comment_status":"closed","ping_status":"closed","template":"","meta":{"footnotes":""},"class_list":["post-2444","page","type-page","status-publish","hentry","comments-off"],"aioseo_notices":[],"_links":{"self":[{"href":"https:\/\/alleinerziehende-singles.de\/magazin\/wp-json\/wp\/v2\/pages\/2444","targetHints":{"allow":["GET"]}}],"collection":[{"href":"https:\/\/alleinerziehende-singles.de\/magazin\/wp-json\/wp\/v2\/pages"}],"about":[{"href":"https:\/\/alleinerziehende-singles.de\/magazin\/wp-json\/wp\/v2\/types\/page"}],"author":[{"embeddable":true,"href":"https:\/\/alleinerziehende-singles.de\/magazin\/wp-json\/wp\/v2\/users\/2"}],"replies":[{"embeddable":true,"href":"https:\/\/alleinerziehende-singles.de\/magazin\/wp-json\/wp\/v2\/comments?post=2444"}],"version-history":[{"count":3,"href":"https:\/\/alleinerziehende-singles.de\/magazin\/wp-json\/wp\/v2\/pages\/2444\/revisions"}],"predecessor-version":[{"id":2812,"href":"https:\/\/alleinerziehende-singles.de\/magazin\/wp-json\/wp\/v2\/pages\/2444\/revisions\/2812"}],"wp:attachment":[{"href":"https:\/\/alleinerziehende-singles.de\/magazin\/wp-json\/wp\/v2\/media?parent=2444"}],"curies":[{"name":"wp","href":"https:\/\/api.w.org\/{rel}","templated":true}]}}