{"id":2438,"date":"2021-02-10T04:08:19","date_gmt":"2021-02-10T04:08:19","guid":{"rendered":"https:\/\/alleinerziehende-singles.de\/magazin\/?page_id=2438"},"modified":"2021-11-27T16:07:56","modified_gmt":"2021-11-27T16:07:56","slug":"ssw-schwangerschaftswoche-29","status":"publish","type":"page","link":"https:\/\/alleinerziehende-singles.de\/magazin\/ssw-schwangerschaftswoche-29\/","title":{"rendered":"Die Schwangerschaftswoche 29"},"content":{"rendered":"<p>Mit der 29. Schwangerschaftswoche beginnt das dritte Trimester. In diesem letzten Trimester der Schwangerschaft ist das Baby schon vollst\u00e4ndig entwickelt und jetzt geht es vor allem um die Gewichtszunahme. Die meisten werdenden M\u00fctter haben in der 29. SSW durch den erh\u00f6hten Energiebedarf des Kindes st\u00e4ndig Hunger.<\/p>\n<p>In den kommenden Wochen steht die letzte gr\u00f6\u00dfere Vorsorgeuntersuchung an und damit der Beginn des letzten Schwangerschaftstrimesters. Die Organentwicklung des Kindes ist so gut wie beendet und es sieht schon fast wie ein echter kleiner S\u00e4ugling aus. Eventuell hat das Kind schon viele Haare. Da das Baby in den kommenden Wochen immer weniger Platz f\u00fcr Bewegungen besitzt, was f\u00fcr die Mutter sehr anstrengend sein kann, gew\u00f6hnt sie sich an, kleine Mahlzeiten \u00fcber den ganzen Tag verteilt zu essen.<\/p>\n<h2>Die Entwicklung des Babys in der 29. Schwangerschaftswoche<\/h2>\n<p>In der 29. Schwangerschaftswoche misst das Kind in der Scheitel-Fersen-L\u00e4nge circa 39 Zentimeter und wiegt 1.150 bis 1.250 Gramm. Es wird sich nun \u00e4u\u00dferlich bis zur Geburt nicht mehr allzu sehr ver\u00e4ndern. Es geht bis dahin in der Entwicklung nun um das Wachstum des K\u00f6rpers.<\/p>\n<p>Die Entwicklung der Organe ist in der 29. Woche fast abgeschlossen. Bis zur Geburt differenzieren sich die Funktionen jedoch noch weiter aus. Das Nervensystem und das Gehirn entwickeln ihre Leistungsf\u00e4higkeit dann nochmals weiter.<\/p>\n<p>Das Neugeborene wird dann \u00fcber etwa 100 Milliarden Gehirnzellen verf\u00fcgen, die Entwicklung des Gehirns selbst findet jedoch erst nach der Pubert\u00e4t und um das 20. Lebensjahr das Ende.<br \/>\nAm Tag der Geburt wird der K\u00f6rper \u00fcber Milliarden von Nervenzellen verf\u00fcgen. Die Zahl mag recht hoch erscheinen. Es sollte bedacht werden, dass nach der Entbindung im ganzen Leben keine neuen Gehirnzellen mehr hergestellt werden.<\/p>\n<p>Bis zum Geburtstermin vor allem das Volumen des Gehirns kontinuierlich zu. Zudem schreitet in der 29. SSW die Bildung des Immunsystems des Kindes immer weiter fort. So erfolgt durch die Plazenta und das Blut der Mutter ein stetiger Transfer der Antik\u00f6rper.<\/p>\n<p>Ab der 29. Schwangerschaftswoche bildet sich in hohem Ma\u00dfe der Babyspeck aus. Der F\u00f6tus sieht hierdurch immer mehr wie ein wahrer S\u00e4ugling aus. Wegen der Fettschicht und der fortgeschrittenen Entwicklung des Gehirns ist das Baby nun immer besser in der Lage, den W\u00e4rmehaushalt allein zu regulieren.<\/p>\n<p>Bei den Jungen wandern die Hoden in der 29. SSW m\u00f6glicherweise von der bisherigen Position in der N\u00e4he der Nieren durch die Leisten in den Hodensack. Zugleich ist bei M\u00e4dchen schon die Klitoris sehr deutlich im Ultraschall zu erkennen. Hierbei sind die Schamlippen noch zu klein, um diese g\u00e4nzlich zu bedecken, die Gr\u00f6\u00dfe hierf\u00fcr werden diese in den letzten Wochen der Schwangerschaft erreichen.<\/p>\n<p>Viele Babys besitzen in der 29. SSW schon einen dicklichen Haarschopf, welcher anders als das Lanugohaar noch bis zur Geburt erhalten bleibt. Die Wimpern des Kindes werden ebenfalls in dieser Woche sichtbar.<\/p>\n<p>Mit jedem Tag sieht das Kind mehr und mehr wie ein h\u00fcbscher S\u00e4ugling aus. Wenn es nun in der 29. Woche als Fr\u00fchchen geboren wird, sieht es noch faltenreich aus. Es setzt immer mehr Fett an, wodurch der K\u00f6rper fester und die Oberfl\u00e4che der Haut heller und glatter wird. Jenes Fett ist f\u00fcr die Regulierung der W\u00e4rme des K\u00f6rpers bedeutend.<\/p>\n<p>K\u00e4me das Kind in der 29. SSW mit einer Fr\u00fchgeburt, w\u00e4re es trotzdem auf die W\u00e4rme des Brutkastens angewiesen.<\/p>\n<p><img loading=\"lazy\" decoding=\"async\" class=\"aligncenter size-large wp-image-2806\" src=\"https:\/\/alleinerziehende-singles.de\/magazin\/wp-content\/uploads\/2021\/11\/SSW-29-1024x595.png\" alt=\"Schwangerschftswoche 29\" width=\"648\" height=\"377\" srcset=\"https:\/\/alleinerziehende-singles.de\/magazin\/wp-content\/uploads\/2021\/11\/SSW-29-1024x595.png 1024w, https:\/\/alleinerziehende-singles.de\/magazin\/wp-content\/uploads\/2021\/11\/SSW-29-300x174.png 300w, https:\/\/alleinerziehende-singles.de\/magazin\/wp-content\/uploads\/2021\/11\/SSW-29-768x446.png 768w, https:\/\/alleinerziehende-singles.de\/magazin\/wp-content\/uploads\/2021\/11\/SSW-29-1536x892.png 1536w, https:\/\/alleinerziehende-singles.de\/magazin\/wp-content\/uploads\/2021\/11\/SSW-29.png 1755w\" sizes=\"auto, (max-width: 648px) 100vw, 648px\" \/><\/p>\n<h2>Die Gesundheit der Mutter in der 29. Schwangerschaftswoche<\/h2>\n<p>Viele M\u00fctter sehnen bereits jetzt das Ende der Schwangerschaft herbei und erw\u00fcnschen sich das normale K\u00f6rpergef\u00fchl zur\u00fcck. Viele Frauen erleben nun angesichts der zunehmenden Belastung und der kommenden Geburt einen neuen Schwangerschafts-Blues. Diese Phasen sind aber normal und gehen in aller Regel schnell wieder vor\u00fcber.<\/p>\n<p>In dieser Etappe der Schwangerschaft ist eine gesunde Ern\u00e4hrung mit den wichtigen Spurenelementen, Mineralien und Vitaminen noch wichtiger als bislang, denn das Baby befindet sich nun in einer nachhaltigen Wachstumsphase. S\u00fc\u00dfigkeiten, Fastfood oder Fertiggerichte d\u00fcrfen jedoch von Zeit zu Zeit gerne auf dem Speisezettel stehen, aber diese sollten nicht allzu stark dominieren.<\/p>\n<p>In den kommenden drei Monaten wird das Baby den gr\u00f6\u00dften Teil des Geburtsgewichts zulegen und auch die Mutter wird noch um einige Kilogramm schwerer werden. Im letzten Schwangerschaftstrimester wird die Mutter voraussichtlich etwa 5 Kilogramm zunehmen. Sie hat daher einiges mehr mit sich zu tragen und dies ist auch an dem sch\u00f6nen Bauch in der 29. SSW deutlich zu sehen.<\/p>\n<p>Dazu kommen in der 29. SSW auch immer mehr kleinere und gr\u00f6\u00dfere Beschwerden. Wassereinlagerungen, welche durch die gr\u00f6\u00dfere Wasserzirkulation im K\u00f6rper der Mutter ausgel\u00f6st werden, machen sich in erster Linie meistens am Abend bemerkbar. Vor allem, wenn die Mutter am Tag viel stehen musste, k\u00f6nnten sich die Arme und Beine nun geschwollen und schwer anf\u00fchlen. Dies k\u00f6nnte die Mutter als unangenehm empfinden. Am kommenden Morgen sollten diese \u00d6deme, wie die Wassereinlagerungen genannt werden, allerdings verschwunden sein.<\/p>\n<p>So sollte sich die werdende Mutter Entspannung g\u00f6nnen und sich zwischendurch immer etwas bewegen. So hilft es, die Beine abends hochzulegen, Beine und Arme sanft zu massieren und diese zu sch\u00fctteln. Wechselduschen k\u00f6nnen ebenfalls eine Abhilfe schaffen und die \u00d6deme vermindern.<\/p>\n<p><a href=\"https:\/\/alleinerziehende-singles.de\/magazin\/ssw-schwangerschaftswoche-28\/\">\u21d0 Zur\u00fcck zu SSW 28<\/a><br \/>\n<a href=\"https:\/\/alleinerziehende-singles.de\/magazin\/ssw-schwangerschaftswoche-30\/\">\u21d2 Weiter zu SSW 30<\/a><\/p>\n","protected":false},"excerpt":{"rendered":"<p>Mit der 29. Schwangerschaftswoche beginnt das dritte Trimester. In diesem letzten Trimester der Schwangerschaft ist das Baby schon vollst\u00e4ndig entwickelt<\/p>\n","protected":false},"author":2,"featured_media":0,"parent":0,"menu_order":0,"comment_status":"closed","ping_status":"closed","template":"","meta":{"footnotes":""},"class_list":["post-2438","page","type-page","status-publish","hentry","comments-off"],"aioseo_notices":[],"_links":{"self":[{"href":"https:\/\/alleinerziehende-singles.de\/magazin\/wp-json\/wp\/v2\/pages\/2438","targetHints":{"allow":["GET"]}}],"collection":[{"href":"https:\/\/alleinerziehende-singles.de\/magazin\/wp-json\/wp\/v2\/pages"}],"about":[{"href":"https:\/\/alleinerziehende-singles.de\/magazin\/wp-json\/wp\/v2\/types\/page"}],"author":[{"embeddable":true,"href":"https:\/\/alleinerziehende-singles.de\/magazin\/wp-json\/wp\/v2\/users\/2"}],"replies":[{"embeddable":true,"href":"https:\/\/alleinerziehende-singles.de\/magazin\/wp-json\/wp\/v2\/comments?post=2438"}],"version-history":[{"count":3,"href":"https:\/\/alleinerziehende-singles.de\/magazin\/wp-json\/wp\/v2\/pages\/2438\/revisions"}],"predecessor-version":[{"id":2807,"href":"https:\/\/alleinerziehende-singles.de\/magazin\/wp-json\/wp\/v2\/pages\/2438\/revisions\/2807"}],"wp:attachment":[{"href":"https:\/\/alleinerziehende-singles.de\/magazin\/wp-json\/wp\/v2\/media?parent=2438"}],"curies":[{"name":"wp","href":"https:\/\/api.w.org\/{rel}","templated":true}]}}