{"id":2428,"date":"2021-02-03T15:19:54","date_gmt":"2021-02-03T15:19:54","guid":{"rendered":"https:\/\/alleinerziehende-singles.de\/magazin\/?page_id=2428"},"modified":"2021-11-27T15:59:24","modified_gmt":"2021-11-27T15:59:24","slug":"ssw-schwangerschaftswoche-27","status":"publish","type":"page","link":"https:\/\/alleinerziehende-singles.de\/magazin\/ssw-schwangerschaftswoche-27\/","title":{"rendered":"Die Schwangerschaftswoche 27"},"content":{"rendered":"<p>In der 27. Schwangerschaftswoche erreicht das Baby einen gro\u00dfen Meilenstein, denn auch wenn es jetzt zu einer Fr\u00fchgeburt kommen w\u00fcrde, h\u00e4tte dieses als Fr\u00fchchen eine gro\u00dfe Chance von etwa 95 Prozent au\u00dferhalb des Bauches der Mutter \u00fcberleben zu k\u00f6nnen. Mit jedem Tag wird eine solche Chance noch vergr\u00f6\u00dfert.<\/p>\n<p>In der 27. SSW ist das Baby besonders aktiv. Sollte der Arzt in dieser Woche einen Ultraschall durchf\u00fchren, wird er feststellen, dass es einen Bewegungsspielraum, den es in der Fruchtblase besitzt, sehr gut zu nutzen wei\u00df. Eventuell sp\u00fcrt die Mutter den Bewegungsdrang selbst und ertastet das Baby und dessen K\u00f6rperteile an bestimmten Stellen des Bauches.<\/p>\n<h2>Die Entwicklung des Kindes in der Schwangerschaftswoche 27<\/h2>\n<p>In der 27. SSW ist das Kind so gro\u00df wie ein Blumenkohl oder Brokkoli. So ist der F\u00f6tus 36 Zentimeter gro\u00df und hat schon ein Gewicht von etwa 1000 Gramm. Graduell hat das Baby die Proportionen, weil der Kopf nicht so schnell wachsen kann und der K\u00f6rper mehr zulegt. Ein Platzmangel im Bauch ist in den kommenden Wochen also vorprogrammiert.<\/p>\n<p>In SSW 27 wird es f\u00fcr das Kind so langsam enger in dem Bauch der Mutter, aber der Platz reicht noch f\u00fcr eine gute Bewegung aus. Zudem steht in der 27. Schwangerschaftswoche die Entwicklung des Gehirns im Fokus. Das Gehirn des Babys bekommt die charakteristische Furchung und die Struktur bildet sich immer weiter aus. Dies ist wichtig, damit die Funktion im Gehirn korrekt zugeteilt werden. Wissenschaftler gehen davon aus, dass das Baby jetzt auch das erste Mal tr\u00e4umt.<\/p>\n<p>Das Knochenmark nimmt in der Woche der Schwangerschaft ebenfalls seine Arbeit auf. Es bildet sich das erste Blut und das Baby bekommt nun den eigenen Blutkreislauf. Bislang war es vom Kreislauf der Mutter abh\u00e4ngig. Nun ist der K\u00f6rper des Kindes immer mehr in der Lage, die eigene K\u00f6rpertemperatur allein zu regeln.<\/p>\n<p><img loading=\"lazy\" decoding=\"async\" class=\"aligncenter size-large wp-image-2800\" src=\"https:\/\/alleinerziehende-singles.de\/magazin\/wp-content\/uploads\/2021\/11\/SSW-27-1024x575.png\" alt=\"Schwangerschaftswoche 27\" width=\"648\" height=\"364\" srcset=\"https:\/\/alleinerziehende-singles.de\/magazin\/wp-content\/uploads\/2021\/11\/SSW-27-1024x575.png 1024w, https:\/\/alleinerziehende-singles.de\/magazin\/wp-content\/uploads\/2021\/11\/SSW-27-300x168.png 300w, https:\/\/alleinerziehende-singles.de\/magazin\/wp-content\/uploads\/2021\/11\/SSW-27-768x431.png 768w, https:\/\/alleinerziehende-singles.de\/magazin\/wp-content\/uploads\/2021\/11\/SSW-27-1536x862.png 1536w, https:\/\/alleinerziehende-singles.de\/magazin\/wp-content\/uploads\/2021\/11\/SSW-27.png 1806w\" sizes=\"auto, (max-width: 648px) 100vw, 648px\" \/><\/p>\n<h2>Die Gesundheit der Mutter in der Schwangerschaftswoche 27<\/h2>\n<p>Der K\u00f6rper der Mutter stellt sich nun immer mehr auf die kommende Geburt ein und auch die Gedanken drehen sich immer \u00f6fters darum. In dieser Woche kann sich die Mutter auch schon um einen Termin f\u00fcr den Geburtsvorbereitungskurs k\u00fcmmern. So stehen immer mehr k\u00f6rperliche und psychische Ver\u00e4nderungen an.<br \/>\nNicht nur der Bauch, sondern auch die Brust macht w\u00e4hrend der Schwangerschaft eine starke Ver\u00e4nderung durch. Eventuell bemerkt die Mutter jetzt, dass sie in der 27. SSW eine gr\u00f6\u00dfere BH-Gr\u00f6\u00dfe ben\u00f6tigt. In diesem letzten Drittel der Schwangerschaft beginnen auch die milchbildenden Zellen in den Br\u00fcsten mit der Arbeit. Sie produzieren die Vormilch. Dies ist das sogenannte Kolostrum. Der Busen w\u00e4chst und auch die Brustwarzen vergr\u00f6\u00dfern sich und werden auch ein wenig dunkler. Eventuell laufen hier schon einmal einige Tropfen der Milch aus. Hier helfen d\u00fcnne Stilleinlagen und dann ist davon nichts mehr zu sehen. Mit einem mitwachsenden Still- oder Schwangerschafts-BH ist jedoch die Mutter f\u00fcr die Brustver\u00e4nderungen sicher gewappnet und muss nicht st\u00e4ndig neue und gr\u00f6\u00dfere BHs kaufen.<br \/>\nDie Mutter wird nun auch merken, dass, wenn sie zur Ruhe kommt, das Baby im Bauch meistens sehr aktiv ist. Eventuell h\u00e4lt sie das Kind so sehr auf Trapp, dass sie nachts schlechter schlafen kann. Bewegt sich die Mutter dagegen, kommt das Kind eher zur Ruhe. Dies liegt daran, dass die Bewegungen der Mutter das Baby in einen Schlaf wiegen.<br \/>\nWenn die Mutter zur Ruhe kommt, hat sie oft mit bizarren Tr\u00e4umen zu k\u00e4mpfen. Dies ist v\u00f6llig normal. Als Ursache hierf\u00fcr sehen Forscher die Kombination aus dem Unterbewusstsein und Hormonen, die sich mit vielen Gef\u00fchlen und Gedanken der Mutter auseinandersetzt, mit denen sie sich momentan besch\u00e4ftigt.<br \/>\nIn dem Bauch hat es das Kind in der 27. SSW jedoch trotz des langsam verringernden Platzes dennoch sehr gem\u00fctlich. Wenn die Mutter wahrscheinlich nicht das Gef\u00fchl hat, dass die t\u00e4glichen Aktivit\u00e4ten viel mit Schwanken zu tun haben, sp\u00fcrt das Kleine in der Polsterung des Fruchtwassers lediglich ein federartiges Hin- und Herwiegen. Wie ein Neugeborenes in dem Arm seiner Mutter wird es in erster Linie tags\u00fcber durch jenes Schaukeln in einen sicheren Schlaf gewiegt.<\/p>\n<p>Wenn das Kind in der 27. Woche zum ersten Mal seit \u00fcber vier Monaten erneut in der Lage ist, die Augen zu \u00f6ffnen, wird es bereits jetzt Lichtver\u00e4nderungen und damit Hell und Dunkel sicher wahrnehmen und durch das Drehen des kleinen Kopfes hierauf reagieren k\u00f6nnen.<\/p>\n<p>Bis zu der 27. SSW betr\u00e4gt die Zunahme des Gewichtes der Mutter im Durchschnitt etwa acht Kilogramm. Dieser ein Wert kann jedoch abweichen, genauso wie der Umfang des Bauches. So nimmt nicht jede Schwangere gleich viel zu oder hat den gleich gro\u00dfen Babybauch. Die Mutter sollte sich nicht mit anderen vergleichen, sondern in sich hineinh\u00f6ren, was dem eigenen K\u00f6rper guttut.<\/p>\n<p>Sollte die Mutter dennoch Zweifel haben, ob die Zunahme der jeweiligen Woche entspricht, sollte sie dies am besten beim n\u00e4chsten Arzttermin besprechen. Egal ob Minikugel oder Riesenbauch: Die Mutter kann stolz sein. Vielleicht g\u00f6nnt sie sich noch einmal ein paar sch\u00f6ne Schwangerschaftskleider. Schlie\u00dflich verbleiben in der 27. SSW nur noch einige Monate, um den h\u00fcbschen Babybauch perfekt in Szene zu setzen, welcher genau nur zu der Tr\u00e4gerin passt.<\/p>\n<p><a href=\"https:\/\/alleinerziehende-singles.de\/magazin\/ssw-schwangerschaftswoche-26\/\">\u21d0 Zur\u00fcck zu SSW 26<\/a><br \/>\n<a href=\"https:\/\/alleinerziehende-singles.de\/magazin\/ssw-schwangerschaftswoche-28\/\">\u21d2 Weiter zu SSW 28<\/a><\/p>\n","protected":false},"excerpt":{"rendered":"<p>In der 27. Schwangerschaftswoche erreicht das Baby einen gro\u00dfen Meilenstein, denn auch wenn es jetzt zu einer Fr\u00fchgeburt kommen w\u00fcrde,<\/p>\n","protected":false},"author":2,"featured_media":0,"parent":0,"menu_order":0,"comment_status":"closed","ping_status":"closed","template":"","meta":{"footnotes":""},"class_list":["post-2428","page","type-page","status-publish","hentry","comments-off"],"aioseo_notices":[],"_links":{"self":[{"href":"https:\/\/alleinerziehende-singles.de\/magazin\/wp-json\/wp\/v2\/pages\/2428","targetHints":{"allow":["GET"]}}],"collection":[{"href":"https:\/\/alleinerziehende-singles.de\/magazin\/wp-json\/wp\/v2\/pages"}],"about":[{"href":"https:\/\/alleinerziehende-singles.de\/magazin\/wp-json\/wp\/v2\/types\/page"}],"author":[{"embeddable":true,"href":"https:\/\/alleinerziehende-singles.de\/magazin\/wp-json\/wp\/v2\/users\/2"}],"replies":[{"embeddable":true,"href":"https:\/\/alleinerziehende-singles.de\/magazin\/wp-json\/wp\/v2\/comments?post=2428"}],"version-history":[{"count":3,"href":"https:\/\/alleinerziehende-singles.de\/magazin\/wp-json\/wp\/v2\/pages\/2428\/revisions"}],"predecessor-version":[{"id":2801,"href":"https:\/\/alleinerziehende-singles.de\/magazin\/wp-json\/wp\/v2\/pages\/2428\/revisions\/2801"}],"wp:attachment":[{"href":"https:\/\/alleinerziehende-singles.de\/magazin\/wp-json\/wp\/v2\/media?parent=2428"}],"curies":[{"name":"wp","href":"https:\/\/api.w.org\/{rel}","templated":true}]}}