{"id":2414,"date":"2021-01-26T14:59:23","date_gmt":"2021-01-26T14:59:23","guid":{"rendered":"https:\/\/alleinerziehende-singles.de\/magazin\/?page_id=2414"},"modified":"2021-11-27T12:30:49","modified_gmt":"2021-11-27T12:30:49","slug":"ssw-schwangerschaftswoche-25","status":"publish","type":"page","link":"https:\/\/alleinerziehende-singles.de\/magazin\/ssw-schwangerschaftswoche-25\/","title":{"rendered":"Die Schwangerschaftswoche 25"},"content":{"rendered":"<h2>Was passiert in der 25. Schwangerschaftswoche?<\/h2>\n<p>Ein Kind zu bekommen ist das gr\u00f6\u00dfte Erlebnis im Leben einer Frau, aber nicht immer leicht und h\u00e4ufig auch mit Problemen behaftet. Am Anfang geht noch alles seinen geregelten Gang. Der F\u00f6tus w\u00e4chst langsam zu einem menschlichen Wesen und so ab dem 7. Monat oder der 25. Schwangerschaftswoche ist im Mutterleib schon ein richtig kleines Gesch\u00f6pf sichtbar. Was aber passiert dann ab der 25. SSW ?<\/p>\n<h2>Die Entwicklung des Babys in der 25. Schwangerschaftswoche<\/h2>\n<p>Ab der 25. SSW bricht f\u00fcr die Mutter der 7. Monat an. Langsam hat sich der Bauch zu einer gro\u00dfen runden Kugel geformt und vom Gewicht her sind es auch noch ein paar Kilo mehr geworden. Langsam f\u00e4ngt das Baby an zu strampeln, weil es ihm im Mutterleib langsam zu eng wird. Nicht nur die Mutter, sondern auch das Baby hat sich weiterentwickelt und an Gewicht zugenommen.<\/p>\n<p>Hatte bis dato die Mutter ihr Kind nur wenig gesp\u00fcrt, sind jetzt langsam schon etwas heftiger kleine Tritte und Bewegungen zu sp\u00fcren. Bis dahin hatte der Partner oder Ehemann keine sp\u00fcrbare Beziehung zu dem Kind. Jetzt aber kommt immer mehr das Kindergl\u00fcck zum Vorschein. Z\u00e4rtlich nimmt die Mutter die Hand ihres Mannes und f\u00fchrt sie vorsichtig \u00fcber ihren Bauch, wo er dann au\u00dfer sich vor Gl\u00fcck die Bewegungen seines Kindes sp\u00fcrt.<\/p>\n<p>Auch jetzt noch ist die Babyhaut blass, faltenreich und d\u00fcnn. Nun aber kommen permanent immer mehr Muskeln und Fett hinzu und das kleine Gesch\u00f6pf wird t\u00e4glich praller, was auf dem Ultraschall deutlich zu sehen ist. In der 25. SSW sind bedingt durch die d\u00fcnne Haut schon die Organe, Blutgef\u00e4\u00dfe und Knochen sichtbar. Zu diesem Zeitpunkt wirkt die Haut optisch auch Rosa. Das R\u00fcckenmark w\u00e4chst ab der 25. SSW jetzt immer weniger in die L\u00e4nge und verlagert sich in n\u00e4chster Zeit weiter nach oben.<\/p>\n<p>Auch die Wirbels\u00e4ule entwickelt sich kr\u00e4ftig. Jetzt teilt sich auch langsam die Gro\u00dfhirnrinde in verschiedene Schichten. Dennoch werden die meisten K\u00f6rperfunktionen noch immer von anderen Gehirnbereichen gesteuert. Bereiche, welche sich schon fr\u00fcher entwickelt haben. Im Grunde genommen ist in der 25. SSW der kleine K\u00f6rper schon nahezu funktionst\u00fcchtig. Fr\u00fchchen h\u00e4tten jetzt schon eine reelle \u00dcberlebenschance au\u00dferhalb des Bauches. Was aber nur mit einer intensiven medizinischen Betreuung m\u00f6glich ist.<\/p>\n<p><img loading=\"lazy\" decoding=\"async\" class=\"aligncenter size-large wp-image-2794\" src=\"https:\/\/alleinerziehende-singles.de\/magazin\/wp-content\/uploads\/2021\/11\/SSW-25-1024x580.png\" alt=\"Schwangerschaftswoche 25\" width=\"648\" height=\"367\" srcset=\"https:\/\/alleinerziehende-singles.de\/magazin\/wp-content\/uploads\/2021\/11\/SSW-25-1024x580.png 1024w, https:\/\/alleinerziehende-singles.de\/magazin\/wp-content\/uploads\/2021\/11\/SSW-25-300x170.png 300w, https:\/\/alleinerziehende-singles.de\/magazin\/wp-content\/uploads\/2021\/11\/SSW-25-768x435.png 768w, https:\/\/alleinerziehende-singles.de\/magazin\/wp-content\/uploads\/2021\/11\/SSW-25-1536x870.png 1536w, https:\/\/alleinerziehende-singles.de\/magazin\/wp-content\/uploads\/2021\/11\/SSW-25.png 1767w\" sizes=\"auto, (max-width: 648px) 100vw, 648px\" \/><\/p>\n<h2>Was ist jetzt auf dem Ultraschall sichtbar zu erkennen?<\/h2>\n<p>Eine Schwangerschaft l\u00e4sst sich dann sicher nachweisen, wenn sich in der Geb\u00e4rmutter eine Fruchth\u00f6hle mit einem Embryo gebildet hat oder wenn zumindest eine Struktur, welche zu einer Fruchtanlage geh\u00f6rt, sichtbar ist. Mit einem Ultraschallger\u00e4t ist das ab der <a href=\"https:\/\/alleinerziehende-singles.de\/magazin\/ssw-schwangerschaftswoche-5\/\">5.<\/a> bis<a href=\"https:\/\/alleinerziehende-singles.de\/magazin\/ssw-schwangerschaftswoche-6\/\"> 6.<\/a> Woche m\u00f6glich. Also in etwa einer Woche nach Ausbleiben der Periode. Vorher ist mitunter schon in der hoch aufgebauten Geb\u00e4rmutterschleimhaut ein kleiner Punkt erkennbar, was jedoch noch kein sicherer Beweis f\u00fcr eine vorliegende Schwangerschaft ist.<\/p>\n<p>Die Ultraschalluntersuchung wird \u00fcber dem Bauch bis zur <a href=\"https:\/\/alleinerziehende-singles.de\/magazin\/ssw-schwangerschaftswoche-12\/\">12. Schwangerschaftswoche<\/a> vorgenommen. Bei dieser Untersuchung achtet der Arzt darauf, ob es sich um einen einzigen F\u00f6tus oder um mehrere F\u00f6ten handelt.<\/p>\n<p>Ab der 25. Schwangerschaftswoche sind die schon hier erw\u00e4hnten Konturen des Kindes zu sehen. Hinzu kommt, dass das Kind zu diesem Zeitpunkt fast 30 cm lang ist. Sichtbar ist in der 25. SSW auch die Gewichtszunahme, die zu diesem Zeitpunkt 650 bis 700 Gramm betragen sollte.<\/p>\n<h2>Wie gestaltet sich die Gesundheit der Mutter?<\/h2>\n<p>Ab der 25. Schwangerschaftswoche wird bei der werdenden Mutter ein Glukosetest durchgef\u00fchrt, um eine eventuelle Schwangerschaftsdiabetes auszuschlie\u00dfen. Eine derartige Blutzuckerkrankheit kommt im Schnitt bei 2 bis 5 Prozent aller Schwangeren vor. Meist verschwinden die Symptome nach der Geburt wieder.<\/p>\n<p>Weitere Symptome, die w\u00e4hrend einer Schwangerschaft auftreten k\u00f6nnen, sind Schwangerschaftsdepressionen. Die treten nicht nur nach, sondern auch w\u00e4hrend der Schwangerschaft in Form einer depressiven Stimmung auf. Die Symptome k\u00f6nnen sich steigern, bis hin zu schwerwiegenden Depressionen. Der Grund hierf\u00fcr ist, dass sich viele Frauen um die Gesundheit ihres ungeborenen Babys sorgen machen oder \u00fcber die Zukunft, wie es sp\u00e4ter mit Kind weitergeht.<\/p>\n<p>Treten w\u00e4hrend der Schwangerschaft Depressionen auf, k\u00f6nnen sich diese auch direkt auf das Kind negativ auswirken. Es kann sogar passieren, dass daraus das Risiko einer eine Fr\u00fchgeburt folgt.<\/p>\n<p>H\u00e4ufige Toilettenbesuche k\u00f6nnen ein Hinweis auf eine Harnwegsinfektion sein. Dabei spielt der Schwangerschaftsmonat keine Rolle. Es liegt normal daran, dass sich die Blase w\u00e4hrend der Schwangerschaft nach unten verschiebt und somit sich des \u00d6fteren der Harndrang f\u00fcr einen Toilettenbesuch bemerkbar macht.<\/p>\n<p>Sollte hier eine Harnwegsinfektion vorliegen, tritt diese durch ein brennendes Gef\u00fchl auf. Auch Zahnfleischbluten kann w\u00e4hrend der Schwangerschaft auftreten, da die Organe der werdenden Mutter st\u00e4rker durchblutet werden und sich dadurch das Gewebe lockert, was auch f\u00fcr die Mundschleimhaut gilt.<\/p>\n<h2>Was gibt es f\u00fcr hilfreiche Tipps in der 25. Schwangerschaftswoche?<\/h2>\n<p>Nicht nur in der 25. SSW ist es wichtig, dass sich die werdende Mutter w\u00e4hrend der Schwangerschaft weiterentwickelt. Je mehr Erfahrungen sie in dieser Zeit sammelt, wird sie sich in den weiteren Wochen gut vorbereitet f\u00fchlen.<\/p>\n<p>Um das Risiko weitgehend f\u00fcr eine Blasenentz\u00fcndung auszuschlie\u00dfen, sollte die werdende Mutter w\u00e4hrend der Schwangerschaft am besten Baumwollunterw\u00e4sche tragen. Polyester Unterw\u00e4sche eignet sich w\u00e4hrend der Schwangerschaft nicht so gut, da sie auch nicht atmungsaktiv ist und sich eventuelle Keime leichter ansiedeln und vermehren k\u00f6nnen.<\/p>\n<p>Nutzen sollte die Mutter auch die noch ruhige Zeit w\u00e4hrend der Schwangerschaft, um sich \u00fcber die ersten Wochen und Monate nach der Schwangerschaft Gedanken zu machen, welche Pflegeprodukte brauche ich f\u00fcr mein Baby und will ich es selbst stillen? Was ben\u00f6tige ich f\u00fcr mein Baby nach der Geburt?<\/p>\n<p>Wenn Sie alle Ratschl\u00e4ge beherzigen, sollte hier bald ein Prachtbaby das Licht der Welt erblicken.<\/p>\n<p><a href=\"https:\/\/alleinerziehende-singles.de\/magazin\/ssw-schwangerschaftswoche-24\/\">\u21d0 Zur\u00fcck zu SSW 24<\/a><br \/>\n<a href=\"https:\/\/alleinerziehende-singles.de\/magazin\/ssw-schwangerschaftswoche-26\/\">\u21d2 Weiter zu SSW 26<\/a><\/p>\n","protected":false},"excerpt":{"rendered":"<p>Was passiert in der 25. Schwangerschaftswoche? Ein Kind zu bekommen ist das gr\u00f6\u00dfte Erlebnis im Leben einer Frau, aber nicht<\/p>\n","protected":false},"author":2,"featured_media":0,"parent":0,"menu_order":0,"comment_status":"closed","ping_status":"closed","template":"","meta":{"footnotes":""},"class_list":["post-2414","page","type-page","status-publish","hentry","comments-off"],"aioseo_notices":[],"_links":{"self":[{"href":"https:\/\/alleinerziehende-singles.de\/magazin\/wp-json\/wp\/v2\/pages\/2414","targetHints":{"allow":["GET"]}}],"collection":[{"href":"https:\/\/alleinerziehende-singles.de\/magazin\/wp-json\/wp\/v2\/pages"}],"about":[{"href":"https:\/\/alleinerziehende-singles.de\/magazin\/wp-json\/wp\/v2\/types\/page"}],"author":[{"embeddable":true,"href":"https:\/\/alleinerziehende-singles.de\/magazin\/wp-json\/wp\/v2\/users\/2"}],"replies":[{"embeddable":true,"href":"https:\/\/alleinerziehende-singles.de\/magazin\/wp-json\/wp\/v2\/comments?post=2414"}],"version-history":[{"count":3,"href":"https:\/\/alleinerziehende-singles.de\/magazin\/wp-json\/wp\/v2\/pages\/2414\/revisions"}],"predecessor-version":[{"id":2796,"href":"https:\/\/alleinerziehende-singles.de\/magazin\/wp-json\/wp\/v2\/pages\/2414\/revisions\/2796"}],"wp:attachment":[{"href":"https:\/\/alleinerziehende-singles.de\/magazin\/wp-json\/wp\/v2\/media?parent=2414"}],"curies":[{"name":"wp","href":"https:\/\/api.w.org\/{rel}","templated":true}]}}