{"id":2412,"date":"2021-01-26T14:57:59","date_gmt":"2021-01-26T14:57:59","guid":{"rendered":"https:\/\/alleinerziehende-singles.de\/magazin\/?page_id=2412"},"modified":"2021-11-26T19:49:26","modified_gmt":"2021-11-26T19:49:26","slug":"ssw-schwangerschaftswoche-24","status":"publish","type":"page","link":"https:\/\/alleinerziehende-singles.de\/magazin\/ssw-schwangerschaftswoche-24\/","title":{"rendered":"Die Schwangerschaftswoche 24"},"content":{"rendered":"<h2>Das Ende des zweiten Trimesters &#8211; die 24. Schwangerschaftswoche<\/h2>\n<h3>Entwicklung des Babys<\/h3>\n<p>Die kr\u00e4ftiger werdenden Tritte des Babys sind in der 24. Schwangerschaftswoche deutlich zu sp\u00fcren. Auch die Knochen werden von Tag zu Tag fester. Somit kann das Kind bereits zum Ende des zweiten Trimesters eine sitzende Haltung im Bauch der Mutter. Zu diesem Zeitpunkt sind auch andere Bewegungen noch m\u00f6glich. In ungef\u00e4hr vier Wochen sieht es mit dem Platz jedoch anders aus.<\/p>\n<p>Mittlerweile kann das Kind die Augen \u00f6ffnen und beginnt mit den Liedern zu klappern. In dieser SSW sind auch die Geschmacksknospen voll entwickelt und das ungeborene Baby besitzt erstmals die F\u00e4higkeit zu schmecken. Die Lungen Reifen weiter und bekommen unter anderem einen Schutz gegen das Zusammenfallen.<\/p>\n<p>In dieser Schwangerschaftswoche beginnt der kleine K\u00f6rper zudem im R\u00fcckenmark mit der Bildung von wei\u00dfen Blutk\u00f6rperchen. Sie sind besonders f\u00fcr das Immunsystem wichtig.<\/p>\n<p><img loading=\"lazy\" decoding=\"async\" class=\"aligncenter size-large wp-image-2792\" src=\"https:\/\/alleinerziehende-singles.de\/magazin\/wp-content\/uploads\/2021\/11\/SSW-24-1024x562.png\" alt=\"Schwangerschaftswoche 24\" width=\"648\" height=\"356\" srcset=\"https:\/\/alleinerziehende-singles.de\/magazin\/wp-content\/uploads\/2021\/11\/SSW-24-1024x562.png 1024w, https:\/\/alleinerziehende-singles.de\/magazin\/wp-content\/uploads\/2021\/11\/SSW-24-300x165.png 300w, https:\/\/alleinerziehende-singles.de\/magazin\/wp-content\/uploads\/2021\/11\/SSW-24-768x422.png 768w, https:\/\/alleinerziehende-singles.de\/magazin\/wp-content\/uploads\/2021\/11\/SSW-24-1536x843.png 1536w, https:\/\/alleinerziehende-singles.de\/magazin\/wp-content\/uploads\/2021\/11\/SSW-24-1140x624.png 1140w, https:\/\/alleinerziehende-singles.de\/magazin\/wp-content\/uploads\/2021\/11\/SSW-24.png 1816w\" sizes=\"auto, (max-width: 648px) 100vw, 648px\" \/><\/p>\n<h2>Das ist auf dem Ultraschall zu sehen<\/h2>\n<p>In der 24. SSW kann der Arzt das Gewicht des Kindes zuverl\u00e4ssig ermitteln. Hierf\u00fcr ben\u00f6tigt er den Querdurchmesser des kindlichen Kopfes sowie des Bauches, den Bauchumfang und die L\u00e4nge des Oberschenkels.<br \/>\nDas Baby ist in dieser SSW etwa 29 Zentimeter und wiegt rund 550 Gramm. Am Ende der Woche liegt das Gewicht schon bei etwa 650 Gramm. Der Kopfumfang misst um die 22,5 Zentimeter und der Bauchumfang betr\u00e4gt circa 17 Zentimeter.<\/p>\n<p>W\u00e4re es m\u00f6glich, in dieser Schwangerschaftswoche bereits ein Bild anzufertigen, k\u00f6nnte man einen kleinen fertigen Menschen sehen. Es fehlen lediglich die Fettpolster unter der Haut, die die kleinen F\u00e4ltchen verschwinden lassen.<\/p>\n<h2>Die Gesundheit der Mutter<\/h2>\n<p>Der Oberrand der Geb\u00e4rmutter erreicht in der 24. Schwangerschaftswoche die H\u00f6he des Nabels. Die Geb\u00e4rmutter ragt \u00fcber das Becken heraus. Das h\u00e4ufige Wasserlassen l\u00e4sst somit nach. Die meisten Beschwerden, die werdende M\u00fctter bis hierhin erleiden mussten, sind bereits verschwunden oder tun dies jetzt h\u00e4ufig. So f\u00fchlen sie sich besser und die Lust auf Bewegung und Sport kommt zur\u00fcck. Auch das Verlangen nach Kontakt zu anderen steigt.<br \/>\nEin sch\u00f6nes Erlebnis, welches Schwangere ab der 24. SSW oft mit ihrem Partner teilen k\u00f6nnen, sind die Kindsbewegungen. Der kleine Mensch gibt sich die gr\u00f6\u00dfte M\u00fche und strampelt was das Zeug h\u00e4lt. Die immer kr\u00e4ftiger werdenden Bewegungen lassen sich endlich durch die Bauchdecke sp\u00fcren.<\/p>\n<p>Der immer gr\u00f6\u00dfer werdende Bauch sorgt daf\u00fcr, dass sich der Schwerpunkt des K\u00f6rpers langsam nach vorne verlagert. Ohne dar\u00fcber nachzudenken lehnen sich Frauen nun weiter zur\u00fcck, um nicht nach vorne \u00fcberzukippen.<br \/>\nH\u00e4ufig l\u00e4sst sich ein Ziehen im rechten und linken Unterbauch beobachten. Die Ursache hierf\u00fcr ist das schnelle Wachstum der Geb\u00e4rmutter. Besonders in dieser Schwangerschaftswoche kann das Auftreten von Ziehen im Unterleib Angst ausl\u00f6sen. In den meisten F\u00e4llen ist diese jedoch unbegr\u00fcndet. Am besten hilft es sich hinzusetzen oder zu liegen, um so die Halteb\u00e4nde bestm\u00f6glich zu entlasten.<\/p>\n<h2>Tipps f\u00fcr die Phase der Schwangerschaftswoche<\/h2>\n<p>In der 24. SSW sowie in der <a href=\"https:\/\/alleinerziehende-singles.de\/magazin\/ssw-schwangerschaftswoche-27\/\">27. SSW<\/a> untersucht der Arzt die Rhesus-Unvertr\u00e4glichkeit und eine eventuelle Schwangerschaftsdiabetes.<\/p>\n<p>Bei dem Rhesusfaktor handelt es sich um ein Protein auf den roten Blutk\u00f6rperchen. Etwa 15 Prozent der Menschen besitzen keinen Rhesusfaktor und sind Rhesus negativ (Rh-negativ). An sich ist das kein Problem. Problematisch kann es sp\u00e4testens in der zweiten Schwangerschaft werden. Ist die Mutter Rh-negativ und das Kind Rh-positiv, kann der K\u00f6rper der Mutter Antik\u00f6rper gegen das Blut des Babys bilden. Dieser Vorgang kann f\u00fcr das Ungeborene lebensgef\u00e4hrlich sein. Aus diesem Grund wird grunds\u00e4tzlich ein Test auf Rhesus-Unvertr\u00e4glichkeit vorgenommen.<br \/>\nBei der Schwangerschaftsdiabetes handelt es sich um eine spezielle Form der Zuckerkrankheit. Sie tritt ausschlie\u00dflich w\u00e4hrend der Schwangerschaft auf und verschwindet in den meisten F\u00e4llen kurz nach der Entbindung. Ausl\u00f6ser hierf\u00fcr sind die Freisetzungen verschiedener Hormone w\u00e4hrend der Schwangerschaft. Oft verl\u00e4uft die Schwangerschaftsdiabetes symptomlos und kann mit einer Umstellung der Ern\u00e4hrung und Bewegung gut therapiert werden. Nur selten ist eine Einnahme von Medikamenten notwendig.<\/p>\n<p><a href=\"https:\/\/alleinerziehende-singles.de\/magazin\/ssw-schwangerschaftswoche-23\/\">\u21d0 Zur\u00fcck zu SSW 23<\/a><br \/>\n<a href=\"https:\/\/alleinerziehende-singles.de\/magazin\/ssw-schwangerschaftswoche-25\/\">\u21d2 Weiter zu SSW 25<\/a><\/p>\n","protected":false},"excerpt":{"rendered":"<p>Das Ende des zweiten Trimesters &#8211; die 24. Schwangerschaftswoche Entwicklung des Babys Die kr\u00e4ftiger werdenden Tritte des Babys sind in<\/p>\n","protected":false},"author":2,"featured_media":0,"parent":0,"menu_order":0,"comment_status":"closed","ping_status":"closed","template":"","meta":{"footnotes":""},"class_list":["post-2412","page","type-page","status-publish","hentry","comments-off"],"aioseo_notices":[],"_links":{"self":[{"href":"https:\/\/alleinerziehende-singles.de\/magazin\/wp-json\/wp\/v2\/pages\/2412","targetHints":{"allow":["GET"]}}],"collection":[{"href":"https:\/\/alleinerziehende-singles.de\/magazin\/wp-json\/wp\/v2\/pages"}],"about":[{"href":"https:\/\/alleinerziehende-singles.de\/magazin\/wp-json\/wp\/v2\/types\/page"}],"author":[{"embeddable":true,"href":"https:\/\/alleinerziehende-singles.de\/magazin\/wp-json\/wp\/v2\/users\/2"}],"replies":[{"embeddable":true,"href":"https:\/\/alleinerziehende-singles.de\/magazin\/wp-json\/wp\/v2\/comments?post=2412"}],"version-history":[{"count":3,"href":"https:\/\/alleinerziehende-singles.de\/magazin\/wp-json\/wp\/v2\/pages\/2412\/revisions"}],"predecessor-version":[{"id":2793,"href":"https:\/\/alleinerziehende-singles.de\/magazin\/wp-json\/wp\/v2\/pages\/2412\/revisions\/2793"}],"wp:attachment":[{"href":"https:\/\/alleinerziehende-singles.de\/magazin\/wp-json\/wp\/v2\/media?parent=2412"}],"curies":[{"name":"wp","href":"https:\/\/api.w.org\/{rel}","templated":true}]}}