{"id":2379,"date":"2021-01-12T12:50:14","date_gmt":"2021-01-12T12:50:14","guid":{"rendered":"https:\/\/alleinerziehende-singles.de\/magazin\/?page_id=2379"},"modified":"2021-11-26T19:28:22","modified_gmt":"2021-11-26T19:28:22","slug":"ssw-schwangerschaftswoche-22","status":"publish","type":"page","link":"https:\/\/alleinerziehende-singles.de\/magazin\/ssw-schwangerschaftswoche-22\/","title":{"rendered":"Die Schwangerschaftswoche 22"},"content":{"rendered":"<h2>Das Baby in der 22. Schwangerschaftswoche<\/h2>\n<p>Das Baby hat in der 22. Schwangerschaftswoche die Gr\u00f6\u00dfe einer Papaya. Die L\u00e4nge des Babys betr\u00e4gt durchschnittlich zwischen 23 bis 28 cm. Ein Baby wiegt in dieser SSW zwischen 370 bis 454 Gramm. In der 22. Schwangerschaftswoche nehmen die M\u00fctter die Bewegungen des Kindes wahr. Dieses Gef\u00fchl ist unbeschreiblich, vor allem wenn die Mutter zur Ruhe kommt, k\u00f6nnen die Bewegungen vermehrt wahrgenommen werden. Die Arme und Beine befinden sich zwar noch im Wachstum, dennoch trainiert das Baby schon seine Muskulatur. Das Kind probiert mit aller Kraft aus, was es mit seinen Armen und Beinen anstellen kann. Nicht jede Bewegung wird dabei wahrgenommen, das liegt daran, dass das Baby noch gen\u00fcgend Platz im Bauch der Mutter hat. In dieser Woche bilden sich auch die ersten Schwei\u00dfdr\u00fcsen. Der K\u00f6rperfettanteil des Babys betr\u00e4gt gerade einmal ein Prozent. Ab jetzt wird das Baby die Fettschicht aufbauen. Das Baby kann in der 22. Schwangerschaftswoche aber nicht nur die Arme und Beine bewegen. Es kann jetzt auch seine Augenbrauen bewegen. Die Augenlider sind bereits entwickelt, bleiben allerdings noch verschlossen. Die Fingern\u00e4gel sind angelegt und bedecken die Fingerkuppen. Die feinen H\u00e4rchen an den Augenbrauen sind noch farblos, den die Pigmente sind noch nicht angelegt.<\/p>\n<p><img loading=\"lazy\" decoding=\"async\" class=\"aligncenter size-large wp-image-2785\" src=\"https:\/\/alleinerziehende-singles.de\/magazin\/wp-content\/uploads\/2021\/11\/SSW22-1024x577.png\" alt=\"Schwangerschaftswoche 22\" width=\"648\" height=\"365\" srcset=\"https:\/\/alleinerziehende-singles.de\/magazin\/wp-content\/uploads\/2021\/11\/SSW22-1024x577.png 1024w, https:\/\/alleinerziehende-singles.de\/magazin\/wp-content\/uploads\/2021\/11\/SSW22-300x169.png 300w, https:\/\/alleinerziehende-singles.de\/magazin\/wp-content\/uploads\/2021\/11\/SSW22-768x433.png 768w, https:\/\/alleinerziehende-singles.de\/magazin\/wp-content\/uploads\/2021\/11\/SSW22-1536x866.png 1536w, https:\/\/alleinerziehende-singles.de\/magazin\/wp-content\/uploads\/2021\/11\/SSW22.png 1802w\" sizes=\"auto, (max-width: 648px) 100vw, 648px\" \/><\/p>\n<h2>Der Ultraschall in der 22. SSW<\/h2>\n<p>Zwischen der 19. und 22. SSW steht der zweite Ultraschalltermin an. Dieser Ultraschalltermin wird auch als &#8222;gro\u00dfer Ultraschall&#8220; bezeichnet. Der Frauenarzt untersucht das Baby dabei genau und schaut sich vor allem die Organe an. Ein Hauptaugenmerk liegt dabei auf folgenden Organen:<\/p>\n<ul>\n<li>Kleinhirn<\/li>\n<li>linksseitige Herzposition<\/li>\n<li>Herzkammern<\/li>\n<li>Wirbels\u00e4ule<\/li>\n<li>Bauchwand<\/li>\n<li>Magen<\/li>\n<li>Nieren<\/li>\n<li>Harnblase<\/li>\n<\/ul>\n<p>Der Frauenarzt misst den Brustumfang, das Durchmesser des Kopfes und die L\u00e4nge des F\u00f6tus. Anhand dieser Daten kann er das Entwicklungsalter \u00fcberpr\u00fcfen und gegebenenfalls den Geburtstermin korrigieren. Anhand der Begutachtung der Organe sieht der Frauenarzt, ob das Baby zeitgem\u00e4\u00df entwickelt ist. Bei diesem Ultraschall wird auch der Sitz der Plazenta \u00fcberpr\u00fcft und die Fruchtwassermenge kontrolliert. Liegt das Baby gut, ist es auch m\u00f6glich, das Geschlecht des Babys zu erfahren. Das Baby ist jetzt schon richtig gut zu erkennen. Im Ultraschall lassen sich jetzt die Finger und F\u00fc\u00dfe gut erkennen. In einem 3D-Ultraschall sieht die Mutter das Baby reell. Ein 3D-Ultraschall ist aufregend und faszinierend zugleich.<\/p>\n<h2>Die Mutter in der 22. SSW<\/h2>\n<p>Der Bauch ist in der 22 Schwangerschaftswoche recht gro\u00df und die Bew\u00e4ltigung des Alltags gestaltet sich zunehmen schwerer. Die Br\u00fcste bereiten sich allm\u00e4hlich auf ihre Aufgabe vor. Die sogenannten Montgomery-Dr\u00fcsen wachsen und produzieren ein fetthaltiges Sekret. Dieses Sekret sch\u00fctzt die Brustwarzen vor Verletzungen. Hei\u00dfhunger Attacken sind keine Seltenheit, ist es auch nicht verwunderlich, denn das Baby ben\u00f6tigt viel Energie zum wachsen. Der K\u00f6rper der Mutter l\u00e4uft in der 22. SSW auf hochturen, sie f\u00fchlt sich \u00f6fter M\u00fcde. Der Hohe Bedarf an Magnesium, den das Baby ben\u00f6tigt kann einen Mangel hervorrufen. Viele M\u00fctter leiden unter Muskel- und Magenkr\u00e4mpfe. Eine magnesiumhaltige Ern\u00e4hrung ist hilfreich. Sollten jedoch weiterhin Beschwerden bestehen, dann ist der Frauenarzt oder die Hebamme der richtige Ansprechpartner. Der Beckenboden bereitet sich ebenfalls auf die bevorstehende Geburt vor. Er wird weicher, das hat zur Folge, das beim Husten oder Nie\u00dfen unkontrolliert Urin abgesetzt wird. Ein Beckenbodentraining ist daher auch w\u00e4hrend der Schwangerschaft empfehlenswert.<\/p>\n<h2>Tipps f\u00fcr die 22. SSW<\/h2>\n<p>Der Beckenboden sollte, wenn es der Frau m\u00f6glich ist, trainiert werden. Das hilft auch bei der Heilung nach der Geburt des Babys. Die Halbzeit der Schwangerschaft ist erreicht, jetzt ist es an der Zeit, Antr\u00e4ge zu stellen, wie zum Beispiel f\u00fcr das <a href=\"https:\/\/alleinerziehende-singles.de\/magazin\/elterngeld-elterngeld-plus\/\">Elterngeld<\/a>, die Familienversicherung und das Kindergeld. Diese Erledigungen lassen sich jetzt optimal erledigen. Viele Frauen beginnen jetzt auch mit dem sogenannten Nestbau. Es ist langsam an der Zeit, alles f\u00fcr die Ankunft des Babys herzurichten.<br \/>\nDer K\u00f6rper einer Frau leistet w\u00e4hrend der Schwangerschaft Unglaubliches. Daher ist es vollkommen okay, das Tempo heraus zu nehmen. Ruhepausen sollten regelm\u00e4\u00dfig eingelegt werden, um neue Kraft zu tanken. Generell ist es empfehlenswert, viel zu trinken, gerade jetzt in der Schwangerschaft umso wichtiger. Nat\u00fcrlich ist eine ausgewogene Ern\u00e4hrung ebenfalls wichtig f\u00fcr das Wohlbefinden.<\/p>\n<h2>Fazit<\/h2>\n<p>Die 22. Schwangerschaftswoche ist besonders, weil der zweite gro\u00dfe Ultraschall ansteht, aufregend. Die Chance besteht jetzt zu erfahren, ob ein Junge oder ein M\u00e4dchen unterwegs ist. Das Baby turnt ganz sch\u00f6n im Bauch der Mama herum. Die Bewegungen kann die Mutter jetzt wahrnehmen. Die Halbzeit der Schwangerschaft ist erreicht und der K\u00f6rper bereitet sich jetzt auf die Geburt vor. Mit dem immer gr\u00f6\u00dfer werdenden Bauch ist es oft schwer, den Alltag zu bew\u00e4ltigen. Die Puste fehlt oftmals, das ist kein Problem. Wichtig ist es einfach alles ein wenig langsamer und entspannter anzugehen. Ruhepausen zwischendurch m\u00fcssen einfach sein, immerhin arbeitet der K\u00f6rper dauerhaft auf H\u00f6chstleistung. Die letzten Wochen vergehen wie im Flug, die werdende Mama sollte die ruhige Zeit genie\u00dfen, bevor eine neue spannende Zeit beginnt.<\/p>\n<p><a href=\"https:\/\/alleinerziehende-singles.de\/magazin\/ssw-schwangerschaftswoche-21\/\">\u21d0 Zur\u00fcck zu SSW 21<\/a><br \/>\n<a href=\"https:\/\/alleinerziehende-singles.de\/magazin\/ssw-schwangerschaftswoche-23\/\">\u21d2 Weiter zu SSW 23<\/a><\/p>\n","protected":false},"excerpt":{"rendered":"<p>Das Baby in der 22. Schwangerschaftswoche Das Baby hat in der 22. Schwangerschaftswoche die Gr\u00f6\u00dfe einer Papaya. Die L\u00e4nge des<\/p>\n","protected":false},"author":2,"featured_media":0,"parent":0,"menu_order":0,"comment_status":"closed","ping_status":"closed","template":"","meta":{"footnotes":""},"class_list":["post-2379","page","type-page","status-publish","hentry","comments-off"],"aioseo_notices":[],"_links":{"self":[{"href":"https:\/\/alleinerziehende-singles.de\/magazin\/wp-json\/wp\/v2\/pages\/2379","targetHints":{"allow":["GET"]}}],"collection":[{"href":"https:\/\/alleinerziehende-singles.de\/magazin\/wp-json\/wp\/v2\/pages"}],"about":[{"href":"https:\/\/alleinerziehende-singles.de\/magazin\/wp-json\/wp\/v2\/types\/page"}],"author":[{"embeddable":true,"href":"https:\/\/alleinerziehende-singles.de\/magazin\/wp-json\/wp\/v2\/users\/2"}],"replies":[{"embeddable":true,"href":"https:\/\/alleinerziehende-singles.de\/magazin\/wp-json\/wp\/v2\/comments?post=2379"}],"version-history":[{"count":4,"href":"https:\/\/alleinerziehende-singles.de\/magazin\/wp-json\/wp\/v2\/pages\/2379\/revisions"}],"predecessor-version":[{"id":2786,"href":"https:\/\/alleinerziehende-singles.de\/magazin\/wp-json\/wp\/v2\/pages\/2379\/revisions\/2786"}],"wp:attachment":[{"href":"https:\/\/alleinerziehende-singles.de\/magazin\/wp-json\/wp\/v2\/media?parent=2379"}],"curies":[{"name":"wp","href":"https:\/\/api.w.org\/{rel}","templated":true}]}}