{"id":2369,"date":"2021-01-07T18:24:16","date_gmt":"2021-01-07T18:24:16","guid":{"rendered":"https:\/\/alleinerziehende-singles.de\/magazin\/?page_id=2369"},"modified":"2021-11-26T19:06:45","modified_gmt":"2021-11-26T19:06:45","slug":"ssw-schwangerschaftswoche-19","status":"publish","type":"page","link":"https:\/\/alleinerziehende-singles.de\/magazin\/ssw-schwangerschaftswoche-19\/","title":{"rendered":"Die Schwangerschaftswoche 19"},"content":{"rendered":"<p>In der 19. Woche steht die 2. Vorsorgeuntersuchung an. Hier entwickeln sich die Sinneswahrnehmungen sowie das Immunsystem. Beim Kind sind nun im Ultraschall deutlich die Gesichtsz\u00fcge erkennbar auch die Reflexe sind nun ausgebildet. Die Mutter sollte nun auf eine intensive Pflege der Haut achten und reichlich trinken, um den Stoffwechsel weitestgehend zu unterst\u00fctzen.<\/p>\n<h2>Entwicklung des Kindes in der 19. Schwangerschaftswoche<\/h2>\n<p>In dieser Zeit bildet die Haut des Kindes eine wachsartige Schicht aus. Diese wird K\u00e4seschmiere oder Vernix caseosa genannt und besteht aus einem Dr\u00fcsensekret, aus abgestorbenen Lanugo und Zellen. Es handelt sich hierbei um einen feinen Flaum, welcher den K\u00f6rper des Babys bedeckt. Jene wachsartige Bedeckung sch\u00fctzt die Haut des Kindes vor allem vor dem Fruchtwasser, welches es umgibt. Der meiste Teil der K\u00e4seschmiere l\u00f6st sich schon vor der Entbindung auf.<br \/>\nFr\u00fchgeborene sind bei ihrer Geburt hingegen meist noch von einer Schicht der K\u00e4seschmiere bedeckt. Wenn auch die Babys, termingerecht auf die Welt kommen, sind Reste davon noch an der Haut. Diese wird sanft von der Hebamme entfernt oder in die Haut einmassiert.<\/p>\n<p>Wenn die Mutter nun ein M\u00e4dchen erwartet, ist das Fortpflanzungssystem in der 19. SSW schon gut entwickelt. Die Geb\u00e4rmutter, Scheide und Eileiter sind ausgebildet und in den Eierst\u00f6cken sind mittlerweile mehr als sechs Millionen Eizellen entstanden. Zur Geburt des M\u00e4dchens werden jedoch nur noch etwa 1 Million Eizellen hiervon vorhanden sein. Diese k\u00f6nnen dann ab der Pubert\u00e4t nacheinander heranreifen.<br \/>\nDer K\u00f6rper des M\u00e4dchens nun keine neuen Eizellen ausbilden &#8211; wenn diese als erwachsene Frau selbst Kinder hat, werden sie aus der Eizelle entstehen, deren Anordnung genauso alt ist wie die Mutter.<br \/>\nWenn ein Jungenauf die Welt kommt, dann sind die Hoden schon jetzt geformt und sondern schon seit der 10. Woche das Hormon Testosteron ab. Diese externen Geschlechtsorgane haben sich bereits im ersten Trimester zu den Organen entwickelt und wachsen stetig weiter. Die Geschlechtsorgane sind daher in dieser Woche vollst\u00e4ndig entwickelt.<\/p>\n<p><img loading=\"lazy\" decoding=\"async\" class=\"aligncenter size-large wp-image-2774\" src=\"https:\/\/alleinerziehende-singles.de\/magazin\/wp-content\/uploads\/2021\/11\/SSW19-1024x573.png\" alt=\"Schwangerschaftswoche 19\" width=\"648\" height=\"363\" srcset=\"https:\/\/alleinerziehende-singles.de\/magazin\/wp-content\/uploads\/2021\/11\/SSW19-1024x573.png 1024w, https:\/\/alleinerziehende-singles.de\/magazin\/wp-content\/uploads\/2021\/11\/SSW19-300x168.png 300w, https:\/\/alleinerziehende-singles.de\/magazin\/wp-content\/uploads\/2021\/11\/SSW19-768x430.png 768w, https:\/\/alleinerziehende-singles.de\/magazin\/wp-content\/uploads\/2021\/11\/SSW19-1536x860.png 1536w, https:\/\/alleinerziehende-singles.de\/magazin\/wp-content\/uploads\/2021\/11\/SSW19.png 1804w\" sizes=\"auto, (max-width: 648px) 100vw, 648px\" \/><\/p>\n<p>In der 19. Schwangerschaftswoche ist das Kind nun etwa auf die Gr\u00f6\u00dfe einer reifen Mango herangewachsen und dies ist eine gro\u00dfe Leistung. Mit ungef\u00e4hr 18 Zentimetern hat das Kind ein Gewicht von 185 bis 225 Gramm. Der Frauenarzt wird die Zunahme des Gewichtes bei der Ultraschalluntersuchung in dem Mutterpass bekunden. Hierin gibt es daf\u00fcr eine gesonderte Tabelle, welche den Verlauf des Wachstums anzeigt. W\u00e4hrend das Baby noch ausreichend Platz hat, wird es f\u00fcr Zwillinge bereits in der 19. SSW bereits recht eng im Bauch der Mutter.<br \/>\nIn der 19. Schwangerschaftswoche wiegt das Kind also zwischen 200 und 240 Gramm. In der Stei\u00dfh\u00f6he misst es circa 15 Zentimeter. Von nun an wird seine Gr\u00f6\u00dfe allerdings nicht mehr mit jenem Wert, sondern in der Fersen-Scheitel-L\u00e4nge angegeben, welche in dieser Woche bei etwa 24 Zentimetern liegt.<\/p>\n<p>Der K\u00f6rper des Babys ist jetzt komplett mit dem Lanugo-Haar bedeckt. In der 19. SSW sind auch schon die ersten Vorboten der Kopfbehaarung zu erkennen. Die Haut Kindes differenziert sich st\u00e4rker aus und scheint nun weniger transparent.<\/p>\n<p>&nbsp;<\/p>\n<h2>Der K\u00f6rper der Mutter in der 19. Schwangerschaftswoche<\/h2>\n<p>In der 19. Schwangerschaftswoche ist die Entwicklung der Plazenta g\u00e4nzlich abgeschlossen. Diese wird in den folgenden Wochen nur noch in der Breite, jedoch nicht mehr in ihrer Dicke, anwachsen. Deshalb ist in der 19. SSW der Bauch zu einer kleinen Murmel gewachsen.<\/p>\n<p>Oftmals werden sie schon voller Spannung und sehns\u00fcchtig erwartet: die ersten Bewegungen des Kindes. In der 19. SSW k\u00f6nnte es tats\u00e4chlich an der Zeit sein. Viele M\u00fctter sind sich jedoch unsicher, ob das, was diese sp\u00fcren, wirklich das Kind ist. In dieser Phase der Schwangerschaft sollten jedoch noch keine gro\u00dfen Tritte oder Schl\u00e4ge erwartet werden. Einige M\u00fctter beschreiben die ersten zarten Bewegungen ein leichtes Flattern oder Kribbeln oder wie Bl\u00e4schen, die aus dem Inneren aufsteigen. Sollte sich die Plazenta in Richtung des R\u00fcckens befinden, werden die M\u00fctter erst ein wenig sp\u00e4ter etwas sp\u00fcren. In einem solchen Fall werden die Senkungen durch den Mutterkuchen nach vorn ein wenig abged\u00e4mpft. Die Mutter und der Arzt k\u00f6nnten jedoch mit etwas Gl\u00fcck in der 19. SSW dem Kind im Ultraschall beim Trainieren zuschauen.<\/p>\n<p>Auch Ihr K\u00f6rper \u00fcbt bereits flei\u00dfig und bereitet sich auf die kommende Geburt vor. Im Verlauf der Schwangerschaft die M\u00fctter nun auch sogenannte \u00dcbungswehen sp\u00fcren. Sie werden auch Braxton-Hicks-Kontraktionen genannt. Jene ersten Wehent\u00e4tigkeiten sind schmerzhaft und unterschieden sich daher deutlich in der Intensit\u00e4t und der Dauer von den echten Wehen. Einige Frauen versp\u00fcren diese auch \u00fcberhaupt nicht.<\/p>\n<p>Ein Geburtsvorbereitungskurs bietet nun die M\u00f6glichkeit, die Erfahrungen mit anderen M\u00fcttern auszutauschen. Zudem werden hier neben den unterschiedlichen Geburtsphasen, auch die Geburtspositionen, das Wochenbett, die Pflege des Kindes und das Stillen besprochen. Zudem werden bei solch einem Kurs K\u00f6rper- und Atem\u00fcbungen gezeigt, die die Mutter bei der Geburt unterst\u00fctzen. Die meisten Geburtsvorbereitungskurse richten sich an M\u00fctter ab der 28. Schwangerschaftswoche. Je nach Bereitschaft ist es sinnvoll, sich schon jetzt \u00fcber einen geeigneten Kurs zu informieren und sich daf\u00fcr anzumelden.<\/p>\n<p><a href=\"https:\/\/alleinerziehende-singles.de\/magazin\/ssw-schwangerschaftswoche-18\/\">\u21d0 Zur\u00fcck zu SSW 18<\/a><br \/>\n<a href=\"https:\/\/alleinerziehende-singles.de\/magazin\/ssw-schwangerschaftswoche-20\/\">\u21d2 Weiter zu SSW 20<\/a><\/p>\n","protected":false},"excerpt":{"rendered":"<p>In der 19. Woche steht die 2. Vorsorgeuntersuchung an. Hier entwickeln sich die Sinneswahrnehmungen sowie das Immunsystem. Beim Kind sind<\/p>\n","protected":false},"author":2,"featured_media":0,"parent":0,"menu_order":0,"comment_status":"closed","ping_status":"closed","template":"","meta":{"footnotes":""},"class_list":["post-2369","page","type-page","status-publish","hentry","comments-off"],"aioseo_notices":[],"_links":{"self":[{"href":"https:\/\/alleinerziehende-singles.de\/magazin\/wp-json\/wp\/v2\/pages\/2369","targetHints":{"allow":["GET"]}}],"collection":[{"href":"https:\/\/alleinerziehende-singles.de\/magazin\/wp-json\/wp\/v2\/pages"}],"about":[{"href":"https:\/\/alleinerziehende-singles.de\/magazin\/wp-json\/wp\/v2\/types\/page"}],"author":[{"embeddable":true,"href":"https:\/\/alleinerziehende-singles.de\/magazin\/wp-json\/wp\/v2\/users\/2"}],"replies":[{"embeddable":true,"href":"https:\/\/alleinerziehende-singles.de\/magazin\/wp-json\/wp\/v2\/comments?post=2369"}],"version-history":[{"count":4,"href":"https:\/\/alleinerziehende-singles.de\/magazin\/wp-json\/wp\/v2\/pages\/2369\/revisions"}],"predecessor-version":[{"id":2775,"href":"https:\/\/alleinerziehende-singles.de\/magazin\/wp-json\/wp\/v2\/pages\/2369\/revisions\/2775"}],"wp:attachment":[{"href":"https:\/\/alleinerziehende-singles.de\/magazin\/wp-json\/wp\/v2\/media?parent=2369"}],"curies":[{"name":"wp","href":"https:\/\/api.w.org\/{rel}","templated":true}]}}