{"id":2366,"date":"2021-01-07T18:16:47","date_gmt":"2021-01-07T18:16:47","guid":{"rendered":"https:\/\/alleinerziehende-singles.de\/magazin\/?page_id=2366"},"modified":"2021-11-26T19:03:22","modified_gmt":"2021-11-26T19:03:22","slug":"ssw-schwangerschaftswoche-18","status":"publish","type":"page","link":"https:\/\/alleinerziehende-singles.de\/magazin\/ssw-schwangerschaftswoche-18\/","title":{"rendered":"Die Schwangerschaftswoche 18"},"content":{"rendered":"<p>Die Schwangerschaft ist ein sch\u00f6ner Vorgang und in jeder Woche entwickelt sich diese weiter. In der 18 Woche gibt es interessante Dinge, die wir hier auff\u00fchren m\u00f6chten.<\/p>\n<h2>Entwicklung des Babys<\/h2>\n<p>Ihr Baby wird sich in der 18 SSW weiterentwickeln. In dieser Woche gibt es ein besonderes Merkmal, n\u00e4mlich die Fingerabdr\u00fccke, die sich entwickeln. Auch an den Zehen und den Fingerspitzen machen sich \u00c4nderungen bemerkbar. Hier bilden sich jetzt spiralf\u00f6rmige Linien. Diese entstehen deshalb, weil die Hautschichten, die \u00fcbereinanderliegen, verschieden schnell wachsen. Auch die Lunge hat in der 18 Schwangerschaftswoche einen Sprung gemacht, das Baby kann nun \u00fcber das Fruchtwasser atmen und das st\u00e4rkt die Lungen noch weiterhin. Sch\u00f6n zu wissen ist sicherlich, dass sich das Baby nun auch \u00fcber das Fruchtwasser ern\u00e4hrt, in dem es dieses trinkt. Das getrunkene Fruchtwasser ger\u00e4t erst in den Magen und dann in den Darm. Dort vermischt es sich mit abgestorbenen Zellen und Absonderungen. Diese Mischung wird auch Kindspech genannt und ist die erste Windelf\u00fcllung des Neugeborenen.<\/p>\n<p>In der 18 Schwangerschaftswoche entwickeln sich der Saug- und der Schluckreflex. Au\u00dferdem k\u00f6nnen Sie wohl auch schon die ersten Tritte des Babys versp\u00fcren, da es sich aktiv im Mutterleib bewegt. Vor allem, wenn es nicht Ihr erstes Kind ist, k\u00f6nnen Sie recht schnell diese Bewegungen sp\u00fcren.<\/p>\n<p><img loading=\"lazy\" decoding=\"async\" class=\"aligncenter size-large wp-image-2772\" src=\"https:\/\/alleinerziehende-singles.de\/magazin\/wp-content\/uploads\/2021\/11\/SSW18-1024x568.png\" alt=\"Schwangerschaftswoche 18\" width=\"648\" height=\"359\" srcset=\"https:\/\/alleinerziehende-singles.de\/magazin\/wp-content\/uploads\/2021\/11\/SSW18-1024x568.png 1024w, https:\/\/alleinerziehende-singles.de\/magazin\/wp-content\/uploads\/2021\/11\/SSW18-300x166.png 300w, https:\/\/alleinerziehende-singles.de\/magazin\/wp-content\/uploads\/2021\/11\/SSW18-768x426.png 768w, https:\/\/alleinerziehende-singles.de\/magazin\/wp-content\/uploads\/2021\/11\/SSW18-1536x851.png 1536w, https:\/\/alleinerziehende-singles.de\/magazin\/wp-content\/uploads\/2021\/11\/SSW18.png 1795w\" sizes=\"auto, (max-width: 648px) 100vw, 648px\" \/><\/p>\n<p>&nbsp;<\/p>\n<h2>Das ist auf dem Ultraschall zu sehen<\/h2>\n<p>Der Ultraschall in der 18 SSW wird sehr interessant werden. Zum einen k\u00f6nnen sie sehen, wie das Baby strampelt und am Daumen lutscht. Was aber viel interessanter ist, ab jetzt k\u00f6nnen Gyn\u00e4kologen einen guten Blick auf das Geschlecht werfen. Vorausgesetzt, das Baby liegt richtig! Ebenso kann der Frauenarzt \u00fcber Ultraschall bestimmen, wir gro\u00df Ihr Baby inzwischen ist. Meist sind es 14-18 cm. Auch das ungef\u00e4hre Gewicht l\u00e4sst sich via Ultraschall bestimmen. Die meisten Babys wiegen in dieser Schwangerschaftsphase ungef\u00e4hr 200 Gramm.<\/p>\n<h2>Die Gesundheit der Mutter<\/h2>\n<p>Mit dem Fortschreiten der Schwangerschaft, kommt es in der 18 Schwangerschaftswoche zu verschiedenen gesundheitlichen Symptomen. Dies k\u00f6nnen, m\u00fcssen aber nicht auftreten. Dies ist bei jeder Schwangeren verschieden, aber Sie sollten sich auf jeden Fall ein wenig darauf einstellen!<\/p>\n<p>In dieser Phase der Schwangerschaft kann es zu Schwindelanf\u00e4llen kommen. Verwunderlich ist dies nicht, denn Ihr Herz muss nun mehr Arbeit leisten. Es arbeitet bis zu 50 Prozent h\u00e4rter als vor Ihrer Schwangerschaft. Dazu kann auch die Geb\u00e4rmutter einen Druck auf die Blutgef\u00e4\u00dfe aus\u00fcben, denn nat\u00fcrlich w\u00e4chst sie mit jeder Schwangerschaftswoche. Auch durch diesen Druck kann Ihnen durchaus schwindelig werden, vor allem, wenn Sie zu schnell aufstehen.<\/p>\n<p>Viele M\u00fctter sind in dieser Schwangerschaftswoche beunruhigt, weil es im Bauch zieht und sticht. Aber keine Sorge, da die Mutterb\u00e4nder extrem beansprucht werden, entstehen diese unangenehmen Symptome. Sie k\u00f6nnen aber diese Symptome von Ihrem Frauenarzt abkl\u00e4ren lassen, um sicher zu gehen, dass sich alles normal entwickelt.<\/p>\n<p>Der Blutzuckerspiegel wird in der 18 SSW auch ein wenig dazu beitragen, dass Sie sich nicht immer so wohlf\u00fchlen. Ein niedriger Blutzuckerspiegel sorgt f\u00fcr ein unangenehmes und zittriges Gef\u00fchl. Essen Sie einfach zwischendurch ein St\u00fcck Obst, um den Blutzuckerspiegel auf nat\u00fcrliche Art zu erh\u00f6hen.<\/p>\n<p>Mit der 18 SSW kann sich leider ein Leid einstellen, auf das Schwangere gerne verzichten w\u00fcrden. Die Rede ist von Wadenkr\u00e4mpfen. Vor allem in der Nacht k\u00f6nnten Sie davon \u00f6fter erwachen.<\/p>\n<h2>Tipps f\u00fcr die Phase dieser SSW<\/h2>\n<p>Um die Wadenkr\u00e4mpfe in den Griff zu bekommen, k\u00f6nnen Sie Magnesium zu sich nehmen. Allerdings sprechen Sie die Einnahme immer mit dem Frauenarzt ab! Verzichten m\u00fcssen Sie auf Magnesium dann, wenn Sie schon ein Eisenpr\u00e4parat einnehmen, weil Magnesium hemmt die Aufnahme von Eisen. Aber nach Absprache mit dem Arzt, k\u00f6nnen Sie die Pr\u00e4parate im Grunde in einem Abstand von einigen Stunden einnehmen.<\/p>\n<p>Sie sollten auch an Kalzium denken, um die Knochen des Babys zu st\u00e4rken. Gerade ab der 18 SSW ist dies sehr wichtig. Sie m\u00fcssen hier aber nicht auf ein Pr\u00e4parat der Apotheke zur\u00fcckgreifen, sondern sollten einfach mehr K\u00e4ste und Milch zu sich nehmen. Auch Brokkoli, Fenchel und anderes Gem\u00fcse enth\u00e4lt recht viel Kalzium.<\/p>\n<p>Da die Schwangerschaft schnell voranschreitet, wird es Zeit, sich auch um die Zukunft zu k\u00fcmmern. Suchen Sie sich eine Klinik heraus, die Sie besichtigen wollen. Dies k\u00f6nnen nat\u00fcrlich auch gleich mehrere Krankenh\u00e4user sein. So bekommen Sie ein gutes Bild von den Geburtsstationen. Sollten Sie eine Geburt zu Hause stellen, machen Sie sich am besten schon jetzt auf die Suche nach einer Hebamme.<\/p>\n<p>Auch \u00fcber die Zeit nach der Geburt k\u00f6nnen Sie nachdenken. Die Elternzeit ist eine wichtige Entscheidung, die nicht \u00fcberst\u00fcrzt werden sollte. Von daher k\u00f6nnen Sie schon jetzt mit dem Partner \u00fcber dieses Thema sprechen. Mittlerweile k\u00f6nnen Vater oder Mutter bei dem Baby bleiben oder die Elternzeit sogar aufteilen. Dank dieser Gestaltung bieten sich f\u00fcr Paare immens viele M\u00f6glichkeiten und vor allem der Vater kann sich auch Zeit nehmen, um so viel wie m\u00f6glich in der ersten Zeit des Kindes mitzuerleben.<\/p>\n<p><a href=\"https:\/\/alleinerziehende-singles.de\/magazin\/ssw-schwangerschaftswoche-17\/\">\u21d0 Zur\u00fcck zu SSW 17<\/a><br \/>\n<a href=\"https:\/\/alleinerziehende-singles.de\/magazin\/ssw-schwangerschaftswoche-19\/\">\u21d2 Weiter zu SSW 19<\/a><\/p>\n","protected":false},"excerpt":{"rendered":"<p>Die Schwangerschaft ist ein sch\u00f6ner Vorgang und in jeder Woche entwickelt sich diese weiter. In der 18 Woche gibt es<\/p>\n","protected":false},"author":2,"featured_media":0,"parent":0,"menu_order":0,"comment_status":"closed","ping_status":"closed","template":"","meta":{"footnotes":""},"class_list":["post-2366","page","type-page","status-publish","hentry","comments-off"],"aioseo_notices":[],"_links":{"self":[{"href":"https:\/\/alleinerziehende-singles.de\/magazin\/wp-json\/wp\/v2\/pages\/2366","targetHints":{"allow":["GET"]}}],"collection":[{"href":"https:\/\/alleinerziehende-singles.de\/magazin\/wp-json\/wp\/v2\/pages"}],"about":[{"href":"https:\/\/alleinerziehende-singles.de\/magazin\/wp-json\/wp\/v2\/types\/page"}],"author":[{"embeddable":true,"href":"https:\/\/alleinerziehende-singles.de\/magazin\/wp-json\/wp\/v2\/users\/2"}],"replies":[{"embeddable":true,"href":"https:\/\/alleinerziehende-singles.de\/magazin\/wp-json\/wp\/v2\/comments?post=2366"}],"version-history":[{"count":4,"href":"https:\/\/alleinerziehende-singles.de\/magazin\/wp-json\/wp\/v2\/pages\/2366\/revisions"}],"predecessor-version":[{"id":2773,"href":"https:\/\/alleinerziehende-singles.de\/magazin\/wp-json\/wp\/v2\/pages\/2366\/revisions\/2773"}],"wp:attachment":[{"href":"https:\/\/alleinerziehende-singles.de\/magazin\/wp-json\/wp\/v2\/media?parent=2366"}],"curies":[{"name":"wp","href":"https:\/\/api.w.org\/{rel}","templated":true}]}}