{"id":2362,"date":"2021-01-06T06:33:27","date_gmt":"2021-01-06T06:33:27","guid":{"rendered":"https:\/\/alleinerziehende-singles.de\/magazin\/?page_id=2362"},"modified":"2021-11-26T18:56:27","modified_gmt":"2021-11-26T18:56:27","slug":"ssw-schwangerschaftswoche-16","status":"publish","type":"page","link":"https:\/\/alleinerziehende-singles.de\/magazin\/ssw-schwangerschaftswoche-16\/","title":{"rendered":"Die Schwangerschaftswoche 16"},"content":{"rendered":"<h2>Schwangerschaft 16 Woche<\/h2>\n<p>Nun wird es spannend! Ab jetzt bewegt Ihr Baby seine Arme und Beine kr\u00e4ftig, auch f\u00e4ngt es an, seinen Kopf aus der gekr\u00fcmmtem Haltung zu heben. Ab der 16. Schwangerschaftswoche k\u00f6nnen werdende M\u00fctter diese ersten Bewegungen teilweise auch schon sp\u00fcren. Durch das Polster des Fruchtwassers nehmen Erstgeb\u00e4rendes vielleicht noch nichts wahr aber Frauen, die bereits eine Geburt hinter sich haben, sp\u00fcren ein ganz leichtes Flattern im Bauch. Mittlerweile ist auch das Geschlecht des Babys feststellbar und wer wei\u00df, vielleicht l\u00fcftet der n\u00e4chste Ultraschall dieses kleine Geheimnis.<\/p>\n<h2>Derzeitiger Stand der Entwicklung Ihres Babys<\/h2>\n<p>Ab der 16. SSW, also dem zweiten Trimester, beginnt das Baby langsam, Ger\u00e4usche und Bewegungen, wie zum Beispiel den Herzschlag, die Magen-Darm Ger\u00e4usche oder die Stimme der Mutter, aber auch Vibrationen wie vorbeifahrende Autos wahrzunehmen. Nun ist es seitens der werdenden Mama an der Zeit, dem kleinen Wunder vorzusingen oder vorzulesen, damit sich das Kleine bereits in diesem Stadium an die beruhigende Stimme der Mutter gew\u00f6hnt. Babys, in dieser Phase ca. so gro\u00df wie eine Orange (etwa 11 cm) und so schwer wie eine Karotte (etwa 100 Gramm), sind ab dieser Schwangerschaftswoche, abgesehen von kurzen Schlafphasen, so gut wie rund um die Uhr aktiv und kann die werdende Mutter ziemlich auf Trapp halten.<\/p>\n<p><img loading=\"lazy\" decoding=\"async\" class=\"aligncenter size-large wp-image-2669\" src=\"https:\/\/alleinerziehende-singles.de\/magazin\/wp-content\/uploads\/2021\/07\/SSW16-1024x546.png\" alt=\"Schwangerschaftswoche 16 SSW 16\" width=\"648\" height=\"346\" \/><\/p>\n<h2>Ein spannender Ultraschall<\/h2>\n<p>Jede Ultraschalluntersuchung in der Schwangerschaft ist spannend, der Ultraschall in der 16 SSW ist jedoch ein ganz besonderes Ereignis. Nicht nur kann man, wenn man Gl\u00fcck hat, das Geschlecht des Kindes erkennen, vielleicht ist das Baby ja auch w\u00e4hrend der Untersuchung aktiv, schl\u00e4gt die ersten Purzelb\u00e4ume oder lutscht am Daumen. Keine Sorge, Platz und Polsterung ist genug vorhanden. Auch die ersten, feinen Gesichtsz\u00fcge sind bei guter Lages des Babys w\u00e4hrend des Ultraschalls vielleicht zu sehen, eventuell l\u00e4chelt das Baby auch oder schneidet Grimassen! Mittlerweile sind die F\u00fc\u00dfchen schon etwa 2 cm gro\u00df! An den Finger- und Zehenkuppen bilden sich nun die feine Rillen, der einzigartige Abdruck jedes Menschen entsteht. Der K\u00f6rper des Babys entwickelt sich nun recht schell. Alle Gelenke sind mittlerweile dort, wo sie auch sein sollen und die Muskeln reagieren auf die Stimulationen des Gehirns.<\/p>\n<h2>Entwicklung der Mutter in dieser Phase<\/h2>\n<p>Das Baby w\u00e4chst und gedeiht und in dieser Schwangerschaftswoche l\u00e4sst sich meist schon ein kleines B\u00e4uchlein bei der werdenden Mutter erkennen. Das ist nun der Zeitpunkt, nach modischer Umstandsmode Ausschau zu halten. Durch die Entwicklung und das starke Wachstum ab der 16 SSW f\u00e4ngt auch eine gesteigerte Gewichtszunahme an, was auch gut so ist. Frauen im Normalgewichtsbereich nehmen in der gesamten Schwangerschaft etwas 12 &#8211; 16 kg zu, das meiste Gewicht ist jedoch nicht das Baby, das bei der Geburt im Durchschnitt etwa 3,4 kg schwer ist. Es ist die Plazenta, die Geb\u00e4rmutter, das Fruchtwasser und das eingelagerte Wasser sowie die erh\u00f6hte Blutmenge.<\/p>\n<p>Ab der 16 SSW haben Frauen, die auf dem Bauch schlafen, die ersten Schwierigkeiten, diese Schlafposition ist in dieser Phase fast unm\u00f6glich. Auch auf dem R\u00fccken zu liegen ist wahrscheinlich nicht die angenehmste Entspannung. Durch eine seitliche Schlafposition wird der Kreislauf der Mutter angeregt und somit kann man die Bildung von Krampfadern oder anderen kreislaufbedingte Beschwerden vorbeugen. Durch die Schwangerschaftshormone sammelt sich Fl\u00fcssigkeit in der Lunge der werdenden Mutter und die wachsende Geb\u00e4rmutter erzeugt Druck auf das Zwerchfell. Das engt somit den Raum f\u00fcr tiefe Atemz\u00fcge ein, dies f\u00fchrt oftmals schon bei kleineren Anstrengungen zu Kurzatmigkeit.<\/p>\n<h2>Tipps f\u00fcr die 16. Schwangerschaftswoche<\/h2>\n<p>Dies w\u00e4re nun der perfekte Zeitpunkt, sich einen entspannenden Urlaub zu g\u00f6nnen. Reisen k\u00f6nnen in dieser Phase der Schwangerschaft unbedenklich vorgenommen werden. Der Bauch ist noch nicht allzu sehr im Weg und auch die morgendliche \u00dcbelkeit sollte vor\u00fcber sein.<\/p>\n<p>Werdende M\u00fctter sollten nun mit ihrem Frauenarzt besprechen, ob ein Triple Test durchgef\u00fchrt werden soll. Es handelt sich hier um einen Bluttest, der Geburtsfehler wie zum Beispiel Down Syndrom oder eine Fehlbildung des Babys feststellen kann.<br \/>\nAuch eine Fruchtwasseruntersuchung, die zwischen der <a href=\"https:\/\/alleinerziehende-singles.de\/magazin\/ssw-schwangerschaftswoche-15\/\">15.<\/a> und <a href=\"https:\/\/alleinerziehende-singles.de\/magazin\/ssw-schwangerschaftswoche-18\/\">18. Schwangerschaftswoche<\/a> durchgef\u00fchrt werden kann, gibt Erkenntnisse, ob eine Fr\u00fchgeburt droht und ob die Lungen des Babys bereits ausserhalb des Mutterleibes funktionsf\u00e4hig w\u00e4ren. Die Fruchtwasseruntersuchung ist jedoch nicht ohne Risiken. Es wird hierbei mit einer d\u00fcnnen Kan\u00fcle die Bauchdecke durchsto\u00dfen, um Fruchtwasser zu entnehmen. Dabei kann es zu Verletzungen des Babys kommen.<\/p>\n<p>Eine gesunde Ern\u00e4hrung ist nat\u00fcrlich besonders wichtig, die werdende Mutter isst ja sozusagen f\u00fcr zwei. Ab der 16. SSW ist eine ausreichende Zufuhr von Kalzium essentiell. Gesunde Vollkornkost, gr\u00fcnes Gem\u00fcse und Milchprodukte sollte jedoch ausreichend sein. Eventuell ist eine zus\u00e4tzliche Einnahme von Jod-Pr\u00e4paraten notwendig. Am besten ist, die werdende Mutter bespricht dies alles mit dem Frauenarzt des Vertrauens, um gesund und stark in die n\u00e4chste Phase der Schwangerschaft eintreten zu k\u00f6nnen.<\/p>\n<p><a href=\"https:\/\/alleinerziehende-singles.de\/magazin\/ssw-schwangerschaftswoche-15\/\">\u21d0 Zur\u00fcck zu SSW 15 <\/a><br \/>\n<a href=\"https:\/\/alleinerziehende-singles.de\/magazin\/ssw-schwangerschaftswoche-17\/\">\u21d2 Weiter zu SSW 17 <\/a><\/p>\n","protected":false},"excerpt":{"rendered":"<p>Schwangerschaft 16 Woche Nun wird es spannend! Ab jetzt bewegt Ihr Baby seine Arme und Beine kr\u00e4ftig, auch f\u00e4ngt es<\/p>\n","protected":false},"author":2,"featured_media":0,"parent":0,"menu_order":0,"comment_status":"closed","ping_status":"closed","template":"","meta":{"footnotes":""},"class_list":["post-2362","page","type-page","status-publish","hentry","comments-off"],"aioseo_notices":[],"_links":{"self":[{"href":"https:\/\/alleinerziehende-singles.de\/magazin\/wp-json\/wp\/v2\/pages\/2362","targetHints":{"allow":["GET"]}}],"collection":[{"href":"https:\/\/alleinerziehende-singles.de\/magazin\/wp-json\/wp\/v2\/pages"}],"about":[{"href":"https:\/\/alleinerziehende-singles.de\/magazin\/wp-json\/wp\/v2\/types\/page"}],"author":[{"embeddable":true,"href":"https:\/\/alleinerziehende-singles.de\/magazin\/wp-json\/wp\/v2\/users\/2"}],"replies":[{"embeddable":true,"href":"https:\/\/alleinerziehende-singles.de\/magazin\/wp-json\/wp\/v2\/comments?post=2362"}],"version-history":[{"count":5,"href":"https:\/\/alleinerziehende-singles.de\/magazin\/wp-json\/wp\/v2\/pages\/2362\/revisions"}],"predecessor-version":[{"id":2667,"href":"https:\/\/alleinerziehende-singles.de\/magazin\/wp-json\/wp\/v2\/pages\/2362\/revisions\/2667"}],"wp:attachment":[{"href":"https:\/\/alleinerziehende-singles.de\/magazin\/wp-json\/wp\/v2\/media?parent=2362"}],"curies":[{"name":"wp","href":"https:\/\/api.w.org\/{rel}","templated":true}]}}