{"id":2360,"date":"2021-01-06T06:32:04","date_gmt":"2021-01-06T06:32:04","guid":{"rendered":"https:\/\/alleinerziehende-singles.de\/magazin\/?page_id=2360"},"modified":"2021-11-27T17:00:49","modified_gmt":"2021-11-27T17:00:49","slug":"ssw-schwangerschaftswoche-15","status":"publish","type":"page","link":"https:\/\/alleinerziehende-singles.de\/magazin\/ssw-schwangerschaftswoche-15\/","title":{"rendered":"Die Schwangerschaftswoche 15"},"content":{"rendered":"<h2>Was ver\u00e4ndert sich?<\/h2>\n<p>Die Schwangerschaft ist vom ersten bis zum letzten Tag eine sehr spannende Zeit. Jede <a href=\"https:\/\/alleinerziehende-singles.de\/magazin\/schwangerschaftswochen\/\">Schwangerschaftswoche<\/a> ist anders als die vorherige. In der 15. SSW macht das Baby im Bauch die ersten aktiven Bewegungen und \u00fcbt seine Reflexe. Es passieren aber noch viele weitere Ver\u00e4nderungen. Die werdende Mutter ist viele entspannter als bisher. Hier ein \u00dcberblick \u00fcber die bevorstehenden Ver\u00e4nderungen in der 15. Schwangerschaftswochen was beim Ultraschall zu sehen ist, was das Baby macht und wie Sie selber sich in dieser Zeit f\u00fchlen.<\/p>\n<h2>Die 15-te Schwangerschaftswoche \u2013 So entwickelt sich das Baby<\/h2>\n<p>In der 15. SSW ist die Entwicklung der Augen in etwa abgeschlossen. Die Hornhaut hat sich zu Ende entwickelt. Auch die Linse und die Iris des Babys sind jetzt komplett fertig entwickelt. Es entstehen weitere Ossifikations- und Knochenzentren sowie das Knochenmark, das die Funktion des Dottersacks bei der Bildung des Bluts des Babys \u00fcbernimmt. Die Gelenke des Babys werden beweglicher und das Baby wird flexibler. Jetzt kann Ihr Baby seine Finger langsam aber sicher zur Faust dr\u00fccken.<\/p>\n<p>Ihr Baby schluckt das Fruchtwasser, das es umgibt, wodurch die Atemwegeimmer mehr reifen. Die Augen des Babys sind immer noch geschlossen, aber das Baby reagiert allm\u00e4hlich auf Licht au\u00dferhalb des Mutterleibs. Ab dieser Woche h\u00f6rt Ihr Kind Ger\u00e4usche in Ihrem K\u00f6rper, wie Herzschl\u00e4ge und Bauchegungen. Das Baby wiegt in dieser SSW etwa 50-100g und ist 10-15 cm gro\u00df. Diese Angaben entsprechen aber nur dem Durchschnitt und k\u00f6nnen etwas abweichen, was kein Grund zur Besorgnis ist.<\/p>\n<p>Das Baby ist aktiv, es kann seine Faust dr\u00fccken, Knochen und Knochenmark entwickeln sich, die Muskeln wachsen und die Ossifikation der Geh\u00f6rkn\u00f6chelchen beginnt. Es entwickeln sich Geschmacksknospen auf der Zunge und das Baby kann verschiedene Geschmacksrichtungen unterscheiden.<\/p>\n<p><img loading=\"lazy\" decoding=\"async\" class=\"aligncenter size-large wp-image-2767\" src=\"https:\/\/alleinerziehende-singles.de\/magazin\/wp-content\/uploads\/2021\/11\/SSW15-1024x574.png\" alt=\"Schwangerschaftswoche 15\" width=\"648\" height=\"363\" srcset=\"https:\/\/alleinerziehende-singles.de\/magazin\/wp-content\/uploads\/2021\/11\/SSW15-1024x574.png 1024w, https:\/\/alleinerziehende-singles.de\/magazin\/wp-content\/uploads\/2021\/11\/SSW15-300x168.png 300w, https:\/\/alleinerziehende-singles.de\/magazin\/wp-content\/uploads\/2021\/11\/SSW15-768x430.png 768w, https:\/\/alleinerziehende-singles.de\/magazin\/wp-content\/uploads\/2021\/11\/SSW15-1536x861.png 1536w, https:\/\/alleinerziehende-singles.de\/magazin\/wp-content\/uploads\/2021\/11\/SSW15.png 1760w\" sizes=\"auto, (max-width: 648px) 100vw, 648px\" \/><\/p>\n<h2>So f\u00fchlt sich die werdende Mutter in der 15. SSW<\/h2>\n<p>Jetzt ist auch Ihr Bauch deutlich zu erkennen. Daher wird Ihre Kleidung immer enger und es ist Zeit, Umstandsmode zu kaufen.<\/p>\n<p>Wenn das Blutvolumen zunimmt, beginnt sich Ihr K\u00f6rper an erh\u00f6hte Anstrengungen anzupassen. Zun\u00e4chst erh\u00f6ht das Herz seine Aktivit\u00e4t um etwa 20%. Das Herzvolumen steigt ebenso wie die Herzschl\u00e4ge, was mit einer erh\u00f6hten beschleunigten Herzfrequenz und einem schnelleren Puls einhergeht.<\/p>\n<p>W\u00e4hrend der Schwangerschaft in der 15. Schwangerschaftswoche sammelt sich mehr Blut in Ihrer Geb\u00e4rmutter, Ihrem Geb\u00e4rmutterhals und Ihrer Vagina an. W\u00e4hrend dies f\u00fcr Ihr sich entwickelndes Baby gro\u00dfartig ist, bedeutet es f\u00fcr Sie eine Erh\u00f6hung des Vaginalausflusses. Sie kennen dieses Symptom wahrscheinlich bereits. Solange der Ausfluss aber genauso aussieht und riecht wie vor der Schwangerschaft, besteht kein Grund zur Sorge. M\u00f6gliche Verf\u00e4rbungen oder ungew\u00f6hnliche Ger\u00fcche besprechen Sie am besten direkt mit Ihrem Frauenarzt.<\/p>\n<p>In dieser Woche f\u00fchlen sich die meisten werdenden M\u00fctter energiegeladen und munter. K\u00f6rperlich bricht die Phase des allgemeinen Wohlbefindens ein. Werdende M\u00fctter sind in der 15. SSW besonders entspannt und guter Stimmung. Das merkt man auch an Ihrer Ausstrahlung.<br \/>\nEine negative Auswirkung kann diese Schwangerschaftswoche auf Ihr Ged\u00e4chtnis haben. Viele Frauen vergessen viele Dinge in dieser Zeit. Dieser kleine Nachteil l\u00e4sst aber sp\u00e4ter nach.<\/p>\n<h2>Was man auf dem Ultraschall bereits erkennen kann<\/h2>\n<p>In der 15. Schwangerschaftswoche sieht man bereits das Baby gut. Es ist 10-15 cm gro\u00df und wiegt in der Regel 50-100g. Der Querdurchmesser des Kopfes des ungeborenen Kindes liegt bei etwa 20-30mm. In der 15. SSW l\u00e4sst sich in den meisten F\u00e4llen das Geschlecht bestimmen. Das ist aber nicht immer der Fall. Manchmal drehen sich die ungeborenen Kinder unvorteilhaft zur Seite oder nach hinten, so dass es nicht m\u00f6glich ist zu sehen, was es wird. Das ist aber sp\u00e4testens 1-2 Wochen sp\u00e4ter dann m\u00f6glich, Das Baby ist in der 15. SSW sehr beweglich, es strampelt und reagiert, sowohl auf Ger\u00e4usche, als auch auf Licht. Das kann auch bedeuten, dass es die Ultraschalluntersuchung mitkriegt und ich abwendet oder aktiv bewegt.<\/p>\n<p>Die Haare beim Baby wachsen, Die Pigmentierung beginnt sich zu bilden, was sp\u00e4ter die Haarfarbe bestimmen wird. Im Ultraschall sieht man das jedoch nicht.<\/p>\n<h2>Was Sie in der 15. Schwangerschaftswoche besonders beachten sollten<\/h2>\n<p>Nach dem ersten Trimester w\u00e4chste der Wunch nach Z\u00e4rtlichkeit und Liebe enorm. Auch sexuell versp\u00fcrt die werdende Mutter einen wachsenden Wunsch. Damit das in der Schwagerschaft auch agenehm bleibt, ist die richtige Stellunga usschlaggebend. Die perfekte Position zum Liebesspiel w\u00e4hrend der Schwangerschaft ist die L\u00f6ffelchenstellung nebeneinander, um Druck auf Bauch und Brust zu vermeiden, den eine schwangere Frau als schmerzhaft empfinden kann. Am Ende der Schwangerschaft verlieren die meisten schwangeren Frauen wieder ihr sexuelles Interesse, haupts\u00e4chlich aufgrund starker k\u00f6rperlicher Ver\u00e4nderungen sowie der Besch\u00e4ftigung mit der Geburt selbst.<\/p>\n<p>Die Angst, dass Sie das Baby beim Geschlechtsverkehr verletzen k\u00f6nnten, ist unbegr\u00fcndet, da das Baby im Mutterleib sehr gut gesch\u00fctzt ist. In einigen speziellen Situationen k\u00f6nnen jedoch St\u00f6rungen auftreten. Samenfl\u00fcssigkeit kann, da sie Prostaglandine enth\u00e4lt, vorzeitige Wehen und damit Fr\u00fchgeburten verursachen. Prostaglandine sind hormon\u00e4hnliche Substanzen, die zusammen mit Oxytocin in der sp\u00e4ten Schwangerschaft Wehen verursachen. Verh\u00fctung ist daher sehr wichtig.<\/p>\n<p>Ab der n\u00e4chsten Schwangerschaftswoche beginnt das zweite Trimester und neue spannende Ver\u00e4nderungen warten auf Sie und Ihr Baby.<\/p>\n<p><a href=\"https:\/\/alleinerziehende-singles.de\/magazin\/ssw-schwangerschaftswoche-14\/\">\u21d0 Zur\u00fcck zu SSW 14<\/a><br \/>\n<a href=\"https:\/\/alleinerziehende-singles.de\/magazin\/ssw-schwangerschaftswoche-16\/\">\u21d2 Weiter zu SSW 16<\/a><\/p>\n<p>&nbsp;<\/p>\n","protected":false},"excerpt":{"rendered":"<p>Was ver\u00e4ndert sich? Die Schwangerschaft ist vom ersten bis zum letzten Tag eine sehr spannende Zeit. Jede Schwangerschaftswoche ist anders<\/p>\n","protected":false},"author":2,"featured_media":0,"parent":0,"menu_order":0,"comment_status":"closed","ping_status":"closed","template":"","meta":{"footnotes":""},"class_list":["post-2360","page","type-page","status-publish","hentry","comments-off"],"aioseo_notices":[],"_links":{"self":[{"href":"https:\/\/alleinerziehende-singles.de\/magazin\/wp-json\/wp\/v2\/pages\/2360","targetHints":{"allow":["GET"]}}],"collection":[{"href":"https:\/\/alleinerziehende-singles.de\/magazin\/wp-json\/wp\/v2\/pages"}],"about":[{"href":"https:\/\/alleinerziehende-singles.de\/magazin\/wp-json\/wp\/v2\/types\/page"}],"author":[{"embeddable":true,"href":"https:\/\/alleinerziehende-singles.de\/magazin\/wp-json\/wp\/v2\/users\/2"}],"replies":[{"embeddable":true,"href":"https:\/\/alleinerziehende-singles.de\/magazin\/wp-json\/wp\/v2\/comments?post=2360"}],"version-history":[{"count":5,"href":"https:\/\/alleinerziehende-singles.de\/magazin\/wp-json\/wp\/v2\/pages\/2360\/revisions"}],"predecessor-version":[{"id":2841,"href":"https:\/\/alleinerziehende-singles.de\/magazin\/wp-json\/wp\/v2\/pages\/2360\/revisions\/2841"}],"wp:attachment":[{"href":"https:\/\/alleinerziehende-singles.de\/magazin\/wp-json\/wp\/v2\/media?parent=2360"}],"curies":[{"name":"wp","href":"https:\/\/api.w.org\/{rel}","templated":true}]}}