{"id":2355,"date":"2020-12-31T16:08:35","date_gmt":"2020-12-31T16:08:35","guid":{"rendered":"https:\/\/alleinerziehende-singles.de\/magazin\/?page_id=2355"},"modified":"2021-11-27T17:01:49","modified_gmt":"2021-11-27T17:01:49","slug":"ssw-schwangerschaftswoche-14","status":"publish","type":"page","link":"https:\/\/alleinerziehende-singles.de\/magazin\/ssw-schwangerschaftswoche-14\/","title":{"rendered":"Die Schwangerschaftswoche 14"},"content":{"rendered":"<p>In der 14. Schwangerschaftswoche geschieht einiges im Leben der Mutter und des Babys.\u00a0 Das Baby hat jetzt in etwa die Gr\u00f6\u00dfe eines Apfels.\u00a0 Um die Haut des Babys zu sch\u00fctzen bildet sich auf der Haut eine Schicht, die K\u00e4seschmiere genannt wird. Au\u00dferdem wachsen kleine Haare auf der Haut des Babys, Lanugo-Haare genannt. Auch f\u00e4ngt es eifrig an zu strampeln.\u00a0 Durch das Wachstum des Babys wird jetzt auch bei der Mutter ein kleiner Schwangerschaftsbauch sichtbar.\u00a0 Erfahren Sie hier, wie genau das Baby jetzt aussieht und was schon auf dem Ultraschall zu erkennen ist.\u00a0 Au\u00dferdem erfahren Sie mehr \u00fcber den Zustand der Mutter in der 14. Schwangerschaftswoche und erhalten Tipps, was Sie in der 14. Schwangerschaftswoche tun k\u00f6nnen, um sich selbst und das Baby optimal zu versorgen und zu sch\u00fctzen.<\/p>\n<h2>Die Entwicklung des Babys in der 14. SSW<\/h2>\n<p>Bei dem Baby sind das Skelett, die Gliedma\u00dfen, das Gehirn und die Organe nun fertig angelegt und m\u00fcssen nur noch wachsen und reifen.\u00a0 T\u00e4glich entstehen neue Nervenzellen und Verbindungen.\u00a0 Die Knochen des Skeletts bilden sich immer mehr heraus und das Baby wird st\u00e4rker.\u00a0 Sein Kopf w\u00e4chst nicht mehr so schnell und die Proportionen gleichen sich langsam an.\u00a0 Die Gesichtsz\u00fcge entwickeln sich.\u00a0 Die Augen und Ohren sitzen nun dort, wo sie sein sollen.\u00a0 Die Ohrschnecke ist bereits entwickelt, aber das Baby nimmt noch keine Ger\u00e4usche wahr.\u00a0 Der Tastsinn ist bereits entwickelt und das Baby kann Ber\u00fchrungen am K\u00f6rper sp\u00fcren.\u00a0 Es greift wie im Reflex nach der Nabelschnur, wenn diese es ber\u00fchrt.\u00a0 Der Hand-Greif-Reflex entwickelt sich.<\/p>\n<p>Obwohl seine Lider noch geschlossen sind, kann es bereits den Unterschied zwischen hell und dunkel erkennen.\u00a0 Auch sein Geschmackssinn hat sich entwickelt.\u00a0 Es trinkt das leicht s\u00fc\u00dfliche Fruchtwasser und scheidet es wieder aus.\u00a0 So entwickelt es Saug- und Schluckbewegungen und auch die Nieren des Babys beginnen dadurch in der 14. SSW mit der Arbeit. Das Fruchtwasser wird etwa alle 180 Minuten erneuert.\u00a0 Dabei handelt es sich um rund 100 ml.<br \/>\nDie empfindliche Haut des Babys muss vor der es umgebenden Feuchtigkeit gesch\u00fctzt werden.\u00a0 Daher stellen in der 14. SSW seine Talgdr\u00fcsen bis zur 16. SSW die K\u00e4seschmiere (Vernix Caseosa) her.\u00a0 Auch wachsen \u00fcberall auf der Haut kleine feine Haare.\u00a0 Die K\u00e4seschmiere und die Haare sch\u00fctzen die Haut vor der Austrocknung, vor Vibrationen, Ger\u00e4uschen und Druck.\u00a0 Die H\u00e4rchen, die Lanugohaar genannt werden, f\u00e4llt bei einer regul\u00e4ren Geburt vorher aus.\u00a0 Bei Fr\u00fchchen bleibt das feine Haar noch einige Tage sichtbar.\u00a0 Fr\u00fchchen sind auch oft noch mit K\u00e4seschmiere bedeckt.\u00a0 Fr\u00fcher wurde diese abgewaschen.\u00a0 Heute l\u00e4sst darf sie bleiben. Sie zieht von selbst ein und versorgt dabei die Babyhaut mit Feuchtigkeit.<\/p>\n<p>Die Haare fallen aus und werden zusammen mit dem Fruchtwasser von dem Kind aufgenommen. Sie werden beim ersten Stuhlgang (Mekonium), der auch Kindspech genannt wird, ausgeschieden.<\/p>\n<p>In der 14. Schwangerschaftswoche funktionieren auch die Adern des Babys schon zum Teil.\u00a0 Die Gerinnung funktioniert bereits und die Gefahr zu bluten wird weniger.\u00a0 Das Baby bildet selbstst\u00e4ndig wei\u00dfe Blutk\u00f6rperchen, ben\u00f6tigt aber noch die roten Blutk\u00f6rperchen der Mutter zur Versorgung mit Sauerstoff.<\/p>\n<p>In der 14. SSW bewegt sich das Baby und trainiert seine Muskeln.\u00a0 Die Mutter sp\u00fcrt diese Bewegungen noch nicht, aber das \u00e4ndert sich schon sehr bald.<\/p>\n<p><img loading=\"lazy\" decoding=\"async\" class=\"aligncenter size-large wp-image-2764\" src=\"https:\/\/alleinerziehende-singles.de\/magazin\/wp-content\/uploads\/2021\/11\/SSW14-1024x566.png\" alt=\"Schwangerschaftswoche 14\" width=\"648\" height=\"358\" srcset=\"https:\/\/alleinerziehende-singles.de\/magazin\/wp-content\/uploads\/2021\/11\/SSW14-1024x566.png 1024w, https:\/\/alleinerziehende-singles.de\/magazin\/wp-content\/uploads\/2021\/11\/SSW14-300x166.png 300w, https:\/\/alleinerziehende-singles.de\/magazin\/wp-content\/uploads\/2021\/11\/SSW14-768x425.png 768w, https:\/\/alleinerziehende-singles.de\/magazin\/wp-content\/uploads\/2021\/11\/SSW14-1536x849.png 1536w, https:\/\/alleinerziehende-singles.de\/magazin\/wp-content\/uploads\/2021\/11\/SSW14.png 1803w\" sizes=\"auto, (max-width: 648px) 100vw, 648px\" \/><\/p>\n<h2>Das ist in der 14. Schwangerschaftswoche auf dem Ultraschall zu sehen<\/h2>\n<p>In der 14. SSW ist der F\u00f6tus etwa 7,5 Zentimeter gro\u00df und wiegt bereits 24 Gramm.\u00a0 Das entspricht etwa einer halben Scheibe Brot.\u00a0 Seine Beine wirken noch etwas zu lang und der Hals wird beweglicher.\u00a0 Manchmal ist beim Ultraschall erkennbar, dass das Kind Schluckauf hat. Mit einem guten Ultraschallger\u00e4t kann auch das Geschlecht des Babys vielleicht erkennbar sein.\u00a0 Aber vielleicht lassen Sie sich dabei ja auch lieber \u00fcberraschen.<\/p>\n<h2>Die Gesundheit der Mutter in der 14. Schwangerschaftswoche<\/h2>\n<p>Da das Kind in Innern des Bauches w\u00e4chst, zeigt sich auch bei der Mutter die W\u00f6lbung immer deutlicher. Das Baby ist in der 14. SSW um rund 1,5 Zentimeter gewachsen.\u00a0 Aber auch die Plazenta und die Blutmenge, sowie das Fruchtwasser werden mehr.\u00a0 Der F\u00f6tus schwimmt in der 14. SSW in ungef\u00e4hr 100 ml Fruchtwasser, das sich bis zur 38. SSW auf bis zu 1,5 Liter erh\u00f6ht, sich aber bis zur Geburt wieder auf 800 ml reduziert, weil das Baby mehr Platz ben\u00f6tigt.<\/p>\n<p>Die Bauchform sagt \u00fcbrigens nichts \u00fcber das Geschlecht des Kindes aus.\u00a0 Die Form des Bauches h\u00e4ngt von Ihrer Fitness und Ihrer Figur ab und auch davon, ob es sich um Ihre erste Schwangerschaft handelt.<br \/>\nDie Gewichtszunahme der Mutter in der 14. Schwangerschaftswoche f\u00e4llt unterschiedlich aus.\u00a0 Die Richtwerte besagen, dass sie je nach Figur pro Schwangerschaftsmonat unbesorgt 1,3 (\u00fcbergewichtig) bis 2,5 (untergewichtig) Kilogramm zunehmen k\u00f6nnen.<\/p>\n<p>In der 14. SSW vermehren sich im K\u00f6rper der Mutter die Hormone \u00d6strogen und Progesteron.\u00a0 \u00d6strogen kann Sie unruhig machen und es kann m\u00f6glich sein, dass Sie schlecht und weniger schlafen.\u00a0 F\u00fchren Sie entspannende Rituale vor dem Schlafengehen wie warme Fu\u00dfb\u00e4der, Massagen oder Entspannungstees ein.<\/p>\n<h2>Tipps f\u00fcr die Phase dieser 14. Schwangerschaftswoche<\/h2>\n<p>In dieser Zeit geht es den meisten Frauen wieder besser als zu Anfang der Schwangerschaft.\u00a0 Das Risiko f\u00fcr eine Fehlgeburt sinkt und auch die \u00dcbelkeit verschwindet.\u00a0 Aber viele Frauen haben ab dieser Zeit mit anderen Schwierigkeiten zu k\u00e4mpfen.\u00a0 Typische Anzeichen sind:<\/p>\n<h4>Stimmungsschwankungen<\/h4>\n<p>Viele M\u00fctter fangen in dieser Zeit an, \u00fcber die Zukunft nachzudenken und machen sich Sorgen.\u00a0 Dies ist eine Zeit, in der die Partner viel miteinander reden sollten, denn auch der werdende Vater macht sich Sorgen.\u00a0 Aber zusammen schafft Ihr das.<\/p>\n<h4>Innere Unruhe<\/h4>\n<p>Das erh\u00f6hte Ostrogen im K\u00f6rper sorgt f\u00fcr innere Unruhe und Schlafmangel.\u00a0 Wie bereits oben gesagt, k\u00f6nnen bestimmte Rituale vor dem Einschlafen dem entgegenwirken.\u00a0 Denkt daran, dass auch Eisenmangel zu M\u00fcdigkeit f\u00fchren kann.\u00a0 Ihr solltet mit Eurem Arzt dar\u00fcber sprechen.<\/p>\n<h4>Gesteigerte Libido<\/h4>\n<p>Durch die bessere Durchblutung des K\u00f6rpers der Mutter kann es zu einer Verst\u00e4rkung der Libido kommen.\u00a0 Genie\u00dft also die Zweisamkeit und macht Euch keine Sorgen um das Baby.\u00a0 Es ist in der Fruchtblase gesch\u00fctzt und merkt nichts davon.<\/p>\n<h4>Immunsystem st\u00e4rken<\/h4>\n<p>Die hormonelle Umstellung macht den K\u00f6rper anf\u00e4lliger f\u00fcr Infekte.\u00a0 Sport, gesunde Ern\u00e4hrung mit vielen Vitaminen, frische Luft und viel Fl\u00fcssigkeit k\u00f6nnen helfen, das Immunsystem zu st\u00e4rken.<\/p>\n<h4>Zahnhygiene und Zahnarzttermin<\/h4>\n<p>Da Parodontitis-Bakterien in den Blutkreislauf der Mutter gelangen k\u00f6nnen und das Risiko einer Fr\u00fchgeburt erh\u00f6hen k\u00f6nnen, ist Mundhygiene in dieser Zeit besonders wichtig.\u00a0 Viele Krankenkassen bezahlen bei Schwangeren f\u00fcr eine professionelle Zahnreinigung.<\/p>\n<h4>Stress reduzieren<\/h4>\n<p>Stress st sch\u00e4dlich f\u00fcr Mutter und Kind.\u00a0 Bei Stress schl\u00e4gt das Herz des Babys schneller und es produziert Stresshormone.\u00a0 Da sich Stress nicht ganz vermeiden l\u00e4sst, ist es wichtig, danach wieder Ruhe zu finden.<\/p>\n<h4>Kurzurlaub machen<\/h4>\n<p>Wenn sich die Mutter in dieser Zeit wohlf\u00fchlt, ist es an der Zeit noch einmal Zeit zu Zweit zu genie\u00dfen.\u00a0 Der Bauch ist noch klein und kein Hindernis.\u00a0 Also macht noch einmal, was Euch Spa\u00df macht und genie\u00dft in Ruhe Eure letzte Zweisamkeit, denn bald seid Ihr zu dritt.<\/p>\n<p><a href=\"https:\/\/alleinerziehende-singles.de\/magazin\/ssw-schwangerschaftswoche-13\/\">\u21d0 Zur\u00fcck zu SSW 13<\/a><br \/>\n<a href=\"https:\/\/alleinerziehende-singles.de\/magazin\/ssw-schwangerschaftswoche-15\/\">\u21d2 Weiter zu SSW 15<\/a><\/p>\n<p>&nbsp;<\/p>\n","protected":false},"excerpt":{"rendered":"<p>In der 14. Schwangerschaftswoche geschieht einiges im Leben der Mutter und des Babys.\u00a0 Das Baby hat jetzt in etwa die<\/p>\n","protected":false},"author":2,"featured_media":0,"parent":0,"menu_order":0,"comment_status":"closed","ping_status":"closed","template":"","meta":{"footnotes":""},"class_list":["post-2355","page","type-page","status-publish","hentry","comments-off"],"aioseo_notices":[],"_links":{"self":[{"href":"https:\/\/alleinerziehende-singles.de\/magazin\/wp-json\/wp\/v2\/pages\/2355","targetHints":{"allow":["GET"]}}],"collection":[{"href":"https:\/\/alleinerziehende-singles.de\/magazin\/wp-json\/wp\/v2\/pages"}],"about":[{"href":"https:\/\/alleinerziehende-singles.de\/magazin\/wp-json\/wp\/v2\/types\/page"}],"author":[{"embeddable":true,"href":"https:\/\/alleinerziehende-singles.de\/magazin\/wp-json\/wp\/v2\/users\/2"}],"replies":[{"embeddable":true,"href":"https:\/\/alleinerziehende-singles.de\/magazin\/wp-json\/wp\/v2\/comments?post=2355"}],"version-history":[{"count":5,"href":"https:\/\/alleinerziehende-singles.de\/magazin\/wp-json\/wp\/v2\/pages\/2355\/revisions"}],"predecessor-version":[{"id":2842,"href":"https:\/\/alleinerziehende-singles.de\/magazin\/wp-json\/wp\/v2\/pages\/2355\/revisions\/2842"}],"wp:attachment":[{"href":"https:\/\/alleinerziehende-singles.de\/magazin\/wp-json\/wp\/v2\/media?parent=2355"}],"curies":[{"name":"wp","href":"https:\/\/api.w.org\/{rel}","templated":true}]}}