{"id":2353,"date":"2020-12-31T16:07:16","date_gmt":"2020-12-31T16:07:16","guid":{"rendered":"https:\/\/alleinerziehende-singles.de\/magazin\/?page_id=2353"},"modified":"2021-11-27T17:08:43","modified_gmt":"2021-11-27T17:08:43","slug":"ssw-schwangerschaftswoche-7","status":"publish","type":"page","link":"https:\/\/alleinerziehende-singles.de\/magazin\/ssw-schwangerschaftswoche-7\/","title":{"rendered":"Die Schwangerschaftswoche 7"},"content":{"rendered":"<h2>Entwicklung des Babys<\/h2>\n<p>In der 7. SSW entwickeln sich die Arme und Beine des Babys. Die H\u00e4nde wachsen schneller als die Beine. Das Baby ist ca. 5 mm gro\u00df und w\u00e4chst rasant in dieser Woche. Das Herz schl\u00e4gt bis zu 150 Mal in der Minute. Noch sind die Augen seitlich erkennbar. Das Gesicht entwickelt sich. In dieser Schwangerschaftswoche entwickeln sich die Organe. Deshalb ist diese SSW besonders anf\u00e4llig f\u00fcr St\u00f6rungen der Entwicklung. Der Kopf ist immer noch nach unten, Richtung Brustkorb, geneigt und richtet sich nach und nach auf. Die Entwicklung verl\u00e4uft in dieser Zeit relativ schnell und schon bald sieht es wie ein richtiges Baby im Kleinstformat aus.<\/p>\n<h2>Das ist auf dem Ultraschall zu sehen<\/h2>\n<p>Die Form der H\u00e4nde k\u00f6nnen in dieser Schwangerschaftswoche bei der Ultraschall Untersuchung bereits erkannt werden. Bei den Beinen sind kleine Knubbel erkennbar, die sich nach und nach zu Beinen und F\u00fc\u00dfen entwickeln werden. Die Augen ohne Lider k\u00f6nnen erkannt werden, ebenso der Mund und die Nase. Ein besonderes Highlight in dieser Schwangerschaftswoche ist der Herzschlag, den die Eltern oft zum 1. Mal auf dem Ger\u00e4t erkennen k\u00f6nnen. Viele M\u00fctter sind begeistert von den Bewegungen, die eher Zuckungen gleichen, ihres Kindes. Doch steuert das Kind das noch nicht bewusst, es handelt sich dabei um Reflexe. Im Ultraschall sieht es wie ein Gummib\u00e4rchen aus.<\/p>\n<p><img loading=\"lazy\" decoding=\"async\" class=\"aligncenter size-large wp-image-2745\" src=\"https:\/\/alleinerziehende-singles.de\/magazin\/wp-content\/uploads\/2021\/11\/SSW-7-1024x554.png\" alt=\"Schwangershaftswoche 7\" width=\"648\" height=\"351\" srcset=\"https:\/\/alleinerziehende-singles.de\/magazin\/wp-content\/uploads\/2021\/11\/SSW-7-1024x554.png 1024w, https:\/\/alleinerziehende-singles.de\/magazin\/wp-content\/uploads\/2021\/11\/SSW-7-300x162.png 300w, https:\/\/alleinerziehende-singles.de\/magazin\/wp-content\/uploads\/2021\/11\/SSW-7-768x416.png 768w, https:\/\/alleinerziehende-singles.de\/magazin\/wp-content\/uploads\/2021\/11\/SSW-7-1536x831.png 1536w, https:\/\/alleinerziehende-singles.de\/magazin\/wp-content\/uploads\/2021\/11\/SSW-7.png 1827w\" sizes=\"auto, (max-width: 648px) 100vw, 648px\" \/><\/p>\n<p>&nbsp;<\/p>\n<h2>Die Gesundheit der Mutter<\/h2>\n<p>Gerade in der Fr\u00fchschwangerschaft plagen viele werdenden Mamas die \u00dcbelkeit und \u00c4ngste, ihrem Ungeborenen unbewusst zu schaden. Hierzu ein paar Tipps und Anregungen. Gegen die \u00dcbelkeit kann mit Pfefferminz Bonbons oder tiefem ein- und ausatmen entgegengewirkt werden. Auch Ruhe wirkt sich positiv auf die \u00dcbelkeit aus. Sollte nichts helfen, kann der Gyn\u00e4kologe etwas verschreiben, was dem Kind nicht schadet.<\/p>\n<p>Selbstverst\u00e4ndlich sollte in der Phase der Schwangerschaft gesunde Ern\u00e4hrung sein. Obst und Gem\u00fcse sollten t\u00e4glich auf dem Speiseplan stehen. Ebenso Getr\u00e4nke wie Tee oder Obsts\u00e4fte. Wichtig ist es, Stress zu vermeiden, weil Stress auf das Ungeborene negativ wirken kann. So kann das Kind sp\u00e4ter Depressionen schneller entwickeln oder es kann zu einer Fr\u00fchgeburt kommen. Bei Stress sollte sich die Mutter in spe oft eine Verschnaufpause g\u00f6nnen und bei Sorgen mit ihrem Partner, der Familie oder Freunden sprechen.<\/p>\n<p>Besonders wichtig ist die Einnahme von Vitamin C und Eisen. Vitamin C st\u00e4rkt die Abwehrkr\u00e4fte und Eisen ist wichtig, um die Sauerstoffzufuhr zum Kind sicherzustellen. Bei einem Mangel wird der Gyn\u00e4kologe Eisenpr\u00e4parate verschreiben. Fols\u00e4ure, bereits ab Kinderwunsch einzunehmen, sollten weiterhin genommen werden. Es sollte auch daf\u00fcr gesorgt werden, dass genug Magnesium eingenommen wird, um die Geb\u00e4rmutter ruhig zu halten. Aufpassen sollte man vor zu viel Vitamin A, enthalten in Leber und Karotten. Dies kann eher schaden als n\u00fctzen.<\/p>\n<h2>Tipps f\u00fcr die Phase dieser SSW<\/h2>\n<p>Das erste Trimester (bis zur <a href=\"https:\/\/alleinerziehende-singles.de\/magazin\/ssw-schwangerschaftswoche-12\/\">12. Schwangerschaftswoche<\/a>) ist besonders interessant. Denn das Baby entwickelt sich in dieser Zeit zu einem kleinen Menschen. Danach muss es noch wachsen. Die 7. SSW ist besonders wichtig, da sich die Organe bilden. Deshalb sollte alles vermieden werden, was die Schwangerschaft ung\u00fcnstig beeinflussen oder gar sch\u00e4digen k\u00f6nnte. Da der Herzschlag erkennbar ist, stellen viele Frauen\u00e4rzte in dieser SSW den Mutterpass aus und die werdende Mama h\u00e4lt das erste Ultraschallfoto ihres Kindes in den H\u00e4nden. Wichtig hierbei, falls ein Arzt von einem Windei spricht, da noch kein Herzschlag erkennbar ist bzw. kein F\u00f6tus, dann unbedingt die <a href=\"https:\/\/alleinerziehende-singles.de\/magazin\/ssw-schwangerschaftswoche-8\/\">8. Schwangerschaftswoche<\/a> abwarten, da es sich um einen Eckenhocker handeln k\u00f6nnte oder der Eisprung sp\u00e4ter als gedacht stattgefunden hat.<\/p>\n<p><a href=\"https:\/\/alleinerziehende-singles.de\/magazin\/ssw-schwangerschaftswoche-6\/\">\u21d0 Zur\u00fcck zu SSW 6<\/a><br \/>\n<a href=\"https:\/\/alleinerziehende-singles.de\/magazin\/ssw-schwangerschaftswoche-8\/\">\u21d2 Weiter zu SSW 8<\/a><\/p>\n<p>&nbsp;<\/p>\n","protected":false},"excerpt":{"rendered":"<p>Entwicklung des Babys In der 7. SSW entwickeln sich die Arme und Beine des Babys. Die H\u00e4nde wachsen schneller als<\/p>\n","protected":false},"author":2,"featured_media":0,"parent":0,"menu_order":0,"comment_status":"closed","ping_status":"closed","template":"","meta":{"footnotes":""},"class_list":["post-2353","page","type-page","status-publish","hentry","comments-off"],"aioseo_notices":[],"_links":{"self":[{"href":"https:\/\/alleinerziehende-singles.de\/magazin\/wp-json\/wp\/v2\/pages\/2353","targetHints":{"allow":["GET"]}}],"collection":[{"href":"https:\/\/alleinerziehende-singles.de\/magazin\/wp-json\/wp\/v2\/pages"}],"about":[{"href":"https:\/\/alleinerziehende-singles.de\/magazin\/wp-json\/wp\/v2\/types\/page"}],"author":[{"embeddable":true,"href":"https:\/\/alleinerziehende-singles.de\/magazin\/wp-json\/wp\/v2\/users\/2"}],"replies":[{"embeddable":true,"href":"https:\/\/alleinerziehende-singles.de\/magazin\/wp-json\/wp\/v2\/comments?post=2353"}],"version-history":[{"count":5,"href":"https:\/\/alleinerziehende-singles.de\/magazin\/wp-json\/wp\/v2\/pages\/2353\/revisions"}],"predecessor-version":[{"id":2849,"href":"https:\/\/alleinerziehende-singles.de\/magazin\/wp-json\/wp\/v2\/pages\/2353\/revisions\/2849"}],"wp:attachment":[{"href":"https:\/\/alleinerziehende-singles.de\/magazin\/wp-json\/wp\/v2\/media?parent=2353"}],"curies":[{"name":"wp","href":"https:\/\/api.w.org\/{rel}","templated":true}]}}