{"id":2350,"date":"2020-12-29T14:33:22","date_gmt":"2020-12-29T14:33:22","guid":{"rendered":"https:\/\/alleinerziehende-singles.de\/magazin\/?page_id=2350"},"modified":"2021-11-27T17:03:48","modified_gmt":"2021-11-27T17:03:48","slug":"ssw-schwangerschaftswoche-12","status":"publish","type":"page","link":"https:\/\/alleinerziehende-singles.de\/magazin\/ssw-schwangerschaftswoche-12\/","title":{"rendered":"Die Schwangerschaftswoche 12"},"content":{"rendered":"<h2>Die Schwangerschaftswoche 12 &#8211; was jetzt passiert<\/h2>\n<p>In der 12. Schwangerschaftswoche ist die kritische Zeit bereits \u00fcberstanden. Das Risiko einer Fehlgeburt ist ab jetzt minimal und das gr\u00f6\u00dfte Projekt, der Aufbau s\u00e4mtlicher K\u00f6rperstrukturen des Babys wird nun vollendet. Ihre Geb\u00e4rmutter ist in der 12. SSW so gro\u00df wie die geballte Faust eines Mannes. Dass Sie schwanger sind, ist in den meisten F\u00e4llen noch nicht zu sehen. Wenn Sie in den ersten Wochen unter \u00dcbelkeit gelitten haben, wird es ab jetzt besser. Ein gro\u00dfer Appetit kommt auf, denn das Baby will wachsen und ben\u00f6tigt die richtigen N\u00e4hrstoffe.<\/p>\n<h2>Entwicklung des Babys<\/h2>\n<p>Das Baby ist nun ungef\u00e4hr 5cm gro\u00df und wiegt 8 bis 15g. In der zw\u00f6lften Schwangerschaftswoche beginnen grundlegende \u00c4nderungen des Skeletts, ein gro\u00dfer Teil des vorhandenen Knorpelgewebes verh\u00e4rtet sich zu Knochen und die Anlagen f\u00fcr die 20 Milchz\u00e4hne erscheinen schon. Das Gesicht des Babys nimmt nun menschliche Z\u00fcge an, Nase, Mund und Augen sind deutlich zu erkennen. Finger und Zehen l\u00f6sen sich und die N\u00e4gel beginnen zu wachsen.<\/p>\n<p>Die Nieren fangen an zu arbeiten, was im Ultraschall anhand der gef\u00fcllten Blase erkennbar ist. Das Herz des Babys schl\u00e4gt jetzt 120 bis 160 Mal pro Minute, also doppelt so schnell wie das eines Erwachsenen. Es kann bereits schlucken und beginnt flei\u00dfig Fruchtwasser zu trinken. Die Plazenta ist zu diesem Zeitpunkt faustgro\u00df und liefert dem Kind nicht nur alles was es braucht, sondern transportiert auch Abfallprodukte weg.<br \/>\nDas Baby ist jetzt sehr aktiv und beginnt seine Bewegungen bereits zu kontrollieren.<\/p>\n<p><img loading=\"lazy\" decoding=\"async\" class=\"aligncenter size-large wp-image-2759\" src=\"https:\/\/alleinerziehende-singles.de\/magazin\/wp-content\/uploads\/2021\/11\/SSW12-1024x556.jpg\" alt=\"Schwangerschaftswoche 12\" width=\"648\" height=\"352\" srcset=\"https:\/\/alleinerziehende-singles.de\/magazin\/wp-content\/uploads\/2021\/11\/SSW12-1024x556.jpg 1024w, https:\/\/alleinerziehende-singles.de\/magazin\/wp-content\/uploads\/2021\/11\/SSW12-300x163.jpg 300w, https:\/\/alleinerziehende-singles.de\/magazin\/wp-content\/uploads\/2021\/11\/SSW12-768x417.jpg 768w, https:\/\/alleinerziehende-singles.de\/magazin\/wp-content\/uploads\/2021\/11\/SSW12-1536x834.jpg 1536w, https:\/\/alleinerziehende-singles.de\/magazin\/wp-content\/uploads\/2021\/11\/SSW12.jpg 1821w\" sizes=\"auto, (max-width: 648px) 100vw, 648px\" \/><\/p>\n<h2>Was ist auf dem Ultraschall zu sehen?<\/h2>\n<p>Im Rahmen der ersten Ultraschalluntersuchung, die zwischen der <a href=\"https:\/\/alleinerziehende-singles.de\/magazin\/ssw-schwangerschaftswoche-9\/\">9.<\/a> bis zur 12. Schwangerschaftswoche durchgef\u00fchrt werden kann, ist zu erkennen ob die Plazenta richtig sitzt und ob es sich um eine Ein- oder Mehrlingsschwangeschaft handelt. In der 12. SSW kann man bereits die voll ausgebildeten Gliedma\u00dfen sehen und die Gesichtsz\u00fcge des Kindes erkennen. Die Augen sind dabei bereits in die Mitte ger\u00fcckt und die Augenlider sind angelegt. Der Brustkorb des Babys hebt und senkt sich immer wieder. Der Saugreflex hat sich ausgebildet, manche F\u00f6ten kann man sogar beim Daumennuckeln beobachten.<\/p>\n<p>Auch die Ausbildung der Genitalien beginnt, wobei noch nicht erkennbar ist ob es sich um ein M\u00e4dchen oder einen Jungen handelt.<\/p>\n<h2>Die Gesundheit der Mutter<\/h2>\n<p>Nun ist es Zeit den Arbeitgeber \u00fcber die Schwangerschaft zu informieren. Ab diesem Zeitpunkt stehen der Schwangeren alle Schutzma\u00dfnahmen zu, die f\u00fcr werdende M\u00fctter und zum Schutz des Ungeborenen vom Gesetz geregelt sind.<\/p>\n<p>Hormonell bedingt, dr\u00fcckt die Geb\u00e4rmutter ab jetzt auf die Harnblase und Sie m\u00fcssen \u00f6fter auf die Toilette gehen. Viele Schwangere leiden auch unter Verstopfung. Dagegen hilft, ballaststoffreich zu essen und mindestens zwei Liter Wasser zu trinken. Das Baby ben\u00f6tigt Jod um seine Schilddr\u00fcse aufzubauen und entzieht das Ihrem Blutkreislauf. Deshalb sollten Sie vermehrt Seefische essen und jodiertes Speisesalz verwenden, um nicht selbst einen Jodmangel zu erleiden.<\/p>\n<p>Stimmungsschwankungen sind auch in der 12.SSW vollkommen normal. Versuchen Sie sich selbst etwas Gutes zu tun. H\u00f6ren Sie sch\u00f6ne Musik, geniessen Sie die Natur oder nehmen Sie ein verw\u00f6hnendes Bad. Was Ihnen gut tut, tr\u00e4gt auch zum Wohle des Babys bei.<\/p>\n<h2>Tipps f\u00fcr die Phase der 12 SSW<\/h2>\n<p>Ern\u00e4hren Sie sich ausgewogen und essen Sie ausreichend Proteine wie Fleisch, Huhn oder Fisch. Gem\u00fcse und Obst liefern Vitamine und Mineralien und Milchprodukte das wichtige Kalzium f\u00fcr das Wachstum und die gesunde Entwicklung des Babys. Ein Ziehen im Unterleib braucht nicht zu beunruhigen, meist handelt es sich um Schmerzen die bei der Dehnung der Mutterb\u00e4nder entstehen.<\/p>\n<p>Haut und Haare ver\u00e4ndern sich durch die Umstellung der Hormone. Manche Schwangere bekommen durch die vermehrte Durchblutung w\u00e4hrend der Schwangerschaft eine besonders reine und sch\u00f6ne Haut, andere m\u00fcssen mit Pickel k\u00e4mpfen. Die Haut reagiert empfindlicher auf die Sonne, es kann leichter zu einem Sonnenbrand oder einer Sonnenallergie kommen.<\/p>\n<p>Um genetische Abweichungen, bei bestehende Erbkrankheiten in der Familie, zu erkennen, kann als erster Schritt in der 12. Schwangerschaftswoche eine Nackenfaltenmessung gemacht werden. Bei dieser Untersuchung wird die Nackenfalte des Fetus mittels Ultraschall ausgemessen, bestimmte Blutwerte ermittelt und das Altersrisiko mit einbezogen. Ist der Wert aus diesen 3 Parametern zu hoch, k\u00f6nnen Sie weitere Abkl\u00e4rungsschritte wie eine Fruchtwasseruntersuchung (Amniozentese) oder eine Chorionzottenbiopsie erw\u00e4gen.<\/p>\n<p><a href=\"https:\/\/alleinerziehende-singles.de\/magazin\/ssw-schwangerschaftswoche-11\/\">\u21d0 Zur\u00fcck zu SSW 11<\/a><br \/>\n<a href=\"https:\/\/alleinerziehende-singles.de\/magazin\/ssw-schwangerschaftswoche-13\/\">\u21d2 Weiter zu SSW 13<\/a><\/p>\n<p>&nbsp;<\/p>\n","protected":false},"excerpt":{"rendered":"<p>Die Schwangerschaftswoche 12 &#8211; was jetzt passiert In der 12. Schwangerschaftswoche ist die kritische Zeit bereits \u00fcberstanden. Das Risiko einer<\/p>\n","protected":false},"author":2,"featured_media":0,"parent":0,"menu_order":0,"comment_status":"closed","ping_status":"closed","template":"","meta":{"footnotes":""},"class_list":["post-2350","page","type-page","status-publish","hentry","comments-off"],"aioseo_notices":[],"_links":{"self":[{"href":"https:\/\/alleinerziehende-singles.de\/magazin\/wp-json\/wp\/v2\/pages\/2350","targetHints":{"allow":["GET"]}}],"collection":[{"href":"https:\/\/alleinerziehende-singles.de\/magazin\/wp-json\/wp\/v2\/pages"}],"about":[{"href":"https:\/\/alleinerziehende-singles.de\/magazin\/wp-json\/wp\/v2\/types\/page"}],"author":[{"embeddable":true,"href":"https:\/\/alleinerziehende-singles.de\/magazin\/wp-json\/wp\/v2\/users\/2"}],"replies":[{"embeddable":true,"href":"https:\/\/alleinerziehende-singles.de\/magazin\/wp-json\/wp\/v2\/comments?post=2350"}],"version-history":[{"count":5,"href":"https:\/\/alleinerziehende-singles.de\/magazin\/wp-json\/wp\/v2\/pages\/2350\/revisions"}],"predecessor-version":[{"id":2844,"href":"https:\/\/alleinerziehende-singles.de\/magazin\/wp-json\/wp\/v2\/pages\/2350\/revisions\/2844"}],"wp:attachment":[{"href":"https:\/\/alleinerziehende-singles.de\/magazin\/wp-json\/wp\/v2\/media?parent=2350"}],"curies":[{"name":"wp","href":"https:\/\/api.w.org\/{rel}","templated":true}]}}