{"id":2344,"date":"2020-12-25T15:02:29","date_gmt":"2020-12-25T15:02:29","guid":{"rendered":"https:\/\/alleinerziehende-singles.de\/magazin\/?page_id=2344"},"modified":"2021-11-27T17:04:42","modified_gmt":"2021-11-27T17:04:42","slug":"ssw-schwangerschaftswoche-11","status":"publish","type":"page","link":"https:\/\/alleinerziehende-singles.de\/magazin\/ssw-schwangerschaftswoche-11\/","title":{"rendered":"Die Schwangerschaftswoche 11"},"content":{"rendered":"<p>Das Wachstum Ihres Kindes schreitet in der 11. SSW besonders schnell voran. Vor allem das Gehirn bildet in jeder Minute Tausende von Nervenbahnen aus. Es wird schon von einer knorpeligen und weichen Schicht umgeben.<\/p>\n<p>Bereits seit einigen Wochen ist der Herzschlag des Kindes im Ultraschall schon zu erkennen. Jetzt ist dieser endlich h\u00f6rbar. Das Herz schl\u00e4gt etwa 120 bis 160 Schl\u00e4ge in der Minute und damit doppelt so schnell wie das Herz der Mutter. Im letzten Monat wurde die Struktur mit den vier Herzkammern geformt. Einige der Herzw\u00e4nde werden erst nach der Geburt fertig ausgebildet. Zudem besitzt der F\u00f6tus eine Hautschicht. Aus einer anderen Schicht entwickeln sich zu einem sp\u00e4teren Zeitpunkt die Finger- und Zehn\u00e4gel.<\/p>\n<h2>Die Entwicklung des Babys in der 11. Schwangerschaftswoche<\/h2>\n<p>Das Baby ist in der 11. Schwangerschaftswoche etwa vier Zentimeter gro\u00df. Die kritische Phase des Kindes ist in der 11. SSW fast \u00fcberstanden. Dies bedeutet, dass die Gefahr von Sch\u00e4digungen oder auch jene Gefahr f\u00fcr Anomalien gesunken ist. Das Risiko einer Fehlgeburt ist mittlerweile besonders gering.<\/p>\n<p>Zum Ende der 11. Schwangerschaftswoche wird der Kopf des Babys nahezu die H\u00e4lfte der L\u00e4nge des K\u00f6rpers einnehmen. Unter den Lidern der Augen entwickeln sich nun die Regenbogenh\u00e4ute des Auges. Die wichtigen Organe wie Leber, Gehirn, Nieren, Gehirn, Darm und Gehirn sind soweit ausgebildet, dass sie die Aufgaben schon \u00fcbernehmen k\u00f6nnen. Die Organe wachsen w\u00e4hrend der restlichen Schwangerschaft nun stetig weiter.<\/p>\n<p>Die Menge des Fruchtwassers betr\u00e4gt in der 11. Schwangerschaftswoche 50 bis 60 ml. Dies ist genug, dass sich das Kind hinreichend bewegen kann. Zu wenig oder zu viel Fruchtwasser kann Hinweise auf Unstimmigkeiten liefern. Zudem gibt das Fruchtwasser Auskunft, da es Hautzellen des Kindes beinhaltet. Daher kann eine Fruchtwasseruntersuchung jetzt durchgef\u00fchrt werden, wenn es zum Beispiel Hinweise auf spezielle Chromosomenst\u00f6rungen gibt. Ob die Mutter eine solche Untersuchung w\u00fcnscht, sollte gut \u00fcberlegt werden, da sie auch das Risiko von Blasenspr\u00fcngen und somit einer Fehlgeburt birgt. Das Risiko ist sehr hoch, wenn die Untersuchung vor der <a href=\"https:\/\/alleinerziehende-singles.de\/magazin\/ssw-schwangerschaftswoche-14\/\">14. Schwangerschaftswoche<\/a> ausgef\u00fchrt wird.<\/p>\n<p><img loading=\"lazy\" decoding=\"async\" class=\"aligncenter size-large wp-image-2755\" src=\"https:\/\/alleinerziehende-singles.de\/magazin\/wp-content\/uploads\/2021\/11\/SSW11-1024x560.png\" alt=\"Schwangerschftswoche 11\" width=\"648\" height=\"354\" srcset=\"https:\/\/alleinerziehende-singles.de\/magazin\/wp-content\/uploads\/2021\/11\/SSW11-1024x560.png 1024w, https:\/\/alleinerziehende-singles.de\/magazin\/wp-content\/uploads\/2021\/11\/SSW11-300x164.png 300w, https:\/\/alleinerziehende-singles.de\/magazin\/wp-content\/uploads\/2021\/11\/SSW11-768x420.png 768w, https:\/\/alleinerziehende-singles.de\/magazin\/wp-content\/uploads\/2021\/11\/SSW11-1536x840.png 1536w, https:\/\/alleinerziehende-singles.de\/magazin\/wp-content\/uploads\/2021\/11\/SSW11-750x410.png 750w, https:\/\/alleinerziehende-singles.de\/magazin\/wp-content\/uploads\/2021\/11\/SSW11-1140x624.png 1140w, https:\/\/alleinerziehende-singles.de\/magazin\/wp-content\/uploads\/2021\/11\/SSW11.png 1837w\" sizes=\"auto, (max-width: 648px) 100vw, 648px\" \/><\/p>\n<h2>Das Wohlergehen der Mutter in der 11. SSW<\/h2>\n<p>In der 11. Schwangerschaftswoche sind Ohnmacht und Schwindel bei der Mutter keine Seltenheit. In aller Regel gibt es aber dennoch keinen Grund zur Sorge. In der 11. SSW betr\u00e4gt die Gewichtszunahme der Mutter im Schnitt ein bis drei Kilo. Dies ist aber kein Muss, genauso wenig wie die verschiedenen Anzeichen.<\/p>\n<p>Da sich auch der Blutdruck ver\u00e4ndert, k\u00f6nnen die M\u00fctter und Ersch\u00f6pfung und Schwindel empfinden. Wenn die Mutter zu schnell aufsteht, kann es zu einem pl\u00f6tzlichen Abfall des Blutdrucks kommen, was zu Schwindelgef\u00fchlen und Bewusstlosigkeit f\u00fchrt. In aller Regel ist dies harmlos, aber die Mutter sollte zur Sicherheit trotzdem mit dem Arzt sprechen. Wichtig ist, dass sie viel trinkt, um den Schwindel und eventuelle Kopfschmerzen vorzubeugen. Aufgrund der erh\u00f6hten Blutmenge f\u00fchlen sich die H\u00e4nde und F\u00fc\u00dfe eventuell viel w\u00e4rmer an als gew\u00f6hnlich. Dies ist ein positiver Nebeneffekt f\u00fcr alle Frauen, welche ansonsten schnell frieren.<\/p>\n<p>Ab etwa der 11. Schwangerschaftswoche passt sich der K\u00f6rper der Mutter allm\u00e4hlich an die Ver\u00e4nderungen an. Die anf\u00e4ngliche \u00dcbelkeit l\u00e4sst nach und die meisten Schwangeren f\u00fchlen jetzt wohler, ges\u00fcnder und voller Energie. Die Ver\u00e4nderungen des K\u00f6rpers werden meist positiv aufgenommen. Der Bauch und die Br\u00fcste haben in dieser Woche noch nicht zu sehr an Gestalt zugenommen, dass es als st\u00f6rend empfunden wird.<\/p>\n<p>Bewegung ist in der 11. Schwangerschaftswoche f\u00fcr die Mutter sehr wichtig. Zwar kommt diese viel leichter aus der Puste als sonst, weil das Herz mehr Blut durch den gesamten K\u00f6rper pumpen muss, dennoch sollte sie auf Bewegung nicht g\u00e4nzlich verzichten. So reicht es, wenn die Mutter eine halbe Stunde am Tag spazieren geht. Die frische Luft wird ihr guttun und h\u00e4lt vor allem den Kreislauf auf Trab. Es gibt in den meisten Regionen Sportangebote f\u00fcr Schwangere. Hierzu geh\u00f6ren Yoga oder Pilates.<\/p>\n<p>Zudem ist die Lunge in der 11. SSW schon fertig ausgebildet. Sie ist allerdings erst nach der Geburt funktionst\u00fcchtig. Inzwischen wird das Kind mit dem Sauerstoff \u00fcber das Blut der Mutter versorgt. Dies geschieht durch die Nabelschnur. Diese hat drei Blutbahnen. Die dickste Bahn ist, die Vene, die das Kind stets mit sauerstoffreichem und frischem Blut versorgt. Die beiden d\u00fcnnen Arterien sind f\u00fcr den Transport von Abfallstoffen verantwortlich.<\/p>\n<p>Auf dem Ultraschallbild kann die Mutter in dieser Woche bereits einen richtigen Menschen erkennen. Die Genitalien beginnen sich ebenfalls zu formen. Trotzdem m\u00fcssen sich die M\u00fctter noch etwas gedulden, denn das Geschlecht des Babys kann erst im 4. oder 5. Monat mit gro\u00dfer Sicherheit ermittelt werden. So m\u00fcssen diese sich mit der Namenswahl ein wenig gedulden. Es wird jedoch schon bei der Befruchtung festgelegt, wenn die Samen- auf die Eizelle trifft. So befindet sich in der Samenzelle ein X- oder ein Y-Chromosom, w\u00e4hrend die Eizelle lediglich mit einem X-Chromosom versehen ist. Wird nun die Eizelle von dem Spermium mit einem Y-Chromosom begattet, entsteht die XY-Kombination und ein Junge w\u00e4chst heran. Trifft dagegen ein X-Chromosom des Vaters auf ein X-Chromosom der Mutter, entsteht dabei ein M\u00e4dchen.<\/p>\n<p><a href=\"https:\/\/alleinerziehende-singles.de\/magazin\/ssw-schwangerschaftswoche-10\/\">\u21d0 Zur\u00fcck zu SSW 10<\/a><br \/>\n<a href=\"https:\/\/alleinerziehende-singles.de\/magazin\/ssw-schwangerschaftswoche-12\/\">\u21d2 Weiter zu SSW 12<\/a><\/p>\n","protected":false},"excerpt":{"rendered":"<p>Das Wachstum Ihres Kindes schreitet in der 11. SSW besonders schnell voran. Vor allem das Gehirn bildet in jeder Minute<\/p>\n","protected":false},"author":2,"featured_media":0,"parent":0,"menu_order":0,"comment_status":"closed","ping_status":"closed","template":"","meta":{"footnotes":""},"class_list":["post-2344","page","type-page","status-publish","hentry","comments-off"],"aioseo_notices":[],"_links":{"self":[{"href":"https:\/\/alleinerziehende-singles.de\/magazin\/wp-json\/wp\/v2\/pages\/2344","targetHints":{"allow":["GET"]}}],"collection":[{"href":"https:\/\/alleinerziehende-singles.de\/magazin\/wp-json\/wp\/v2\/pages"}],"about":[{"href":"https:\/\/alleinerziehende-singles.de\/magazin\/wp-json\/wp\/v2\/types\/page"}],"author":[{"embeddable":true,"href":"https:\/\/alleinerziehende-singles.de\/magazin\/wp-json\/wp\/v2\/users\/2"}],"replies":[{"embeddable":true,"href":"https:\/\/alleinerziehende-singles.de\/magazin\/wp-json\/wp\/v2\/comments?post=2344"}],"version-history":[{"count":5,"href":"https:\/\/alleinerziehende-singles.de\/magazin\/wp-json\/wp\/v2\/pages\/2344\/revisions"}],"predecessor-version":[{"id":2845,"href":"https:\/\/alleinerziehende-singles.de\/magazin\/wp-json\/wp\/v2\/pages\/2344\/revisions\/2845"}],"wp:attachment":[{"href":"https:\/\/alleinerziehende-singles.de\/magazin\/wp-json\/wp\/v2\/media?parent=2344"}],"curies":[{"name":"wp","href":"https:\/\/api.w.org\/{rel}","templated":true}]}}