{"id":2339,"date":"2020-12-18T18:14:22","date_gmt":"2020-12-18T18:14:22","guid":{"rendered":"https:\/\/alleinerziehende-singles.de\/magazin\/?page_id=2339"},"modified":"2021-11-27T17:11:04","modified_gmt":"2021-11-27T17:11:04","slug":"ssw-schwangerschaftswoche-5","status":"publish","type":"page","link":"https:\/\/alleinerziehende-singles.de\/magazin\/ssw-schwangerschaftswoche-5\/","title":{"rendered":"Die Schwangerschaftswoche 5"},"content":{"rendered":"<p>In der 5. Schwangerschaftswoche zeigen sich die ersten Anzeichen, dass sich in der Geb\u00e4rmutter ein befruchtetes Ei eingenistet hat und ein Baby heranw\u00e4chst. Das Ausbleiben der Periode wird mit Spannung von Paaren mit Kinderwunsch erwartet. Jetzt ist der richtige Zeitpunkt einen Schwangerschaftstest zu machen, denn der Keimling produziert bereits das Schwangerschaftshormon HCG (humanes Choriongonadotropin), das im Urin der werdenden Mutter nachweisbar ist.<\/p>\n<h2>Entwicklung des Babys<\/h2>\n<p>Am Anfang der 5. SSW hat sich der Embryo in der Geb\u00e4rmutterschleimhaut eingenistet. Die beiden Keimbl\u00e4tter Ektoderm und Entoderm haben sich gebildet und es formt sich der Embryoblast durch Einst\u00fclpung von Ektodermzellen entlang der inneren Mittellinie. Zwischen den beiden Keimbl\u00e4ttern entsteht das dritte, mittlere Keimblatt, das Mesoderm und somit hat sich eine dreischichtige Zelle gebildet, aus der sich genetisch vorbestimmt K\u00f6rperteile und Organe entwickeln.<\/p>\n<p>In dem 1 Millimeter gro\u00dfen, wurmf\u00f6rmigen Gebilde beginnt bereits zu diesem fr\u00fchen Zeitpunkt die Organentwicklung. Aus der \u00e4u\u00dferen Schicht (Ektoderm) entstehen sp\u00e4ter z. B. die Augenlinsen, Haut, Haare und N\u00e4gel. Die mittlere Schicht (Mesoderm) ist die Basis f\u00fcr das Skelett, Nervensystem, Herz, Lunge, Darm, Geschlechtsorgane und Gehirn. Die inneren Organe, Lunge, Dr\u00fcsen und Verdauungssystem bilden sich aus der inneren Schicht (Entoderm).<\/p>\n<p>Bereits in diesem fr\u00fchen Stadium f\u00e4ngt das winzige Herz an zu schlagen und versorgt durch einen eigenen Kreislauf alle Organe des Embryos. Das Dottergelb ern\u00e4hrt den Embryo, bis die Plazenta in Kombination mit der heranwachsenden Nabelschnur die Versorgung \u00fcbernimmt.<\/p>\n<p><img loading=\"lazy\" decoding=\"async\" class=\"aligncenter size-large wp-image-2740\" src=\"https:\/\/alleinerziehende-singles.de\/magazin\/wp-content\/uploads\/2021\/11\/SSW-5-1024x544.jpg\" alt=\"schwangerschaftswoche 5\" width=\"648\" height=\"344\" srcset=\"https:\/\/alleinerziehende-singles.de\/magazin\/wp-content\/uploads\/2021\/11\/SSW-5-1024x544.jpg 1024w, https:\/\/alleinerziehende-singles.de\/magazin\/wp-content\/uploads\/2021\/11\/SSW-5-300x159.jpg 300w, https:\/\/alleinerziehende-singles.de\/magazin\/wp-content\/uploads\/2021\/11\/SSW-5-768x408.jpg 768w, https:\/\/alleinerziehende-singles.de\/magazin\/wp-content\/uploads\/2021\/11\/SSW-5-1536x816.jpg 1536w, https:\/\/alleinerziehende-singles.de\/magazin\/wp-content\/uploads\/2021\/11\/SSW-5.jpg 1833w\" sizes=\"auto, (max-width: 648px) 100vw, 648px\" \/><\/p>\n<h2>Das ist auf dem Ultraschall zu sehen<\/h2>\n<p>Am Anfang der 5. SSW ist auf dem Ultraschallbild noch nicht viel zu erkennen. Ein kleiner schwarzer Punkt, die Fruchtwasserh\u00f6hle mit einer Gr\u00f6\u00dfe von circa 4 Millimetern, ist der sichtbare Beweis der Schwangerschaft. Ein Embryo ist noch nicht sichtbar.<\/p>\n<p>In den n\u00e4chsten Tagen w\u00e4chst die Fruchtwasserh\u00f6hle auf circa 8 Millimeter heran und es k\u00f6nnen winzig wei\u00dfliche Flecken, die ersten embryonalen Strukturen, als ein stecknadelgro\u00dfes Zellh\u00e4ufchen erkennbar werden. Am Ende der 5. SSW, also am 21. Tag, ist der Embryo etwa 2 mm lang, ein Gewicht kann noch nicht ermittelt werden.<\/p>\n<h2>Die Gesundheit der Mutter<\/h2>\n<p>Es besteht kein Grund das normale Leben zu \u00e4ndern, sofern bisher ein gesunder Lebenswandel gef\u00fchrt wurde. In diese Zeit ben\u00f6tigt der K\u00f6rper etwas mehr Zuwendung, Pflege und Ruhe.<\/p>\n<p>Auch wenn sich in der 5. Schwangerschaftswoche noch kein B\u00e4uchlein w\u00f6lbt, arbeitet der weibliche K\u00f6rper auf Hochtouren. Das Schwangerschaftshormons Beta-hCG (humanes Choriongonadotropin), das von der befruchteten Eizelle gebildet wird, regt die Durchblutung der Geb\u00e4rmutterschleimhaut an, die Geb\u00e4rmutter w\u00e4chst und der Geb\u00e4rmuttermund wird durch einen Schleimpfropf verschlossen, der das Eindringen von Krankheitserregern verhindert und das ungeborene Kind sch\u00fctzt.<\/p>\n<p>Die hormonellen Ver\u00e4nderungen bringen die K\u00f6rperfunktionen oft durcheinander. Es ist nicht ungew\u00f6hnlich, dass z. B. Ziehen im Unterleib, generelles Unwohlsein, M\u00fcdigkeit oder Spannungsgef\u00fchl in den Br\u00fcsten auftreten. Weiterhin kann es zu nachstehenden Beschwerden kommen, die aber kein Grund zur Beunruhigung sind und ab der <a href=\"https:\/\/alleinerziehende-singles.de\/magazin\/ssw-schwangerschaftswoche-12\/\">12. Schwangerschaftswoche<\/a> vergehen:<\/p>\n<ul>\n<li>Verstopfte Nase<\/li>\n<li>Erbrechen<\/li>\n<li>Verstopfung<\/li>\n<li>Vermehrter Harndrang\/Speichelfluss<\/li>\n<li>Hei\u00dfhunger\/ungew\u00f6hnliche Essensgel\u00fcste<\/li>\n<li>Kopfschmerzen\/Schwindelgef\u00fchl<\/li>\n<li>Erh\u00f6hte K\u00f6rpertemperatur beim Aufwachen<\/li>\n<li>W\u00e4rmere Haut an Armen und Beinen<\/li>\n<li>Dunkelf\u00e4rbung der Brustwarzenh\u00f6fe.<\/li>\n<\/ul>\n<h2>Wenn Blutungen auftreten<\/h2>\n<p>Es ist durchaus m\u00f6glich, dass in der 5. SSW Schmierblutungen auftreten oder frisches Blut austritt. Meist ist die Ursache daf\u00fcr harmlos, es ist jedoch ratsam, besonders wenn Schmerzen dazu kommen, den Gyn\u00e4kologen aufzusuchen.<\/p>\n<p>Manchmal treten zu den regul\u00e4ren Zeiten der Periode trotzt bestehen der Schwangerschaft Blutungen auf, was kein Grund zur Beunruhigung ist.<\/p>\n<h2>Tipps f\u00fcr die Phase dieser SSW<\/h2>\n<p>Sicherlich wird der Gyn\u00e4kologen der werdenden Mutter vertrauensvoll mit all seinem Wissen zur Seite stehen. Eine liebevolle, erfahrene Hebamme ist als vertrauter Ansprechpartner unverzichtbar. Sie k\u00fcmmert sich, um die Schwangere wie eine gute Freundin und kann aufgrund ihrer qualifizierten Ausbildung und einem reichen Erfahrungsschatz medizinische und menschliche Probleme l\u00f6sen.<\/p>\n<p>Da gute Hebammen in einigen Gebieten schwer zu finden sind und sie auch nur eine bestimmte Anzahl von Schwangeren zu gleichen Zeit betreuen k\u00f6nnen, sollte bereits in der 5. SSW die Suche beginnen.<\/p>\n<h2>Medikamente oder andere Pr\u00e4parate<\/h2>\n<p>Medikamente oder Naturpr\u00e4parate sollen nur nach R\u00fccksprache mit dem Arzt eingenommen werden, um eventuelle Auswirkungen auf die Schwangerschaft und den Embryo zu vermeiden.<\/p>\n<p>Selbstverst\u00e4ndlich soll auf Alkohol, Nikotin und alle Arten von Drogen verzichtet werden, um Sch\u00e4digungen des ungeborenen Babys zu vermeiden. Orte mit stark belastenden Umwelteinfl\u00fcssen sind zu meiden.<\/p>\n<h2>Mangel an Fols\u00e4ure<\/h2>\n<p>Fols\u00e4ure ist ein B-Vitamin, was zur Entwicklung des Nervensystems des Embryos unerl\u00e4sslich ist. Durch eine fr\u00fche und kontinuierliche Einnahme k\u00f6nnen Neuralrohrfehlbildungen wie z. B. der genannter \u201eoffener R\u00fccken (Spina bifida)\u201c verhindert werden.<\/p>\n<p>Fols\u00e4ure ist sehr empfindlich und verliert bei falscher Lagerung ihre Wirkung. In gesunden Nahrungsmitteln wie Tomaten, Vollkornprodukten, Zitrusfr\u00fcchten und gr\u00fcnem Blattgem\u00fcse ist reichlich Fols\u00e4ure enthalten. Gerade im ersten Drittel der Schwangerschaft, bis zur <a href=\"https:\/\/alleinerziehende-singles.de\/magazin\/ssw-schwangerschaftswoche-12\/\">12. Schwangerschaftswoche<\/a>, sind Fols\u00e4ure-Tabletten als Erg\u00e4nzung zur gesunden Ern\u00e4hrung empfohlen, um das Wachstum und die Entwicklung des Embryos optimal zu f\u00f6rdern.<\/p>\n<h2>Essen und Trinken<\/h2>\n<p>Neben der gesunden Ern\u00e4hrung ist ausreichende Fl\u00fcssigkeitsaufnahme bedeutsam. Mindestens 2 Liter Mineralwasser, unges\u00fc\u00dfter Fr\u00fcchte- oder Kr\u00e4utertee oder verd\u00fcnnter Fruchtsaft sind angeraten.<\/p>\n<p>7. oder 8. Woche<br \/>\nFreudig wird die <a href=\"https:\/\/alleinerziehende-singles.de\/magazin\/ssw-schwangerschaftswoche-7\/\">7.<\/a> oder 8 Woche erwartet, da bei diesem Frauenarzttermin auf dem Ultraschallbild erstmals etwas zu sehen ist. Der Embryo ist in der <a href=\"https:\/\/alleinerziehende-singles.de\/magazin\/ssw-schwangerschaftswoche-8\/\">8. SSW<\/a> ca. 16 Millimeter gro\u00df und es sind Kopf und Herz mit dem Herzschlag zu erkennen.<\/p>\n<p><a href=\"https:\/\/alleinerziehende-singles.de\/magazin\/ssw-schwangerschaftswoche-1-4\/\">\u21d0 Zur\u00fcck zu SSW 1-4<\/a><br \/>\n<a href=\"https:\/\/alleinerziehende-singles.de\/magazin\/ssw-schwangerschaftswoche-6\/\">\u21d2 Weiter zu SSW 6<\/a><\/p>\n<p>&nbsp;<\/p>\n","protected":false},"excerpt":{"rendered":"<p>In der 5. Schwangerschaftswoche zeigen sich die ersten Anzeichen, dass sich in der Geb\u00e4rmutter ein befruchtetes Ei eingenistet hat und<\/p>\n","protected":false},"author":2,"featured_media":0,"parent":0,"menu_order":0,"comment_status":"closed","ping_status":"closed","template":"","meta":{"footnotes":""},"class_list":["post-2339","page","type-page","status-publish","hentry","comments-off"],"aioseo_notices":[],"_links":{"self":[{"href":"https:\/\/alleinerziehende-singles.de\/magazin\/wp-json\/wp\/v2\/pages\/2339","targetHints":{"allow":["GET"]}}],"collection":[{"href":"https:\/\/alleinerziehende-singles.de\/magazin\/wp-json\/wp\/v2\/pages"}],"about":[{"href":"https:\/\/alleinerziehende-singles.de\/magazin\/wp-json\/wp\/v2\/types\/page"}],"author":[{"embeddable":true,"href":"https:\/\/alleinerziehende-singles.de\/magazin\/wp-json\/wp\/v2\/users\/2"}],"replies":[{"embeddable":true,"href":"https:\/\/alleinerziehende-singles.de\/magazin\/wp-json\/wp\/v2\/comments?post=2339"}],"version-history":[{"count":5,"href":"https:\/\/alleinerziehende-singles.de\/magazin\/wp-json\/wp\/v2\/pages\/2339\/revisions"}],"predecessor-version":[{"id":2851,"href":"https:\/\/alleinerziehende-singles.de\/magazin\/wp-json\/wp\/v2\/pages\/2339\/revisions\/2851"}],"wp:attachment":[{"href":"https:\/\/alleinerziehende-singles.de\/magazin\/wp-json\/wp\/v2\/media?parent=2339"}],"curies":[{"name":"wp","href":"https:\/\/api.w.org\/{rel}","templated":true}]}}