{"id":2334,"date":"2020-12-15T14:26:28","date_gmt":"2020-12-15T14:26:28","guid":{"rendered":"https:\/\/alleinerziehende-singles.de\/magazin\/?page_id=2334"},"modified":"2021-11-27T17:05:39","modified_gmt":"2021-11-27T17:05:39","slug":"ssw-schwangerschaftswoche-10","status":"publish","type":"page","link":"https:\/\/alleinerziehende-singles.de\/magazin\/ssw-schwangerschaftswoche-10\/","title":{"rendered":"Die Schwangerschaftswoche 10"},"content":{"rendered":"<p>In der 10. Schwangerschaftswoche die M\u00fctter meist schon beruhigter, denn das Risiko einer Fehlgeburt sinkt erheblich. Die \u00dcbelkeit ist nahezu verschwunden und auch andere Symptome und Beschwerden, die die Anzeichen einer Schwangerschaft erschlie\u00dfen, verschwinden langsam. Hierzu geh\u00f6rt vor allem das Ziehen im Unterleib.<\/p>\n<h2>Die Entwicklung des Babys in der 10. Schwangerschaftswoche<\/h2>\n<p>Das Baby ist in der 10. Schwangerschaftswoche schon etwa 2,8 bis 3,1 Zentimeter gro\u00df. Dies entspricht der Gr\u00f6\u00dfe einer reifen Weintraube oder Erdbeere. Mit einem ungef\u00e4hren Gewicht von 4,5 bis 5,0 Gramm ist das Kind im Bauch der Mutter noch sehr leicht.<\/p>\n<p>Bei der Untersuchung kann im Ultraschall schon ein winzig kleiner Mensch erkannt werden. Das Bild zeigt den Kopf, welcher in diesem Stadium der Entwicklung im Verh\u00e4ltnis zum K\u00f6rper recht gro\u00df ist. W\u00e4hrend der 10. SSW hebt das Kind im Mutterleib stets seinen Kopf und kann sich in die L\u00e4nge strecken. Es bewegt sich h\u00e4ufiger, trotzdem sind diese Bewegungen noch unkoordiniert.<br \/>\nAm unteren Ende der Arme, an denen sich schon das Handgelenk ausgebildet hat, entwickeln sich nun die kleinen Finger mit den entsprechenden Gliedern. Die H\u00e4ute inmitten der Zehen und Fingern verschwinden bis zum Ende der 10. SSW ganz und Zeigefinger und Daumen trennen sich voneinander. So kann das Baby die Finger auch schon bald bewegen und es versucht, eine Faust bilden zu k\u00f6nnen. Dies ist eine der ersten Bewegungen mit dem K\u00f6rper, schon in dieser SSW eine Koordinierung erahnen l\u00e4sst.<\/p>\n<p>Durch die Auspr\u00e4gung der Fingergelenke beginnt f\u00fcr das Baby jetzt eine bedeutende Zeit in der Vorbereitung auf sein Leben au\u00dferhalb des Leibes der Mutter. Bald schon wird der \u00fcberlebenswichtige und nat\u00fcrliche Saugreflex bei dem Kind einsetzen. Diesen kann es trainieren, indem es am Daumen nuckelt.<br \/>\nDie Herzschl\u00e4ge sind schon jetzt so kr\u00e4ftig, dass diese von der Hebamme mit einem Dopton untersucht werden k\u00f6nnen. Wenn Zwillinge unterwegs sind, dann wird die Hebamme gleich zwei Herzen h\u00f6ren.<\/p>\n<p>Das Baby ist in der 10. Schwangerschaftswoche nicht mehr so empfindlich f\u00fcr eventuelle Fehlbildungen, welche durch Einfl\u00fcsse von au\u00dfen entstehen. Die h\u00e4ufigsten Fehlentwicklungen und Missbildungen entstehen bereits vor der 10. SSW. Damit sinkt jetzt zugleich das Risiko von Fehlgeburten. Aber ganz gebannt ist die Gefahr noch nicht. Mit der Beendigung der <a href=\"https:\/\/alleinerziehende-singles.de\/magazin\/ssw-schwangerschaftswoche-12\/\">12. Schwangerschaftswoche<\/a> ist diese kritische Phase \u00fcberstanden. Das Risiko einer Fehlgeburt wird dann immer niedriger.<\/p>\n<p>In der 10. SSW sind alle bedeutenden Organe im K\u00f6rperinneren angelegt und das Gehirn kann sich stetig weiterentwickeln. Die Nervenbahnen verfeinern und bilden sich, damit das Gehirn arbeiten und Reize empfangen kann. Ein bedeutender Reiz f\u00fcr das Kind ist vor allem das H\u00f6ren. Hierf\u00fcr bildet sich in der 10. SSW die \u00e4u\u00dfere Gestaltung des Ohres. Dies ist das Au\u00dfenohr. Diese Ohrmuschel besteht aus Knorpel und wirkt f\u00fcr akustische Wellen wie ein Trichter. Hierbei werden die verschiedenen T\u00f6ne gebildet und danach an das Gehirn geleitet.<br \/>\nJetzt sind alle lebensnotwendigen Organe angelegt und Baby wird nicht mehr als Embryo bezeichnet. Nun ist es ein F\u00f6tus.<\/p>\n<p><img loading=\"lazy\" decoding=\"async\" class=\"aligncenter size-large wp-image-2753\" src=\"https:\/\/alleinerziehende-singles.de\/magazin\/wp-content\/uploads\/2021\/11\/SSW10-1024x556.png\" alt=\"Schwangerschftswoche 10\" width=\"648\" height=\"352\" srcset=\"https:\/\/alleinerziehende-singles.de\/magazin\/wp-content\/uploads\/2021\/11\/SSW10-1024x556.png 1024w, https:\/\/alleinerziehende-singles.de\/magazin\/wp-content\/uploads\/2021\/11\/SSW10-300x163.png 300w, https:\/\/alleinerziehende-singles.de\/magazin\/wp-content\/uploads\/2021\/11\/SSW10-768x417.png 768w, https:\/\/alleinerziehende-singles.de\/magazin\/wp-content\/uploads\/2021\/11\/SSW10-1536x833.png 1536w, https:\/\/alleinerziehende-singles.de\/magazin\/wp-content\/uploads\/2021\/11\/SSW10.png 1854w\" sizes=\"auto, (max-width: 648px) 100vw, 648px\" \/><\/p>\n<p>&nbsp;<\/p>\n<p>&nbsp;<\/p>\n<h2>Das Wohlbefinden der Mutter in der 10. Schwangerschaftswoche<\/h2>\n<p>In der 10. Schwangerschaftswoche ist die Mitter schon beruhigter und befreiter, denn das Risiko der Fehlgeburt sinkt.<br \/>\nAllm\u00e4hlich geht es der Mutter gut und die Freude \u00fcber die bestehende Schwangerschaft w\u00e4chst t\u00e4glich mehr an. Manchmal kann sie es kaum fassen und ist wieder \u00fcbergl\u00fccklich. Die Kreativit\u00e4t und der Tatendrang steigen, mit der die Mutter schon bald genaue Pl\u00e4ne schmiedet und gedanklich die Wohnung f\u00fcr das Baby einrichtet.<\/p>\n<p>In den kommenden Wochen beginnt sich der K\u00f6rper mehr zu runden und die Frauen erleben die schwangerschaftsbedingte und normale Gewichtszunahme. Eine ausgewogene und gesunde Ern\u00e4hrung ist in der Schwangerschaft f\u00fcr die Weiterentwicklung des Babys und der Gesundheit sehr wichtig.<br \/>\nSchon in der zehnten Woche nimmt der Busen an seinem Volumen zu. Der erh\u00f6hte Spiegel der Hormone Progesteron und \u00d6strogen regt das D\u00fcsengewebe in der Brust zum Wachstum an.<\/p>\n<p>Wenn die Frau sich einen neuen BH zulegt, sollte sie darauf achten, dass die Schalen die Brust vollst\u00e4ndig umfassen und einen guten Halt geben. Zudem sollte der BH aus elastischem Material bestehen und der R\u00fcckenverschluss sollte zugleich mehrfach verstellbar sein. Der BH sollte nirgends einschneiden, aber auch nicht zu locker sitzen. Wie die Frau die Brust zus\u00e4tzlich pflegen kann, erf\u00e4hrt sie von der Hebamme oder vom Arzt.<\/p>\n<p>W\u00e4chst der Busen in der Schwangerschaft, muss sich die Haut an dieser Stelle ausdehnen. Dies ist sp\u00e4ter auch an den Oberschenkeln sowie am Bauch der Fall. Sie sollte fr\u00fchzeitig beginnen, die Stellen gro\u00dfz\u00fcgig mit geeigneten Cremes einzucremen regelm\u00e4\u00dfig zu massieren. Die Schwangerschaftsstreifen sind Risse in der Unterhaut, welche durch eine Dehnung entstehen. Die darunterliegenden Gef\u00e4\u00dfe scheinen hindurch und lassen die Streifen braunrot bis bl\u00e4ulich erscheinen. Nach der Geburt vernarben und verblassen diese Schwangerschaftsstreifen im Laufe der Zeit zwar, verschwinden allerdings nicht vollst\u00e4ndig.<\/p>\n<p>Die Frau kann k\u00f6nnen versuchen, Schwangerschaftsstreifen mit Zupfmassagen vorzubeugen. Die Technik kann sehr gut von der Hebamme oder dem Arzt erkl\u00e4rt werden. Hierzu kann der Bauch mit einem speziellen \u00d6l aus der Apotheke eingerieben werden.<\/p>\n<p><a href=\"https:\/\/alleinerziehende-singles.de\/magazin\/ssw-schwangerschaftswoche-9\/\">\u21d0 Zur\u00fcck zu SSW 9<\/a><br \/>\n<a href=\"https:\/\/alleinerziehende-singles.de\/magazin\/ssw-schwangerschaftswoche-11\/\">\u21d2 Weiter zu SSW 11<\/a><\/p>\n<p>&nbsp;<\/p>\n","protected":false},"excerpt":{"rendered":"<p>In der 10. Schwangerschaftswoche die M\u00fctter meist schon beruhigter, denn das Risiko einer Fehlgeburt sinkt erheblich. Die \u00dcbelkeit ist nahezu<\/p>\n","protected":false},"author":2,"featured_media":0,"parent":0,"menu_order":0,"comment_status":"closed","ping_status":"closed","template":"","meta":{"footnotes":""},"class_list":["post-2334","page","type-page","status-publish","hentry","comments-off"],"aioseo_notices":[],"_links":{"self":[{"href":"https:\/\/alleinerziehende-singles.de\/magazin\/wp-json\/wp\/v2\/pages\/2334","targetHints":{"allow":["GET"]}}],"collection":[{"href":"https:\/\/alleinerziehende-singles.de\/magazin\/wp-json\/wp\/v2\/pages"}],"about":[{"href":"https:\/\/alleinerziehende-singles.de\/magazin\/wp-json\/wp\/v2\/types\/page"}],"author":[{"embeddable":true,"href":"https:\/\/alleinerziehende-singles.de\/magazin\/wp-json\/wp\/v2\/users\/2"}],"replies":[{"embeddable":true,"href":"https:\/\/alleinerziehende-singles.de\/magazin\/wp-json\/wp\/v2\/comments?post=2334"}],"version-history":[{"count":5,"href":"https:\/\/alleinerziehende-singles.de\/magazin\/wp-json\/wp\/v2\/pages\/2334\/revisions"}],"predecessor-version":[{"id":2846,"href":"https:\/\/alleinerziehende-singles.de\/magazin\/wp-json\/wp\/v2\/pages\/2334\/revisions\/2846"}],"wp:attachment":[{"href":"https:\/\/alleinerziehende-singles.de\/magazin\/wp-json\/wp\/v2\/media?parent=2334"}],"curies":[{"name":"wp","href":"https:\/\/api.w.org\/{rel}","templated":true}]}}