{"id":2326,"date":"2020-12-15T14:18:18","date_gmt":"2020-12-15T14:18:18","guid":{"rendered":"https:\/\/alleinerziehende-singles.de\/magazin\/?page_id=2326"},"modified":"2021-11-27T17:07:57","modified_gmt":"2021-11-27T17:07:57","slug":"ssw-schwangerschaftswoche-8","status":"publish","type":"page","link":"https:\/\/alleinerziehende-singles.de\/magazin\/ssw-schwangerschaftswoche-8\/","title":{"rendered":"Die Schwangerschaftswoche 8"},"content":{"rendered":"<p>Eine Schwangerschaft ist f\u00fcr wohl fast jede Frau ein einzigartiges und sch\u00f6nes Erlebnis. Doch viele Frauen, gerade die, die ihr erstes Kind erwarten, sind mit der Schwangerschaft bereits etwas \u00fcberfordert. Was passiert in welcher <a href=\"https:\/\/alleinerziehende-singles.de\/magazin\/schwangerschaftswochen\/\">Schwangerschaftswoche<\/a> (SSW)? Wie ist die Entwicklung des Kindes in welcher Woche? Diese und noch weitere Fragen stellen sich so ziemlich alle Erstmamis. Jede SSW stellt f\u00fcr das Kind eine eigene Entwicklung dar und was in der achten Schwangerschaftswoche genau passiert lesen Sie hier.<\/p>\n<h2>Die Entwicklung des Babys<\/h2>\n<p>In der achten SSW kann es sein, dass Sie bereits ihr Kind sch\u00f6n sp\u00fcren k\u00f6nnen. Das liegt daran, dass die Anlagen von Armen und Beinen reflexartig anfangen k\u00f6nnen zu zucken. Das Baby ist bereits 12 mm lang und wiegt in etwa 0,5 g. Auch die Entwicklung der Extremit\u00e4ten schreitet immer weiter voran und somit entwickeln sich nun schon Ellbogen und Handplatten. Auch sind hier bereits die ersten Anzeichen der werdenden Finger zu erkennen.<\/p>\n<p>W\u00e4hrend der Kopf, im Gegensatz zum Rumpf, viel gr\u00f6\u00dfer erscheint, richten sich der Hals und der Rumpf allm\u00e4hlich auf. Die Augen und Ohren bilden sich immer weiter aus und die Augen sind bereits, wegen der schon vorhandenen Netzhautpigmente, als dunkle Punkte erkennbar. Am unteren Teil des Kopfes bilden sich kleine Vorw\u00f6lbungen, die sich sp\u00e4ter einmal zur Ohrmuschel formen werden. Auch das kleine Herz ver\u00e4ndert sich nach und nach. So schl\u00e4gt es in der achten SSW ca. 160 bis 180 Mal pro Minute. Zum Vergleich: Ein ausgewachsenes Herz schl\u00e4gt ca. 60 bis 80 Mal pro Minute.<\/p>\n<p><img loading=\"lazy\" decoding=\"async\" class=\"aligncenter size-large wp-image-2747\" src=\"https:\/\/alleinerziehende-singles.de\/magazin\/wp-content\/uploads\/2021\/11\/SSW-8-1024x565.png\" alt=\"Schwangerschaftswoche 8\" width=\"648\" height=\"358\" srcset=\"https:\/\/alleinerziehende-singles.de\/magazin\/wp-content\/uploads\/2021\/11\/SSW-8-1024x565.png 1024w, https:\/\/alleinerziehende-singles.de\/magazin\/wp-content\/uploads\/2021\/11\/SSW-8-300x166.png 300w, https:\/\/alleinerziehende-singles.de\/magazin\/wp-content\/uploads\/2021\/11\/SSW-8-768x424.png 768w, https:\/\/alleinerziehende-singles.de\/magazin\/wp-content\/uploads\/2021\/11\/SSW-8-1536x848.png 1536w, https:\/\/alleinerziehende-singles.de\/magazin\/wp-content\/uploads\/2021\/11\/SSW-8.png 1829w\" sizes=\"auto, (max-width: 648px) 100vw, 648px\" \/><\/p>\n<p>&nbsp;<\/p>\n<h2>Das ist bereits auf dem Ultraschall zu sehen<\/h2>\n<p>F\u00fcr viele Frauen beginnt in der achten Schwangerschaftswoche die Vorsorgeuntersuchung. Der erste von drei gro\u00dfen Ultraschalluntersuchungen wird meist zwischen der sechsten und der zehnten Woche gemacht. Die Gr\u00f6\u00dfe und der voraussichtliche Geburtstermin werden bei dieser Untersuchung ermittelt. Das Baby ist hier bereits in seiner vollen Pracht des Entwicklungsstadiums zu erkennen.<\/p>\n<h2>Die Gesundheit der Mutter<\/h2>\n<p>Nicht nur das Baby entwickelt sich immer mehr, sondern auch der K\u00f6rper der werdenden Mutter beginnt immer mehr sich den Ver\u00e4nderungen anzunehmen. Ersch\u00f6pfung und Atemnot treten in dieser Woche bei vielen Mamas auf, die sich auch nur minimal anstrengen. Das liegt daran, dass das Baby auch Sauerstoff ben\u00f6tigt und somit ein Teil der eingeatmeten Luft direkt dem Baby zur Verf\u00fcgung gestellt wird. Daf\u00fcr erh\u00f6ht sich das Blutvolumen, um die Sauerstoffmenge transportieren zu k\u00f6nnen. Auch kann es hier vorkommen, dass vermehrt Probleme mit dem Kreislauf auftreten k\u00f6nnen. Das ist eine Folge von der erh\u00f6hten Blutmenge. Durch diese werden die Gef\u00e4\u00dfe erweitert, damit mehr Blut durchflie\u00dfen kann, jedoch sickert hierbei auch schnell das Blut in die Peripherie. Weiterhin kann es vorkommen, dass Probleme beim Wasserlassen auftreten. Dadurch, dass die Geb\u00e4rmutter nach hinten r\u00fcckt kann es sein, dass sie auf die Harnr\u00f6hre dr\u00fcckt. Allseits bekannt ist auch, dass ab dieser Schwangerschaftswoche vermehrt \u00dcbelkeit eintritt.<\/p>\n<h2>Tipps f\u00fcr die Phase dieser SSW<\/h2>\n<p>F\u00fcr viele Frauen ist die achte Schwangerschaftswoche der Beginn der eigentlichen Schwangerschaft, da die vorherigen Wochen oftmals gar nicht mitbekommen werden. Umso wichtiger ist es, dass Sie sich jetzt an den Gedanken und an das neue Leben gew\u00f6hnen. Hierbei hilft es besonders, viel mit dem Partner zu reden und \u00fcber die \u00c4ngste und Gef\u00fchle zu sprechen. Schlie\u00dflich ist das eine ganz neue Situation f\u00fcr viele Paare. Weiterhin ist viel Ruhe und Erholung in dieser Zeit gefordert. Der K\u00f6rper ist kurz davor ein neues Lebewesen zu erschaffen und braucht daf\u00fcr immens viel Energie. Ausreichend Schlaf und Entspannung sind daher das A und O. Um der Atemnot entgegenzuwirken ist es ratsam, sich in dieser Zeit nicht zu \u00fcberanstrengen. Kurze Spazierg\u00e4nge und ausgiebige frische Luft sind jedoch vom Vorteil. Auch ist es wichtig, dass Sie viel Fl\u00fcssigkeit zu sich nehmen, um den Kreislaufproblemen entgegenzuwirken.<\/p>\n<p><a href=\"https:\/\/alleinerziehende-singles.de\/magazin\/ssw-schwangerschaftswoche-7\/\">\u21d0 Zur\u00fcck zu SSW 7<\/a><br \/>\n<a href=\"https:\/\/alleinerziehende-singles.de\/magazin\/ssw-schwangerschaftswoche-9\/\">\u21d2 Weiter zu SSW 9<\/a><\/p>\n<p>&nbsp;<\/p>\n","protected":false},"excerpt":{"rendered":"<p>Eine Schwangerschaft ist f\u00fcr wohl fast jede Frau ein einzigartiges und sch\u00f6nes Erlebnis. Doch viele Frauen, gerade die, die ihr<\/p>\n","protected":false},"author":2,"featured_media":0,"parent":0,"menu_order":0,"comment_status":"closed","ping_status":"closed","template":"","meta":{"footnotes":""},"class_list":["post-2326","page","type-page","status-publish","hentry","comments-off"],"aioseo_notices":[],"_links":{"self":[{"href":"https:\/\/alleinerziehende-singles.de\/magazin\/wp-json\/wp\/v2\/pages\/2326","targetHints":{"allow":["GET"]}}],"collection":[{"href":"https:\/\/alleinerziehende-singles.de\/magazin\/wp-json\/wp\/v2\/pages"}],"about":[{"href":"https:\/\/alleinerziehende-singles.de\/magazin\/wp-json\/wp\/v2\/types\/page"}],"author":[{"embeddable":true,"href":"https:\/\/alleinerziehende-singles.de\/magazin\/wp-json\/wp\/v2\/users\/2"}],"replies":[{"embeddable":true,"href":"https:\/\/alleinerziehende-singles.de\/magazin\/wp-json\/wp\/v2\/comments?post=2326"}],"version-history":[{"count":5,"href":"https:\/\/alleinerziehende-singles.de\/magazin\/wp-json\/wp\/v2\/pages\/2326\/revisions"}],"predecessor-version":[{"id":2848,"href":"https:\/\/alleinerziehende-singles.de\/magazin\/wp-json\/wp\/v2\/pages\/2326\/revisions\/2848"}],"wp:attachment":[{"href":"https:\/\/alleinerziehende-singles.de\/magazin\/wp-json\/wp\/v2\/media?parent=2326"}],"curies":[{"name":"wp","href":"https:\/\/api.w.org\/{rel}","templated":true}]}}