{"id":2320,"date":"2020-12-07T14:55:26","date_gmt":"2020-12-07T14:55:26","guid":{"rendered":"https:\/\/alleinerziehende-singles.de\/magazin\/?page_id=2320"},"modified":"2021-11-27T17:09:37","modified_gmt":"2021-11-27T17:09:37","slug":"ssw-schwangerschaftswoche-6","status":"publish","type":"page","link":"https:\/\/alleinerziehende-singles.de\/magazin\/ssw-schwangerschaftswoche-6\/","title":{"rendered":"Die Schwangerschaftswoche 6"},"content":{"rendered":"<h2>Alles was Sie \u00fcber die 6. Schwangerschaftswoche wissen m\u00fcssen<\/h2>\n<p>Eine Schwangerschaft ist immer aufregend f\u00fcr eine werdende Mutter. Ganz egal, ob es sich um die erste Schwangerschaft handelt oder nicht, jede Schwangerschaft ist anders und bleibt vom ersten Tag bis zur Geburt des Babys aufregend. Lesen Sie hier was in der 6. Schwangerschaftswoche passiert, wie sich das Baby in dieser Phase entwickelt, was man beim Ultraschall bereits sehen kann, wie sich die werdenden M\u00fctter in der 6. Schwangerschaftswoche f\u00fchlen und was Sie besonders beachten sollten\u2026<\/p>\n<h2>Die 6. Schwangerschaftswoche \u2013 Alles was Sie wissen m\u00fcssen<\/h2>\n<p>In dieser Woche passiert sehr viel, obwohl die Mutter dann noch nicht so viel davon mitkriegt. Am wichtigsten in dieser Phase ist die erste Ultraschalluntersuchung, die das Baby bereits erfassen k\u00f6nnen. Und so entwickelt sich das Baby in der 6. Schwangerschaftswoche\u2026<\/p>\n<h2>Entwicklung des Babys in der 6. Schwangerschaftswoche<\/h2>\n<p>In dieser <a href=\"https:\/\/alleinerziehende-singles.de\/magazin\/schwangerschaftswochen\/\">Schwangerschaftswoche<\/a> kann die werdende Mutter zwar die Bewegungen des Babys noch nicht sp\u00fcren, der Arzt kann aber schon einiges auf dem Ultraschall erkennen. Doch auch ertasten kann der Frauenarzt die Schwangerschaft in dieser Phase bereits.<\/p>\n<p>In der 6. SSW macht das Herz des ungeborenen Kindes die ersten Schl\u00e4ge. In dieser Woche wird das kleine Herz von den anfangs noch langsamen Schl\u00e4gen auf bis zu 100-200 Schl\u00e4ge pro Minute beschleunigen.<br \/>\n\u00dcberhaupt kommt es in der 6. SSW zu einer rasanten Ver\u00e4nderung im K\u00f6rper der Mutter und einem schnellen Wachstum im K\u00f6rper des Babys.<\/p>\n<p>Der Embryo w\u00e4chst jetzt sehr schnell und nimmt zum Ende der 6. SSW die Form eines kleinen W\u00fcrmchens an. Am oberen Ende ist der \u201egekr\u00fcmmte Wurm\u201c etwas dicker. Hier wird sich sp\u00e4ter der Kopf des Babys bilden.<\/p>\n<p>In der 6. Schwangerschaftswoche entsteht der Unterkiefer, der Mund nimmt langsam aber sicher seine Form an und die Stimmb\u00e4nder fangen an sich zu bilden.<br \/>\nJetzt fangen auch die Leber, der Darm, die Lunge und die Schilddr\u00fcse an sich zu bilden. Unglaublich ist, dass in der 6. SSW der Magen und sogar die Nieren bereits arbeiten. Der Magen bildet schon S\u00e4ure, w\u00e4hrend die Nieren bereits jetzt Urin ausscheiden.<\/p>\n<p><img loading=\"lazy\" decoding=\"async\" class=\"aligncenter size-large wp-image-2742\" src=\"https:\/\/alleinerziehende-singles.de\/magazin\/wp-content\/uploads\/2021\/11\/SSW-6-1024x541.jpg\" alt=\"Schwangerschaftswoche 6\" width=\"648\" height=\"342\" srcset=\"https:\/\/alleinerziehende-singles.de\/magazin\/wp-content\/uploads\/2021\/11\/SSW-6-1024x541.jpg 1024w, https:\/\/alleinerziehende-singles.de\/magazin\/wp-content\/uploads\/2021\/11\/SSW-6-300x159.jpg 300w, https:\/\/alleinerziehende-singles.de\/magazin\/wp-content\/uploads\/2021\/11\/SSW-6-768x406.jpg 768w, https:\/\/alleinerziehende-singles.de\/magazin\/wp-content\/uploads\/2021\/11\/SSW-6-1536x812.jpg 1536w, https:\/\/alleinerziehende-singles.de\/magazin\/wp-content\/uploads\/2021\/11\/SSW-6.jpg 1854w\" sizes=\"auto, (max-width: 648px) 100vw, 648px\" \/><\/p>\n<p>&nbsp;<\/p>\n<h2>Was man in der 6. Schwangerschaftswoche auf dem Ultraschall sieht<\/h2>\n<p>In dieser SSW sieht man die Schwangerschaft schon sehr eindeutig. Der Embryo erreicht in dieser Woche eine Gr\u00f6\u00dfe zwischen 2 und 4 Millimeter. Arme und Beine sieht man zwar noch nicht, die Anlagen kann man aber schon erahnen.<br \/>\nAuch zu erkennen ist in der 6. Schwangerschaftswoche der Pulsschlag in den Gef\u00e4\u00dfen der Nabelschnur.<\/p>\n<h2>Und was macht die Gesundheit der Mutter?<\/h2>\n<p>Die 6. Schwangerschaftswoche ist eine aufregende Zeit f\u00fcr die werdende Mutter. Das Baby w\u00e4chst rasant und im K\u00f6rper der Mama passieren ebenso viele Ver\u00e4nderungen. Es kann gut m\u00f6glich sein, dass in dieser Phase der Schwangerschaft starke \u00dcbelkeit aufkommt. Sie f\u00fchlen sich m\u00fcde, sind ununterbrochen ersch\u00f6pft und energielos. Der Mundraum und die Zunge k\u00f6nnen sich trocken und geschwollen anf\u00fchlen. Das ist aber kein Grund zur Sorge und in dieser SSW v\u00f6llig normal.<br \/>\nIm Mund breitet sich ein metallischer und etwas bitterer Geschmack aus. Die Schleimhaut ist trocken und Sie haben st\u00e4ndig verlangen nach Wasser oder Tee.<\/p>\n<p>Der Hormonhaushalt spielt in dieser Woche komplett verr\u00fcckt. Die Hormone HCG (Human-Choriongonadotropin), \u00d6strogen, Relaxin und Progesteron sorgen bei der werdenden Mutter f\u00fcr reichlich Stimmungsschwankungen. Das sollte Sie aber nicht st\u00f6ren. Jedes dieser Hormone ist sehr wichtig f\u00fcr eine gesunde Schwangerschaft.<\/p>\n<p>Das HCG verhindert, dass es w\u00e4hrend der Schwangerschaft zu weiteren Eispr\u00fcngen kommt. Man k\u00f6nnte sagen, dass dieses Hormon dem K\u00f6rper die Schwangerschaft suggeriert und eine Regelblutung verhindert.<\/p>\n<p>Das \u00d6strogen ist zust\u00e4ndig f\u00fcr die Br\u00fcste und deren Vorbereitung auf das Stillen.<\/p>\n<p>Das Relaxin entspannt das Bindegewebe und sorgt daf\u00fcr, dass es sp\u00e4ter elastisch genug ist.<\/p>\n<p>Durch Progesteron entspannt sich die Muskulatur der Geb\u00e4rmutter, was dem Baby erm\u00f6glicht, bequem zu liegen und ausreichend Platz zu schaffen.<\/p>\n<p>Der Geb\u00e4rmutterhals wird in der 6. SSW sp\u00fcrbar fester und weniger elastisch als vorher. Dadurch ist es dem Frauenarzt m\u00f6glich, die Schwangerschaft deutlich und zweifellos zu ertasten.<\/p>\n<h2>Tipps f\u00fcr die Phase dieser SSW<\/h2>\n<p>Da es sehr h\u00e4ufig zu starker \u00dcbelkeit kommt, sollten Sie Ihre erste Mahlzeit am Tag lieber im Bett einnehmen. Danach bleiben Sie etwa noch eine halbe Stunde liegen. Das kann helfen, die \u00dcbelkeit wenigstens etwas zu lindern.<\/p>\n<p>Essen Sie lieber mehrmals weniger, als einmal zu viel. Sie sollten auch darauf achten, gesund und ausgewogen zu essen.<\/p>\n<p>Bei den Gew\u00fcrzen sollten Sie in dieser Phase der Schwangerschaft lieber sparsam sein. Einige Gew\u00fcrze k\u00f6nnen die \u00dcbelkeit noch verst\u00e4rken.<br \/>\nIngwer hingegen ist immer gut. Essen Sie ihn frisch oder trinken Sie ihn als Tee.<\/p>\n<p>Wichtig ist, in dieser Phase der Schwangerschaft unbedingt einen Besuch beim Frauenarzt zu machen. Etwa 10-15% aller Schwangerschaften enden auch jetzt noch mit einer Fehlgeburt. Und obwohl man anfangs einen positiven Schwangerschaftstest hatte, kann es sich um eine Eileiterschwangerschaft oder andere Komplikationen handeln. Machen Sie deswegen unbedingt in der 6. Woche einen Termin bei Ihrem Frauenarzt, der per Ultraschalluntersuchung feststellen wird, ob mit dem Embryo und der Geb\u00e4rmutter alles in Ordnung ist.<\/p>\n<p><a href=\"https:\/\/alleinerziehende-singles.de\/magazin\/ssw-schwangerschaftswoche-5\/\">\u21d0 Zur\u00fcck zu SSW 5<\/a><br \/>\n<a href=\"https:\/\/alleinerziehende-singles.de\/magazin\/ssw-schwangerschaftswoche-7\/\">\u21d2 Weiter zu SSW 7<\/a><\/p>\n<p>&nbsp;<\/p>\n","protected":false},"excerpt":{"rendered":"<p>Alles was Sie \u00fcber die 6. Schwangerschaftswoche wissen m\u00fcssen Eine Schwangerschaft ist immer aufregend f\u00fcr eine werdende Mutter. Ganz egal,<\/p>\n","protected":false},"author":2,"featured_media":0,"parent":0,"menu_order":0,"comment_status":"closed","ping_status":"closed","template":"","meta":{"footnotes":""},"class_list":["post-2320","page","type-page","status-publish","hentry","comments-off"],"aioseo_notices":[],"_links":{"self":[{"href":"https:\/\/alleinerziehende-singles.de\/magazin\/wp-json\/wp\/v2\/pages\/2320","targetHints":{"allow":["GET"]}}],"collection":[{"href":"https:\/\/alleinerziehende-singles.de\/magazin\/wp-json\/wp\/v2\/pages"}],"about":[{"href":"https:\/\/alleinerziehende-singles.de\/magazin\/wp-json\/wp\/v2\/types\/page"}],"author":[{"embeddable":true,"href":"https:\/\/alleinerziehende-singles.de\/magazin\/wp-json\/wp\/v2\/users\/2"}],"replies":[{"embeddable":true,"href":"https:\/\/alleinerziehende-singles.de\/magazin\/wp-json\/wp\/v2\/comments?post=2320"}],"version-history":[{"count":5,"href":"https:\/\/alleinerziehende-singles.de\/magazin\/wp-json\/wp\/v2\/pages\/2320\/revisions"}],"predecessor-version":[{"id":2850,"href":"https:\/\/alleinerziehende-singles.de\/magazin\/wp-json\/wp\/v2\/pages\/2320\/revisions\/2850"}],"wp:attachment":[{"href":"https:\/\/alleinerziehende-singles.de\/magazin\/wp-json\/wp\/v2\/media?parent=2320"}],"curies":[{"name":"wp","href":"https:\/\/api.w.org\/{rel}","templated":true}]}}