{"id":2308,"date":"2020-12-06T07:44:22","date_gmt":"2020-12-06T07:44:22","guid":{"rendered":"https:\/\/alleinerziehende-singles.de\/magazin\/?page_id=2308"},"modified":"2021-11-24T06:26:11","modified_gmt":"2021-11-24T06:26:11","slug":"ssw-schwangerschaftswoche-1-4","status":"publish","type":"page","link":"https:\/\/alleinerziehende-singles.de\/magazin\/ssw-schwangerschaftswoche-1-4\/","title":{"rendered":"Die Schwangerschaftswoche 1\u20134"},"content":{"rendered":"<h2>Schwangerschaftswoche 1 &#8211; 4<\/h2>\n<p>Die 1. bis 4. Schwangerschaftswoche ist vor allem eines &#8211; der Beginn einer kleinen Ver\u00e4nderung in ihrem Leben, mit gro\u00dfen Folgen! Zu Beginn der Schwangerschaft merken zwar viele Frauen meist nur wenig, doch der K\u00f6rper l\u00e4uft bereits auf Hochtouren.<br \/>\nWie die Gesundheit der werdenden M\u00fctter optimal unterst\u00fctzt werden kann und alles \u00fcber die Entwicklung des Babys in der 1. bis 4. SSW erfahren Sie hier.<\/p>\n<h2>Die Entwicklung des Babys<\/h2>\n<p>Im Grunde dienen die erste und zweite Schwangerschaftswoche eher rechnerischen Zwecken. Die Befruchtung der Eizelle und damit die eigentliche Schwangerschaft erfolgt n\u00e4mlich meist erst zum Ende der zweiten oder Anfang der dritten SSW. F\u00fcr die Errechnung des Geburtstermins wird jedoch mit 40 Schwangerschaftswochen gerechnet und zwar ab dem Tag der letzten Periode.<\/p>\n<p>Die dritte und insbesondere die vierte SSW sind eine empfindliche Phase. Hier entscheidet sich, ob der Embryo sich einnisten wird und in der Geb\u00e4rmutterschleimhaut Halt findet &#8211; oder mit der n\u00e4chsten Regelblutung ausgeschieden wird. Sollte dies passieren, bekommen sie das in der Regel nicht mit.<br \/>\nNistet sich der Embryo jedoch erfolgreich ein, beginnt das Wachstum und die Schwangerschaft kann etwa ab der f\u00fcnften Schwangerschaftswoche per Tests nachgewiesen werden. H\u00e4ufig zeigen sich dann auch die ersten sp\u00fcrbaren Anzeichen. Die variieren von Frau zu Frau stark, daher ist das sicherste Zeichen noch immer ein Ausbleiben der n\u00e4chsten Periode oder eine Best\u00e4tigung vom Frauenarzt.<\/p>\n<p>Der kann im \u00dcbrigen w\u00e4hrend der ersten bis vierten SSW auf einem Ultraschall noch so gut wie gar nichts erkennen. Das kleine neue Leben wird erst im Laufe des zweiten Monats der Schwangerschaft f\u00fcr unsere Augen sichtbar. Im besten Fall w\u00fcrde man gegen Ende der vierten Schwangerschaftswoche eine Fruchth\u00f6hle erkennen.<\/p>\n<p><img loading=\"lazy\" decoding=\"async\" class=\"aligncenter size-large wp-image-2738\" src=\"https:\/\/alleinerziehende-singles.de\/magazin\/wp-content\/uploads\/2021\/11\/SSW-1-4-1024x554.png\" alt=\"Sschwangerschaftswochen 1-4\" width=\"648\" height=\"351\" srcset=\"https:\/\/alleinerziehende-singles.de\/magazin\/wp-content\/uploads\/2021\/11\/SSW-1-4-1024x554.png 1024w, https:\/\/alleinerziehende-singles.de\/magazin\/wp-content\/uploads\/2021\/11\/SSW-1-4-300x162.png 300w, https:\/\/alleinerziehende-singles.de\/magazin\/wp-content\/uploads\/2021\/11\/SSW-1-4-768x415.png 768w, https:\/\/alleinerziehende-singles.de\/magazin\/wp-content\/uploads\/2021\/11\/SSW-1-4-1536x830.png 1536w, https:\/\/alleinerziehende-singles.de\/magazin\/wp-content\/uploads\/2021\/11\/SSW-1-4.png 1844w\" sizes=\"auto, (max-width: 648px) 100vw, 648px\" \/><\/p>\n<h2>Die Gesundheit der Mutter<\/h2>\n<p>Die meisten Frauen bemerken in der Zeit der ersten bis vierten Schwangerschaftswoche noch gar keine Ver\u00e4nderungen ihrer Gesundheit. Da sich erst in der vierten SSW entscheidet, ob sich der Embryo \u00fcberhaupt halten kann, versp\u00fcren die Frauen wenn \u00fcberhaupt nur die normalen Menstruationsbeschwerden &#8211; und die sind genauso unterschiedlich wie die Frauen selbst.<\/p>\n<p>Ein h\u00e4ufig berichtetes Ph\u00e4nomen, das einige Frauen zwischen der 1. und 4. Schwangerschaftswoche feststellen, ist die sogenannte Einnistungsblutung.<br \/>\nViele werdende M\u00fctter erz\u00e4hlen von einer Art Schmierblutung oder nur einem Tropfen statt der normalen Periode. Es soll von der Einnistung des Embryos in die Geb\u00e4rmutterschleimhaut kommen. Dies ist jedoch nicht wissenschaftlich belegt.<br \/>\nGenerell gilt also &#8211; bei jeglichen Blutungen, die w\u00e4hrend einer Schwangerschaft oder einer vermuteten Schwangerschaft auftreten, besser den Frauenarzt konsultieren.<\/p>\n<p>Ein ebenfalls weit verbreitetes Anzeichen ist eine Erk\u00e4ltung oder ein Schnupfen zu Beginn der Schwangerschaft. Dies ist m\u00f6glicherweise darauf zur\u00fcckzuf\u00fchren, dass der K\u00f6rper durch die Umstellung leicht geschw\u00e4cht ist und somit anf\u00e4lliger f\u00fcr Infekte.<\/p>\n<p>Im Allgemeinen k\u00f6nnen bereits ab dem Zeitpunkt der Einnistung weitere Anzeichen einer Schwangerschaft auftreten. H\u00e4ufig sind Ziehen im Unterleib und allgemeines Unwohlsein oder M\u00fcdigkeit. Auch merken viele Frauen einen Abfall des Blutdrucks. Die allseits bekannte \u00dcbelkeit kann ebenfalls zum Begleiter werden, verschwindet aber oft nach dem ersten Trimester.<\/p>\n<h2>Wie kann die Gesundheit der werdenden Mutter unterst\u00fctzt werden?<\/h2>\n<p>Bereits vor Beginn der Schwangerschaft wird Frauen mit Kinderwunsch geraten, sich gesund zu ern\u00e4hren und auf einen allgemein gesunden Lebensstil zu achten. Sprich, im Idealfall wird auf Stoffe wie Nikotin, Alkohol oder andere sch\u00e4dliche Substanzen verzichtet und auch Sport f\u00f6rdert die Gesundheit.<br \/>\nZudem nehmen viele Frauen schon vor der bestehenden Schwangerschaft Pr\u00e4parate ein, die den K\u00f6rper gezielt mit N\u00e4hrstoffen versorgen, die f\u00fcr eine gesunde Schwangerschaft und die Empf\u00e4ngnis f\u00f6rderlich sind.<br \/>\nAllgemein bekannt ist der erh\u00f6hte Bedarf von Fols\u00e4ure. Es kann also nicht schaden, eventuell auch mit Absprache des Frauenarztes, die Ern\u00e4hrung ein wenig an den N\u00e4hrstoffbedarf anzupassen oder ein Vitamin B Pr\u00e4parat einzunehmen.<\/p>\n<p style=\"text-align: left;\">Hier geht es zur <a title=\"Die Schwangerschaftswoche 5\" href=\"https:\/\/alleinerziehende-singles.de\/magazin\/ssw-schwangerschaftswoche-5\/\">SSW 5<\/a><\/p>\n","protected":false},"excerpt":{"rendered":"<p>Schwangerschaftswoche 1 &#8211; 4 Die 1. bis 4. Schwangerschaftswoche ist vor allem eines &#8211; der Beginn einer kleinen Ver\u00e4nderung in<\/p>\n","protected":false},"author":2,"featured_media":0,"parent":0,"menu_order":0,"comment_status":"closed","ping_status":"closed","template":"","meta":{"footnotes":""},"class_list":["post-2308","page","type-page","status-publish","hentry","comments-off"],"aioseo_notices":[],"_links":{"self":[{"href":"https:\/\/alleinerziehende-singles.de\/magazin\/wp-json\/wp\/v2\/pages\/2308","targetHints":{"allow":["GET"]}}],"collection":[{"href":"https:\/\/alleinerziehende-singles.de\/magazin\/wp-json\/wp\/v2\/pages"}],"about":[{"href":"https:\/\/alleinerziehende-singles.de\/magazin\/wp-json\/wp\/v2\/types\/page"}],"author":[{"embeddable":true,"href":"https:\/\/alleinerziehende-singles.de\/magazin\/wp-json\/wp\/v2\/users\/2"}],"replies":[{"embeddable":true,"href":"https:\/\/alleinerziehende-singles.de\/magazin\/wp-json\/wp\/v2\/comments?post=2308"}],"version-history":[{"count":5,"href":"https:\/\/alleinerziehende-singles.de\/magazin\/wp-json\/wp\/v2\/pages\/2308\/revisions"}],"predecessor-version":[{"id":2739,"href":"https:\/\/alleinerziehende-singles.de\/magazin\/wp-json\/wp\/v2\/pages\/2308\/revisions\/2739"}],"wp:attachment":[{"href":"https:\/\/alleinerziehende-singles.de\/magazin\/wp-json\/wp\/v2\/media?parent=2308"}],"curies":[{"name":"wp","href":"https:\/\/api.w.org\/{rel}","templated":true}]}}