{"id":2015,"date":"2019-04-29T18:24:33","date_gmt":"2019-04-29T18:24:33","guid":{"rendered":"https:\/\/alleinerziehende-singles.de\/magazin\/?page_id=2015"},"modified":"2023-02-22T10:03:39","modified_gmt":"2023-02-22T10:03:39","slug":"kindergeld-auszahlungstermine","status":"publish","type":"page","link":"https:\/\/alleinerziehende-singles.de\/magazin\/kindergeld-auszahlungstermine\/","title":{"rendered":"Kindergeld Auszahlungstermine"},"content":{"rendered":"<p><!--more--><\/p>\n<h3>\u00dcberblick aller Auszahlungstermine nach Jahren<\/h3>\n<ul>\n\t<li><a href=\"https:\/\/alleinerziehende-singles.de\/magazin\/kindergeld-auszahlungstermine-2025\/\">Kindergeld Auszahlungstermine 2025<\/a><\/li>\n\t<li><a href=\"https:\/\/alleinerziehende-singles.de\/magazin\/kindergeld-auszahlungstermine-2024\/\">Kindergeld Auszahlungstermine 2024<\/a><\/li>\n\t<li><a href=\"https:\/\/alleinerziehende-singles.de\/magazin\/kindergeld-auszahlungstermine-2023\/\">Kindergeld Auszahlungstermine 2023<\/a><\/li>\n\t<li><a href=\"https:\/\/alleinerziehende-singles.de\/magazin\/kindergeld-auszahlungstermine-2022\/\">Kindergeld Auszahlungstermine 2022<\/a><\/li>\n\t<li><a href=\"https:\/\/alleinerziehende-singles.de\/magazin\/kindergeld-auszahlungstermine-2021\/\">Kindergeld Auszahlungstermine 2021<\/a><\/li>\n\t<li><a href=\"https:\/\/alleinerziehende-singles.de\/magazin\/kindergeld-auszahlungstermine-2020\/\">Kindergeld Auszahlungstermine 2020<\/a><\/li>\n\t<li><a href=\"https:\/\/alleinerziehende-singles.de\/magazin\/kindergeld-auszahlungstermine-2019\/\">Kindergeld Auszahlungstermine 2019<\/a><\/li>\n\t<li><a href=\"https:\/\/alleinerziehende-singles.de\/magazin\/kindergeld-auszahlungstermine-2018\/\">Kindergeld Auszahlungstermine 2018<\/a><\/li>\n\t<li><a href=\"https:\/\/alleinerziehende-singles.de\/magazin\/kindergeld-auszahlungstermine-2017\/\">Kindergeld Auszahlungstermine 2017<\/a><\/li>\n\t<li><a href=\"https:\/\/alleinerziehende-singles.de\/magazin\/kindergeld-auszahlungstermine-2016\/\">Kindergeld Auszahlungstermine 2016<\/a><\/li>\n<\/ul>\n<h3>Wonach richtet sich der Kindergeld Auszahlungstermin?<\/h3>\n<p>Die Familienkasse \u00fcberweist aus technischen Gr\u00fcnden die monatlichen Kindergeldbetr\u00e4ge nicht am<br \/>\nselben Tag, sondern gestaffelt. Zur Strukturierung der \u00dcberweisungen nutzt die Kasse die<br \/>\nEndziffern der Kindergeldnummern. Der Auszahlungstermin f\u00fcr das Kindergeld richtet sich nach<br \/>\nder Kindergeldnummer. Falls Sie bereits einen <a href=\"https:\/\/alleinerziehende-singles.de\/magazin\/kindergeldantrag\/\">Kindergeldantrag<\/a> bei der Familienkasse bewilligt<br \/>\nbekommen haben, wurde Ihnen automatisch eine Kindergeldnummer zugewiesen. Die Endziffer<br \/>\ndieser Kindergeldnummer ist ma\u00dfgeblich entscheidend dar\u00fcber, welcher \u00dcberweisungstermin f\u00fcr<br \/>\nSie zutrifft. Dabei gilt folgende Faustregel: je kleiner diese Ziffer ist, desto eher wird das<br \/>\nKindergeld im Monat durch die Familienkasse an Sie \u00fcberwiesen. Haben Sie also eine<br \/>\nKindergeldnummer mit der Endung 1, w\u00fcrde Ihre Zahlung direkt zu Beginn des Monats ausgezahlt<br \/>\nwerden. Haben sie hingegen eine Kindergeldnummer mit der Endziffer 9, wird sich Ihr<br \/>\nAuszahlungstermin am Ende eines Monats befinden. Sie k\u00f6nnen die Auszahlungstermine<br \/>\ntelefonisch unter 0800 4 555533 erfragen. Die Auszahlungstermine f\u00fcr das Jahr 2018 sind online zu<br \/>\nfinden. Die Auszahlungstermine f\u00fcr 2019 werden voraussichtlich Ende des Jahres 2018 von der<br \/>\nFamilienkasse bekannt gegeben. Einen Rechtsanspruch darauf, dass Ihnen dieser Betrag an einem<br \/>\nanderen Tag eines Monats ausgezahlt wird, haben Sie nicht.<br \/>\nSollte es sich bei Ihnen, als Kindergeldberechtigten, um einen Beamten oder Angestellten des<br \/>\n\u00f6ffentlichen Dienstes handeln, so erfolgt die Auszahlung des Kindergeldes nicht durch die<br \/>\nFamilienkasse. Das Kindergeld wird hier direkt von der Gehalts- bzw. Besoldungsstelle zusammen<br \/>\nmit dem monatlichen Gehalt ausgezahlt.<\/p>\n<h3>Wie bekomme ich die Kindergeldnummer raus?<\/h3>\n<p>Die Kindergeldnummer ist f\u00fcr den Kontakt jeglicher Art mit der Familienkasse wichtig. Sie<br \/>\nben\u00f6tigen Sie f\u00fcr jeden einzelnen <a href=\"https:\/\/alleinerziehende-singles.de\/magazin\/kindergeldantrag\/\">Kindergeldantrag<\/a>. Au\u00dferdem gilt sie als Referenznummer f\u00fcr den<br \/>\nMitarbeiter der Familienkasse. Das hei\u00dft, sollten Sie Fragen haben und diese via Telefon oder<br \/>\nSchriftverkehr kl\u00e4ren wollen, hilft die Kindergeldnummer die Kommunikation zwischen Ihnen und<br \/>\nder Kasse zu vereinfachen. Ihre Kindergeldnummer k\u00f6nnen Sie \u00fcber drei verschiedene Wege<br \/>\nherausfinden. Als erstes sollten Sie den Kindergeldbescheid \u00fcberpr\u00fcfen. Diesen erhalten Sie mit<br \/>\ndem ersten Bewilligungsbescheid. Eine weitere M\u00f6glichkeit ist Ihr pers\u00f6nlicher Kontoauszug.<br \/>\nWenn Sie bereits Kindergeldzahlungen erhalten haben, k\u00f6nnen sie in ihren Kontoausz\u00fcgen die<br \/>\nNummer in der Zahlungsbeschreibung dieser \u00dcberweisung finden. Dort steht FK f\u00fcr die<br \/>\nFamilienkasse, KG f\u00fcr Kindergeldnummer und dahinter die Nummer selbst. Die dritte Variante<br \/>\nw\u00e4re immer noch direkt auf der Familienkasse nachzufragen.<\/p>\n<h3>Wann ist das Kindergeld auf meinem Konto?<\/h3>\n<p>Zahlungen an Kindergeldberechtigte die eine Kindergeldnummer mit der Endziffer 0 oder 1<br \/>\nbesitzen stehen immer zu Beginn des Monats auf dem \u00dcberweisungsplan der Familienkasse. Im<br \/>\nweiteren Verlauf des Monats erfolgt die Auszahlung des Kindergeldes f\u00fcr die Endziffern 2 bis 7.<br \/>\n\u00dcberweisungen von Berechtigten mit einer Endziffer 8 und 9 werden erst im letzten Drittel des<br \/>\nMonats in Auftrag gegeben. Im Laufe dieses Zahlungstages wird das Kinderheld Ihrem Konto<br \/>\ngutgeschrieben und Sie k\u00f6nnen dar\u00fcber verf\u00fcgen. Generell sollte eine \u00dcberweisung am n\u00e4chsten<br \/>\nWerktag auf dem Konto des Empf\u00e4ngers sein. Dabei werden allerdings nur die \u00dcberweisungstage,<br \/>\nalso das Buchungsdatum, bei den Familienkassen geregelt. Der Eingang auf Ihrem Konto ist<br \/>\ndeswegen immer abh\u00e4ngig von anderen Faktoren. Wie zum Beispiel die Bearbeitung der<br \/>\n\u00dcberweisung durch Banken. Au\u00dferdem sollten Sie dabei auch ber\u00fccksichtigen, dass eventuell<br \/>\nWochenendtage oder Feiertage dazwischen liegen k\u00f6nnten.<\/p>\n","protected":false},"excerpt":{"rendered":"","protected":false},"author":2,"featured_media":1970,"parent":0,"menu_order":0,"comment_status":"closed","ping_status":"closed","template":"","meta":{"footnotes":""},"class_list":["post-2015","page","type-page","status-publish","has-post-thumbnail","hentry","comments-off"],"aioseo_notices":[],"_links":{"self":[{"href":"https:\/\/alleinerziehende-singles.de\/magazin\/wp-json\/wp\/v2\/pages\/2015","targetHints":{"allow":["GET"]}}],"collection":[{"href":"https:\/\/alleinerziehende-singles.de\/magazin\/wp-json\/wp\/v2\/pages"}],"about":[{"href":"https:\/\/alleinerziehende-singles.de\/magazin\/wp-json\/wp\/v2\/types\/page"}],"author":[{"embeddable":true,"href":"https:\/\/alleinerziehende-singles.de\/magazin\/wp-json\/wp\/v2\/users\/2"}],"replies":[{"embeddable":true,"href":"https:\/\/alleinerziehende-singles.de\/magazin\/wp-json\/wp\/v2\/comments?post=2015"}],"version-history":[{"count":2,"href":"https:\/\/alleinerziehende-singles.de\/magazin\/wp-json\/wp\/v2\/pages\/2015\/revisions"}],"predecessor-version":[{"id":3021,"href":"https:\/\/alleinerziehende-singles.de\/magazin\/wp-json\/wp\/v2\/pages\/2015\/revisions\/3021"}],"wp:featuredmedia":[{"embeddable":true,"href":"https:\/\/alleinerziehende-singles.de\/magazin\/wp-json\/wp\/v2\/media\/1970"}],"wp:attachment":[{"href":"https:\/\/alleinerziehende-singles.de\/magazin\/wp-json\/wp\/v2\/media?parent=2015"}],"curies":[{"name":"wp","href":"https:\/\/api.w.org\/{rel}","templated":true}]}}