{"id":2009,"date":"2018-10-24T10:57:08","date_gmt":"2018-10-24T10:57:08","guid":{"rendered":"https:\/\/alleinerziehende-singles.de\/magazin\/?page_id=2009"},"modified":"2018-10-24T11:44:05","modified_gmt":"2018-10-24T11:44:05","slug":"patchworkfamilien-fehler-koennen-teuer-sein","status":"publish","type":"page","link":"https:\/\/alleinerziehende-singles.de\/magazin\/patchworkfamilien-fehler-koennen-teuer-sein\/","title":{"rendered":"Patchworkfamilien &#8211; Fehler k\u00f6nnen teuer sein"},"content":{"rendered":"<h3><strong>Patchworkfamilien und das Kindergeld &#8211; Fehler k\u00f6nnen teuer sein<\/strong><\/h3>\n<p>Kinder sind nicht nur eine der sch\u00f6nsten Dinge in unserem Leben, sondern auch eine der teuersten Angelegenheiten, die es gibt. Als staatliche Unterst\u00fctzung bietet der Staat in diesem Kontext deshalb finanzielle Unterst\u00fctzungen an, wie beispielsweise durch einen Bezug des Kindergeldes. Das \u00fcbliche Kindergeld wird in klar abgestuften Kategorien gezahlt, die sich nach der Anzahl der Kinder richten. Der Staat richtet sich hier zun\u00e4chst nach dem Normalfall. Wenn die Eltern mit ihren Kindern zusammenleben und es hierbei zu keinen Trennungen oder \u00c4hnliches kommt.<\/p>\n<h3>Das Kindergeld<\/h3>\n<p>F\u00fcr das erste und das zweite Kind gibt es einen Betrag in H\u00f6he von 194,00 \u20ac, f\u00fcr das dritte Kind erh\u00e4lt man einen Betrag von 200,00 \u20ac und ab dem vierten Kind haben Familien ein Anrecht auf einen Betrag von 225,00 \u20ac. Diese Regelungen hierzu wirken zun\u00e4chst einfach. Sie werden erst komplizierter, wenn es zu Trennungssituationen der Eltern kommt und neue Partner mit weiteren Kindern in das Leben treten. In solchen F\u00e4llen gelten eine Reihe von Aspekten, die dringend zu beachten sind. Im nachfolgenden Beitrag wird die Thematik des Kindergeldbezugs in Patchworkfamilien n\u00e4her erl\u00e4utert und untersucht.<\/p>\n<h3>Die Z\u00e4hlkinder-Regelung<\/h3>\n<p>In sogenannten Patchworkfamilien greifen f\u00fcr die korrekte Berechnung des Kindergeldes unterschiedliche Ma\u00dfgaben, die beachtet werden m\u00fcssen. Eine sehr wichtige Regelung hierbei ist die sogenannte Z\u00e4hlkinder-Regelung. Wenn beispielsweise die Mutter gemeinsam getrennt vom Kindsvater mit dem gemeinsamen Kind lebt und einen neuen Partner hat, so erh\u00e4lt man weiter Kindergeld. Wenn der Kindsvater nun mit einer neuen Frau lebt und aus der Beziehung 2 weitere gemeinsame Kinder entstammen, so verl\u00e4uft die Kindergeldberechung anders. Denn f\u00fcr das Kind aus der ersten Beziehung hat der Vater keinen Anspruch auf Kindergeld, da das Kind bei der Mutter lebt. Somit gelten rein faktisch die 2 Kinder aus der darauffolgenden Beziehung f\u00fcr die Kindergeldberechnung als erstes und als zweites Kind. Es wird somit ein jeweiliger Betrag von 194,00 \u20ac ausgesch\u00fcttet. Da hier jedoch die Z\u00e4hlkinder-Regelung greift und der Vater 3 Kinder hat, wird das erste Kind mitgez\u00e4hlt. tats\u00e4chlich erh\u00e4lt man dann f\u00fcr die 2 Kinder aus der neuen Beziehung mehr Kindergeldanspruch, denn das erste Kind der neuen Beziehung gilt, als Kind Nummer 2 und das 2. Kind der neue Beziehung gilt von der Kindergeldberechnung als das 3. Kind. Somit hat man f\u00fcr das 3. Kind einen Anspruch auf 6,00 \u20ac mehr im Monat an Kindergeld.<\/p>\n<h3>Aufpassen muss man bei unverheirateten P\u00e4rchen<\/h3>\n<p>Beachten muss man in diesem Kontext immer, dass eine verwandtschaftliche Beziehung der Kinder gegeben ist. Das bedeutet die Kinder m\u00fcssen alle die gleiche Mutter oder den gleichen Vater haben. Dann ist zus\u00e4tzlich noch zu beachten, dass auch das entsprechend vereinigte Elternteil auch den Kindergeldantrag stellt, denn andernfalls kann eine Neueingruppierung des Kindergelds untersagt werden. Hierzu gibt es immer wieder einzelne Gerichtsverfahren etc., denn oftmals achten die Eltern bei der Beantragung nicht darauf, dass das Kindergeld dann auch auf den Namen der Mutter oder des Vaters der gemeinsamen Kinder gestellt wird. Es muss eine verwandtschaftliche Beziehung gegeben sein. Sollte das nicht der Fall sein, so gibt es auch hier keine Grundlage f\u00fcr einen erh\u00f6hten Anspruch auf Kindergeld.<\/p>\n<h3>Eine nachtr\u00e4gliche Fehlerbehebung ist m\u00f6glich<\/h3>\n<p>Sollten vor allem unverheiratete Eltern, hier einen Fehler gemacht haben, so ist das keine immense Problematik. Grunds\u00e4tzlich wird von der Familienkasse zwar der Kindergeldberechtigte bestimmt. Man kann hier jedoch zu jeder Zeit einen Wechsel initiieren. Hierzu ist nur ein gemeinsamer Antrag der Eltern notwendig, wenn das geschehen ist, so kann man komplikationslos de anderen Elternteil bei der Familienkasse benennen.<\/p>\n<h3><strong>Fazit<\/strong><\/h3>\n<p>Patchworkfamilien sind von ihrer eigenen Grunddynamik eine spannende Angelegenheit. Aber nicht nur die Eigendynamik in Patchworkfamilien ist spannend, auch die einzelnen rahmenrechtlichen Belange, allen voran die Kindergeldberechnung und der Kindergeldbezug. Hier sind einige Belange einzuhalten, die wichtig und nicht zu untersch\u00e4tzen sind.<\/p>\n","protected":false},"excerpt":{"rendered":"<p>Patchworkfamilien und das Kindergeld &#8211; Fehler k\u00f6nnen teuer sein Kinder sind nicht nur eine der sch\u00f6nsten Dinge in unserem Leben,<\/p>\n","protected":false},"author":2,"featured_media":2013,"parent":0,"menu_order":0,"comment_status":"closed","ping_status":"closed","template":"","meta":{"footnotes":""},"class_list":["post-2009","page","type-page","status-publish","has-post-thumbnail","hentry","comments-off"],"aioseo_notices":[],"_links":{"self":[{"href":"https:\/\/alleinerziehende-singles.de\/magazin\/wp-json\/wp\/v2\/pages\/2009","targetHints":{"allow":["GET"]}}],"collection":[{"href":"https:\/\/alleinerziehende-singles.de\/magazin\/wp-json\/wp\/v2\/pages"}],"about":[{"href":"https:\/\/alleinerziehende-singles.de\/magazin\/wp-json\/wp\/v2\/types\/page"}],"author":[{"embeddable":true,"href":"https:\/\/alleinerziehende-singles.de\/magazin\/wp-json\/wp\/v2\/users\/2"}],"replies":[{"embeddable":true,"href":"https:\/\/alleinerziehende-singles.de\/magazin\/wp-json\/wp\/v2\/comments?post=2009"}],"version-history":[{"count":2,"href":"https:\/\/alleinerziehende-singles.de\/magazin\/wp-json\/wp\/v2\/pages\/2009\/revisions"}],"predecessor-version":[{"id":2012,"href":"https:\/\/alleinerziehende-singles.de\/magazin\/wp-json\/wp\/v2\/pages\/2009\/revisions\/2012"}],"wp:featuredmedia":[{"embeddable":true,"href":"https:\/\/alleinerziehende-singles.de\/magazin\/wp-json\/wp\/v2\/media\/2013"}],"wp:attachment":[{"href":"https:\/\/alleinerziehende-singles.de\/magazin\/wp-json\/wp\/v2\/media?parent=2009"}],"curies":[{"name":"wp","href":"https:\/\/api.w.org\/{rel}","templated":true}]}}