{"id":1994,"date":"2018-10-15T19:02:37","date_gmt":"2018-10-15T19:02:37","guid":{"rendered":"https:\/\/alleinerziehende-singles.de\/magazin\/?page_id=1994"},"modified":"2018-10-15T19:02:37","modified_gmt":"2018-10-15T19:02:37","slug":"kindergeldantrag","status":"publish","type":"page","link":"https:\/\/alleinerziehende-singles.de\/magazin\/kindergeldantrag\/","title":{"rendered":"Der Kindergeldantrag"},"content":{"rendered":"<p><img loading=\"lazy\" decoding=\"async\" class=\"aligncenter size-full wp-image-1974\" src=\"https:\/\/alleinerziehende-singles.de\/magazin\/wp-content\/uploads\/2018\/10\/Der-Kindergeldantrag.jpg\" alt=\"Der Kindergeldantrag\" width=\"750\" height=\"500\" srcset=\"https:\/\/alleinerziehende-singles.de\/magazin\/wp-content\/uploads\/2018\/10\/Der-Kindergeldantrag.jpg 750w, https:\/\/alleinerziehende-singles.de\/magazin\/wp-content\/uploads\/2018\/10\/Der-Kindergeldantrag-300x200.jpg 300w\" sizes=\"auto, (max-width: 750px) 100vw, 750px\" \/><\/p>\n<h3>Alles Wissenswerte rund um den Kindergeldantrag<\/h3>\n<p>Deutschland gew\u00e4hrt als Sozialstaat viele Unterst\u00fctzungen, vor allem Familien profitieren von immer neuen F\u00f6rderungen, Geldern und Steuererleichterungen. Doch im Dickicht dieser Zuwendungen m\u00fcssen stets Formulare ausgef\u00fcllt und mit den richtigen Nachweisen best\u00fcckt werden, diese gehen dann bei den zust\u00e4ndigen Beh\u00f6rden ein &#8211; wenn denn das Dokument an die richtige adressiert wurde. F\u00fcr einige Angelegenheiten ist die Stadt zust\u00e4ndig, f\u00fcr andere die Familienkasse, wieder andere Unterlagen sollen an die Krankenkasse \u00fcbermittelt werden &#8211; die Liste an zu erledigenden Punkten, wenn ein Kind unterwegs ist, scheint schier unendlich.<\/p>\n<p>Eine der bekanntesten und wichtigsten F\u00f6rderungen f\u00fcr Familien ist das Kindergeld, das jede Familie pro Kind jeden Monat erh\u00e4lt. Doch um das Kindergeld ausbezahlt zu bekommen, m\u00fcssen auch bestimmte Richtlinien und Vorgaben beachtet werden. Im Folgenden finden Sie alle Informationen dazu, z. B. wie Sie Kindergeld beantragen k\u00f6nnen, welche Bedingungen daran gekn\u00fcpft sind, wer es erhalten darf sowie die Auszahlungsmodalit\u00e4ten.<\/p>\n<h3>Um was handelt es sich bei dem Kindergeld genau?<\/h3>\n<p>Das Kindergeld ist eine Leistung des Sozialstaats zur F\u00f6rderungen von Familien. Es wird unabh\u00e4ngig vom Einkommen allen Eltern gezahlt, im Falle einer Trennung der Eltern bekommt es der oder die Erziehungsberechtigte. Das Kindergeld wird im Normalfall vom ersten bis zum 18. Lebensjahr gezahlt, wenn das Kind sich anschlie\u00dfend in einer Ausbildung und\/ oder einem Studium befindet, wird das Kindergeld sp\u00e4testens bis zum 25. Lebensjahr gezahlt. Da es sich um eine F\u00f6rderung direkt f\u00fcr den Nachwuchs handelt, wird es zum Beispiel bei Harzt IV oder dem Arbeitslosengeld I nicht angerechnet.<\/p>\n<h3>Wer ist berechtigt, das Kindergeld zu erhalten?<\/h3>\n<p>Generell gilt es f\u00fcr alle Kinder, deren Eltern in Deutschland gemeldete Personen sind. In genaueren Gruppen w\u00e4ren das:<\/p>\n<ul>\n<li>alle deutschen B\u00fcrgerinnen und B\u00fcrger, die mit ihren Kindern hier leben<\/li>\n<li>deutsche Staatsangeh\u00f6rige, die im Ausland leben<\/li>\n<li>unter bestimmten Voraussetzungen ausl\u00e4ndische Staatsb\u00fcrger, die in Deutschland leben und arbeiten (auch wenn deren Kinder im Ausland leben, erhalten diese trotzdem Kindergeld)<\/li>\n<\/ul>\n<p>Generell gilt: F\u00fcr ein Kind kann immer nur eine Person Kindergeld erhalten, bei einer Trennung der Eltern wird das Geld also nicht zweimal \u00fcberwiesen oder zwischen den Elternteilen aufgeteilt. Mit der sogenannten &#8222;Berechtigten-Bestimmung&#8220; legen die Eltern in so einem Fall fest, wer in Zukunft dauerhaft das Kindergeld bekommen soll.<br \/>\nGesetzt dem Fall, dass die leiblichen Eltern nicht anwesend sind beziehungsweise sich nicht um das Kind k\u00fcmmern, k\u00f6nnen auch Pflege- oder Stiefeltern oder die Gro\u00dfeltern das Kindergeld erhalten, da sie sich um das Wohl ihrer Sch\u00fctzlinge k\u00fcmmern. Voraussetzung ist eine rechtsg\u00fcltige Vormundschaft f\u00fcr das Kind, die von einem Familiengericht zugesprochen werden muss.<\/p>\n<h3>Wie kann man das Kindergeld beantragen?<\/h3>\n<p>Um Kindergeld zu erhalten, muss man als Angestellter einen schriftlichen und formellen Antrag bei der zust\u00e4ndigen Beh\u00f6rde, der Familienkasse einreichen. Beamte des \u00f6ffentlichen Dienstes hingegen reichen einen entsprechenden Antrag bei ihrem Dienstherrn ein, dieser leitet ihn an die zust\u00e4ndige Stelle weiter.<br \/>\nDie Formulare stehen im Internet auf den Webseiten der jeweiligen Ministerien des Bundeslandes sowie bei der Seite der Agentur f\u00fcr Arbeit zum Download bereit. Alternativ kann auch ein Formular bei den Familienkassen angefordert werden.<br \/>\nWas weiterhin beim Antrag des Kindergeldes beachtet werden muss finden Sie im Folgenden:<\/p>\n<ul>\n<li>Die Bearbeitung und Bewilligung bei der zust\u00e4ndigen Kasse dauert etwa 1,5 &#8211; 2 Monate. Damit das Geld rechtzeitig nach der Geburt eintrifft, kann der Antrag bereits vor der Geburt gestellt werden, eine Best\u00e4tigung des Arztes \u00fcber den voraussichtlichen Geburtstermin wird beigelegt.<\/li>\n<li>Der Antrag auf Kindergeld ist jedoch erst vollst\u00e4ndig wirksam, wenn die Geburtsurkunde nach der Geburt nachgereicht worden ist. Diese sollte also so schnell wie m\u00f6glich bei der zust\u00e4ndigen Kasse abgegeben werden.<\/li>\n<li>Wurde der Antrag zu sp\u00e4t abgegeben und das Kind ist schon einige Monate auf der Welt, wird das Kindergeld r\u00fcckwirkend gezahlt (Voraussetzung ist die Vorlage der Geburtsurkunde). Dabei ist der genaue Tag des Monats unerheblich: Wurde ein Kind am 05. M\u00e4rz geboren, erhalten seine Eltern denselben Betrag wie die eines Kindes, das am 30. M\u00e4rz auf die Welt kam.<\/li>\n<li>Insgesamt kann das Kindergeld bis zu vier Jahre r\u00fcckwirkend beantragt werden. Nach Ablauf dieser vier Jahre verj\u00e4hrt der Anspruch jedoch und es werden nur noch die aktuell g\u00fcltigen Anspr\u00fcche ausbezahlt.<\/li>\n<\/ul>\n<p>Es gibt auch einige st\u00e4dtische und private Einrichtungen, die bei Bedarf beim Ausf\u00fcllen des Antrags f\u00fcr das Kindergeld zur Seite stehen und bei eventuellen Unsicherheiten beraten k\u00f6nnen. Diese Institutionen stehen im Internet oder k\u00f6nnen bei der Stadt erfragt werden, auch Gemeinden bietet ab und an Informationsabende zum Thema Kindergeld an.<\/p>\n","protected":false},"excerpt":{"rendered":"<p>Alles Wissenswerte rund um den Kindergeldantrag Deutschland gew\u00e4hrt als Sozialstaat viele Unterst\u00fctzungen, vor allem Familien profitieren von immer neuen F\u00f6rderungen,<\/p>\n","protected":false},"author":2,"featured_media":0,"parent":0,"menu_order":0,"comment_status":"closed","ping_status":"closed","template":"","meta":{"footnotes":""},"class_list":["post-1994","page","type-page","status-publish","hentry","comments-off"],"aioseo_notices":[],"_links":{"self":[{"href":"https:\/\/alleinerziehende-singles.de\/magazin\/wp-json\/wp\/v2\/pages\/1994","targetHints":{"allow":["GET"]}}],"collection":[{"href":"https:\/\/alleinerziehende-singles.de\/magazin\/wp-json\/wp\/v2\/pages"}],"about":[{"href":"https:\/\/alleinerziehende-singles.de\/magazin\/wp-json\/wp\/v2\/types\/page"}],"author":[{"embeddable":true,"href":"https:\/\/alleinerziehende-singles.de\/magazin\/wp-json\/wp\/v2\/users\/2"}],"replies":[{"embeddable":true,"href":"https:\/\/alleinerziehende-singles.de\/magazin\/wp-json\/wp\/v2\/comments?post=1994"}],"version-history":[{"count":1,"href":"https:\/\/alleinerziehende-singles.de\/magazin\/wp-json\/wp\/v2\/pages\/1994\/revisions"}],"predecessor-version":[{"id":1995,"href":"https:\/\/alleinerziehende-singles.de\/magazin\/wp-json\/wp\/v2\/pages\/1994\/revisions\/1995"}],"wp:attachment":[{"href":"https:\/\/alleinerziehende-singles.de\/magazin\/wp-json\/wp\/v2\/media?parent=1994"}],"curies":[{"name":"wp","href":"https:\/\/api.w.org\/{rel}","templated":true}]}}